{"id":90357,"date":"2025-07-10T22:52:28","date_gmt":"2025-07-10T20:52:28","guid":{"rendered":"https:\/\/popcards.nl\/?post_type=product&#038;p=90357"},"modified":"2026-03-12T15:42:47","modified_gmt":"2026-03-12T14:42:47","slug":"tarjeta-de-navidad-con-papa-noel-y-renos-en-el-bosque","status":"publish","type":"product","link":"https:\/\/popcards.nl\/es\/product\/kerstkaart-kerstman-rendieren-arrenslee-bos\/","title":{"rendered":"Hermosa tarjeta navide\u00f1a de Pap\u00e1 Noel con renos y trineo por el bosque nevado"},"content":{"rendered":"<p>Una preciosa tarjeta desplegable navide\u00f1a con mucho que explorar. La portada es de cartulina rojo intenso mate, recortada con una ilustraci\u00f3n circular de Pap\u00e1 Noel con renos y \u00e1rboles de Navidad. La ilustraci\u00f3n est\u00e1 pegada detr\u00e1s de la cartulina roja, lo que le da a la tarjeta un efecto \u00fanico. En el interior, una gran tarjeta desplegable doble representa una escena navide\u00f1a completa. El fondo de copos de nieve realza la atm\u00f3sfera de la tarjeta. Un hermoso paisaje con pinos, copos de nieve, un trineo con renos y regalos, perros y conejos, \u00e1rboles de Navidad y, por supuesto, el siempre alegre Pap\u00e1 Noel.<\/p>\n<p><a href=\"https:\/\/popcards.nl\/es\/categoria\/las-10-tarjetas-navidenas-mas-bonitas\/\">Popcards tiene muchas m\u00e1s hermosas tarjetas de Navidad emergentes.<\/a><\/p>\n<p>Tama\u00f1o de la tarjeta 25 \u00d7 17,5 cm, doblada a 12,5 \u00d7 17,5 cm.<br \/>\nIncluye sobre a juego, empaquetado en una bolsa de celof\u00e1n.<\/p>","protected":false},"excerpt":{"rendered":"<p>Een fraaie pop-up kaart voor de kerst, waar veel op te bekijken is. De omslag is van mat dieprood karton, waarin een ronde illustratie van een kerstman met rendieren en kerstbomen is uitgesneden. De illustratie is achter het rode karton geplakt, wat de kaart een bijzonder effect geeft. Binnen in de kerstkaart een grote dubbele [&hellip;]<\/p>\n","protected":false},"featured_media":90248,"comment_status":"open","ping_status":"closed","template":"","meta":{"_iconic_wsb_product_page_order_bump_ids":[[]],"_sku":["4805388563019"],"_iconic_wsb_product_page_bump_modal_ids":[[]]},"product_brand":[],"product_cat":[79],"product_tag":[131],"class_list":{"0":"post-90357","1":"product","2":"type-product","3":"status-publish","4":"has-post-thumbnail","6":"product_cat-de-top-10-mooiste-kerstkaarten","7":"product_tag-kerst","9":"first","10":"outofstock","11":"taxable","12":"shipping-taxable","13":"purchasable","14":"product-type-simple"},"gallery_images":[93704],"_links":{"self":[{"href":"https:\/\/popcards.nl\/es\/wp-json\/wp\/v2\/product\/90357","targetHints":{"allow":["GET"]}}],"collection":[{"href":"https:\/\/popcards.nl\/es\/wp-json\/wp\/v2\/product"}],"about":[{"href":"https:\/\/popcards.nl\/es\/wp-json\/wp\/v2\/types\/product"}],"replies":[{"embeddable":true,"href":"https:\/\/popcards.nl\/es\/wp-json\/wp\/v2\/comments?post=90357"}],"wp:featuredmedia":[{"embeddable":true,"href":"https:\/\/popcards.nl\/es\/wp-json\/wp\/v2\/media\/90248"}],"wp:attachment":[{"href":"https:\/\/popcards.nl\/es\/wp-json\/wp\/v2\/media?parent=90357"}],"wp:term":[{"taxonomy":"product_brand","embeddable":true,"href":"https:\/\/popcards.nl\/es\/wp-json\/wp\/v2\/product_brand?post=90357"},{"taxonomy":"product_cat","embeddable":true,"href":"https:\/\/popcards.nl\/es\/wp-json\/wp\/v2\/product_cat?post=90357"},{"taxonomy":"product_tag","embeddable":true,"href":"https:\/\/popcards.nl\/es\/wp-json\/wp\/v2\/product_tag?post=90357"}],"curies":[{"name":"gracias","href":"https:\/\/api.w.org\/{rel}","templated":true}]}}