{"id":90360,"date":"2025-07-10T23:00:26","date_gmt":"2025-07-10T21:00:26","guid":{"rendered":"https:\/\/popcards.nl\/?post_type=product&#038;p=90360"},"modified":"2026-01-02T16:50:08","modified_gmt":"2026-01-02T15:50:08","slug":"tarjeta-navidena-emergente-con-papa-noel-y-ciervo-en-la-nieve","status":"publish","type":"product","link":"https:\/\/popcards.nl\/es\/product\/kerstkaart-kerstman-sneeuw-hertje-pop-up-kaart\/","title":{"rendered":"Hermosa tarjeta navide\u00f1a de Pap\u00e1 Noel con mu\u00f1eco de nieve y ciervos en un paisaje invernal. Tarjeta desplegable."},"content":{"rendered":"<p>\u00a1Dale vida a la Navidad con esta original tarjeta desplegable! Una aut\u00e9ntica obra de arte, llena de detalles encantadores que te sorprender\u00e1n una y otra vez.<\/p>\n<p>Observa c\u00f3mo Pap\u00e1 Noel, con su saco de regalos, junto con un acogedor mu\u00f1eco de nieve, un ciervo juguet\u00f3n, un zorro escurridizo, una liebre curiosa, dos ardillas y un b\u00faho sabio, da vida a un cl\u00e1sico paisaje invernal. \u00c1rboles nevados y una farola nost\u00e1lgica completan la escena: \u00a1es como adentrarse en un cuento de Navidad!<\/p>\n<p>La portada de esta tarjeta est\u00e1 hecha de cartulina rojo intenso mate y presenta una elegante ilustraci\u00f3n recortada de Pap\u00e1 Noel con sus regalos. La ilustraci\u00f3n est\u00e1 pegada detr\u00e1s de la cartulina roja, lo que le da a la tarjeta un aspecto \u00fanico.<\/p>\n<p>Abre la tarjeta y te sorprender\u00e1 la gran ventana doble desplegable que revela una escena navide\u00f1a completa. El fondo nevado realza la atm\u00f3sfera invernal y convierte este dise\u00f1o en una verdadera pieza central para la repisa de la chimenea, el alf\u00e9izar o una mesa decorada para la ocasi\u00f3n.<br \/>\n<strong>Como beneficio adicional, encontrar\u00e1 un sobre rojo brillante en el interior con una tarjeta en blanco, perfecta para agregar su propio mensaje navide\u00f1o personal, totalmente de acuerdo con sus propios deseos.\u00a0<\/strong><\/p>\n<p>Elige una tarjeta navide\u00f1a que diga m\u00e1s que palabras y sorprende a tus seres queridos con esta hermosa tarjeta navide\u00f1a desplegable de Popcards. \u00a1Haz que tu felicitaci\u00f3n navide\u00f1a destaque y crea un recuerdo imborrable lleno de calidez y ambiente! <a href=\"https:\/\/popcards.nl\/es\/categoria\/las-10-tarjetas-navidenas-mas-bonitas\/\">Popcards tiene muchas m\u00e1s hermosas tarjetas de Navidad emergentes.<\/a><\/p>\n<p>Tama\u00f1o de la tarjeta 25 \u00d7 17,5 cm, doblada a 12,5 \u00d7 17,5 cm.<br \/>\nIncluye sobre a juego, empaquetado en una bolsa de celof\u00e1n.<\/p>","protected":false},"excerpt":{"rendered":"<p>Breng het kerstfeest tot leven met deze aparte pop-up kaart! Een waar kunstwerk, vol betoverende details waar je keer op keer nieuwe verrassingen in ontdekt. Zie hoe de kerstman met zijn zak cadeautjes, samen met een gezellige sneeuwpop, speelse herten, een sluipende vos, een nieuwsgierige haas, 2 eekhoorns en een wijze uil een klassiek winterlandschap [&hellip;]<\/p>\n","protected":false},"featured_media":90247,"comment_status":"open","ping_status":"closed","template":"","meta":{"_iconic_wsb_product_page_order_bump_ids":[[]],"_sku":["4805388549020"],"_iconic_wsb_product_page_bump_modal_ids":[[]]},"product_brand":[],"product_cat":[79],"product_tag":[131],"class_list":{"0":"post-90360","1":"product","2":"type-product","3":"status-publish","4":"has-post-thumbnail","6":"product_cat-de-top-10-mooiste-kerstkaarten","7":"product_tag-kerst","9":"first","10":"outofstock","11":"taxable","12":"shipping-taxable","13":"purchasable","14":"product-type-simple"},"gallery_images":[90246,93702],"_links":{"self":[{"href":"https:\/\/popcards.nl\/es\/wp-json\/wp\/v2\/product\/90360","targetHints":{"allow":["GET"]}}],"collection":[{"href":"https:\/\/popcards.nl\/es\/wp-json\/wp\/v2\/product"}],"about":[{"href":"https:\/\/popcards.nl\/es\/wp-json\/wp\/v2\/types\/product"}],"replies":[{"embeddable":true,"href":"https:\/\/popcards.nl\/es\/wp-json\/wp\/v2\/comments?post=90360"}],"wp:featuredmedia":[{"embeddable":true,"href":"https:\/\/popcards.nl\/es\/wp-json\/wp\/v2\/media\/90247"}],"wp:attachment":[{"href":"https:\/\/popcards.nl\/es\/wp-json\/wp\/v2\/media?parent=90360"}],"wp:term":[{"taxonomy":"product_brand","embeddable":true,"href":"https:\/\/popcards.nl\/es\/wp-json\/wp\/v2\/product_brand?post=90360"},{"taxonomy":"product_cat","embeddable":true,"href":"https:\/\/popcards.nl\/es\/wp-json\/wp\/v2\/product_cat?post=90360"},{"taxonomy":"product_tag","embeddable":true,"href":"https:\/\/popcards.nl\/es\/wp-json\/wp\/v2\/product_tag?post=90360"}],"curies":[{"name":"gracias","href":"https:\/\/api.w.org\/{rel}","templated":true}]}}