{"id":92584,"date":"2025-09-16T14:15:09","date_gmt":"2025-09-16T12:15:09","guid":{"rendered":"https:\/\/popcards.nl\/?post_type=product&#038;p=92584"},"modified":"2026-03-18T22:29:56","modified_gmt":"2026-03-18T21:29:56","slug":"hermosa-tarjeta-navidena-emergente-decorada-con-bola-navidena","status":"publish","type":"product","link":"https:\/\/popcards.nl\/es\/product\/prachtige-pop-up-kerstkaart-versierde-kerstbal\/","title":{"rendered":"Hermosa tarjeta navide\u00f1a emergente con bola navide\u00f1a decorada"},"content":{"rendered":"<p>Sorprenda a familiares, amigos o compa\u00f1eros de trabajo con esta preciosa tarjeta navide\u00f1a desplegable de Popcards. El anverso presenta una elegante bola roja con copos de nieve y un lazo verde, y al abrirla, emerge una impresionante bola 3D rodeada de acebo, ramas de pino y flores navide\u00f1as.<\/p>\n<p>Esta tarjeta navide\u00f1a con un impresionante efecto desplegable es m\u00e1s que una simple tarjeta; tambi\u00e9n es un elemento festivo que el destinatario guardar\u00e1 y exhibir\u00e1 como decoraci\u00f3n navide\u00f1a. Perfecta para que tu felicitaci\u00f3n navide\u00f1a sea a\u00fan m\u00e1s especial.<\/p>\n<p><strong>Caracter\u00edsticas<\/strong><\/p>\n<ul>\n<li>Tarjeta navide\u00f1a emergente 3D de lujo de alta calidad<\/li>\n<li>Frente con bola navide\u00f1a festiva y el texto Felices Fiestas<\/li>\n<li>Dentro de una impresionante bola navide\u00f1a roja en 3D, con un lazo verde<\/li>\n<li>Se puede enviar como correo postal con solo 1 sello de PostNL de diciembre<\/li>\n<\/ul>\n<p>Ya sea que est\u00e9s buscando una tarjeta navide\u00f1a original para la familia, una tarjeta especial para amigos o una tarjeta lujosa para sorprender a tus contactos comerciales: esta tarjeta emergente con adornos navide\u00f1os seguro que ser\u00e1 un \u00e9xito.<\/p>\n<p>\u00a1Dale a tus deseos navide\u00f1os un aspecto festivo e inolvidable con las tarjetas navide\u00f1as Popcard!<\/p>\n<p>Tama\u00f1o de la tarjeta 26 \u00d7 18 cm, doblada a 13 \u00d7 18 cm.<br \/>\nIncluye sobre a juego, empaquetado en una bolsa de celof\u00e1n.<\/p>","protected":false},"excerpt":{"rendered":"<p>Verras familie, vrienden of collega\u2019s met deze schitterende pop-up kerstkaart van Popcards. Op de voorzijde prijkt een stijlvolle rode kerstbal met sneeuwvlokken en groene strik, terwijl bij het openen een indrukwekkende 3D kerstbal omhoog komt, omringd door hulst, dennentakken en feestelijke kerst bloemen. Deze kerstkaart met schitterend pop-up effect is niet alleen een kaart, maar [&hellip;]<\/p>\n","protected":false},"featured_media":92564,"comment_status":"open","ping_status":"closed","template":"","meta":{"_iconic_wsb_product_page_order_bump_ids":[[]],"_sku":["4805388558015"],"_iconic_wsb_product_page_bump_modal_ids":[[]]},"product_brand":[],"product_cat":[79],"product_tag":[131],"class_list":{"0":"post-92584","1":"product","2":"type-product","3":"status-publish","4":"has-post-thumbnail","6":"product_cat-de-top-10-mooiste-kerstkaarten","7":"product_tag-kerst","9":"first","10":"outofstock","11":"taxable","12":"shipping-taxable","13":"purchasable","14":"product-type-simple"},"gallery_images":[93699],"_links":{"self":[{"href":"https:\/\/popcards.nl\/es\/wp-json\/wp\/v2\/product\/92584","targetHints":{"allow":["GET"]}}],"collection":[{"href":"https:\/\/popcards.nl\/es\/wp-json\/wp\/v2\/product"}],"about":[{"href":"https:\/\/popcards.nl\/es\/wp-json\/wp\/v2\/types\/product"}],"replies":[{"embeddable":true,"href":"https:\/\/popcards.nl\/es\/wp-json\/wp\/v2\/comments?post=92584"}],"wp:featuredmedia":[{"embeddable":true,"href":"https:\/\/popcards.nl\/es\/wp-json\/wp\/v2\/media\/92564"}],"wp:attachment":[{"href":"https:\/\/popcards.nl\/es\/wp-json\/wp\/v2\/media?parent=92584"}],"wp:term":[{"taxonomy":"product_brand","embeddable":true,"href":"https:\/\/popcards.nl\/es\/wp-json\/wp\/v2\/product_brand?post=92584"},{"taxonomy":"product_cat","embeddable":true,"href":"https:\/\/popcards.nl\/es\/wp-json\/wp\/v2\/product_cat?post=92584"},{"taxonomy":"product_tag","embeddable":true,"href":"https:\/\/popcards.nl\/es\/wp-json\/wp\/v2\/product_tag?post=92584"}],"curies":[{"name":"gracias","href":"https:\/\/api.w.org\/{rel}","templated":true}]}}