{"id":92591,"date":"2025-09-16T15:24:10","date_gmt":"2025-09-16T13:24:10","guid":{"rendered":"https:\/\/popcards.nl\/?post_type=product&#038;p=92591"},"modified":"2026-01-02T16:50:08","modified_gmt":"2026-01-02T15:50:08","slug":"tarjeta-emergente-tarjeta-navidena-3d-arbol-de-navidad","status":"publish","type":"product","link":"https:\/\/popcards.nl\/es\/product\/pop-up-kaart-3d-kerstkaart-kerstboom\/","title":{"rendered":"Tarjeta navide\u00f1a desplegable con \u00e1rbol de Navidad: tarjeta de felicitaci\u00f3n 3D de lujo"},"content":{"rendered":"<p>Haz que las fiestas sean a\u00fan m\u00e1s especiales con esta hermosa tarjeta navide\u00f1a desplegable de Popcards, que presenta un \u00e1rbol de Navidad. El anverso presenta un encantador \u00e1rbol de Navidad lleno de adornos de colores, velas y regalos. Al abrirlo, se despliega un impresionante \u00e1rbol de Navidad en 3D, con adornos, adornos brillantes, serpentinas, velas y un adorno dorado.<\/p>\n<p>Esta exclusiva tarjeta navide\u00f1a en 3D es m\u00e1s que una simple tarjeta; tambi\u00e9n es una decoraci\u00f3n festiva que sin duda alegrar\u00e1 a quien la reciba. Perfecta para colocarla en la repisa de la chimenea, el alf\u00e9izar de la ventana o la mesa festiva durante las fiestas.<\/p>\n<p><strong>Caracter\u00edsticas<\/strong><\/p>\n<ul>\n<li>Lujosa tarjeta navide\u00f1a emergente de calidad resistente.<\/li>\n<li>Frente con un atmosf\u00e9rico \u00e1rbol de Navidad y regalos.<\/li>\n<li>Dentro de un impresionante \u00e1rbol de Navidad en 3D con bolas, guirnaldas, velas y un adorno.<\/li>\n<li>Se puede enviar como correo postal con solo 1 sello de PostNL de diciembre<\/li>\n<li>Ideal como tarjeta navide\u00f1a original para familiares, amigos o relaciones comerciales.<\/li>\n<\/ul>\n<p>Con esta tarjeta navide\u00f1a desplegable, no solo enviar\u00e1s una c\u00e1lida felicitaci\u00f3n navide\u00f1a, sino tambi\u00e9n un recuerdo imborrable que lucir\u00e1s con orgullo. \u00a1Regala un mensaje navide\u00f1o inolvidable este a\u00f1o con esta lujosa tarjeta navide\u00f1a 3D desplegable de Popcards! \ud83c\udf84<\/p>\n<p>Tama\u00f1o de la tarjeta 30 \u00d7 15 cm, plegada a 15 \u00d7 15 cm.<br \/>\nIncluye sobre a juego, empaquetado en una bolsa de celof\u00e1n.<\/p>","protected":false},"excerpt":{"rendered":"<p>Maak de feestdagen extra bijzonder met deze prachtige pop-up kerstkaart met kerstboom van Popcards. Op de voorzijde staat een sfeervolle kerstboom vol kleurrijke kerstballen, kaarsjes en cadeautjes eronder. Bij het openen ontvouwt zich een indrukwekkende 3D kerstboom compleet met versieringen, glimmende ballen, slingers, kaarsjes en een gouden piek. Deze unieke 3D kerstkaart is niet alleen [&hellip;]<\/p>\n","protected":false},"featured_media":92562,"comment_status":"open","ping_status":"closed","template":"","meta":{"_iconic_wsb_product_page_order_bump_ids":[[]],"_sku":["4805388549013"],"_iconic_wsb_product_page_bump_modal_ids":[[]]},"product_brand":[],"product_cat":[79],"product_tag":[131],"class_list":{"0":"post-92591","1":"product","2":"type-product","3":"status-publish","4":"has-post-thumbnail","6":"product_cat-de-top-10-mooiste-kerstkaarten","7":"product_tag-kerst","9":"first","10":"outofstock","11":"taxable","12":"shipping-taxable","13":"purchasable","14":"product-type-simple"},"gallery_images":[93697],"_links":{"self":[{"href":"https:\/\/popcards.nl\/es\/wp-json\/wp\/v2\/product\/92591","targetHints":{"allow":["GET"]}}],"collection":[{"href":"https:\/\/popcards.nl\/es\/wp-json\/wp\/v2\/product"}],"about":[{"href":"https:\/\/popcards.nl\/es\/wp-json\/wp\/v2\/types\/product"}],"replies":[{"embeddable":true,"href":"https:\/\/popcards.nl\/es\/wp-json\/wp\/v2\/comments?post=92591"}],"wp:featuredmedia":[{"embeddable":true,"href":"https:\/\/popcards.nl\/es\/wp-json\/wp\/v2\/media\/92562"}],"wp:attachment":[{"href":"https:\/\/popcards.nl\/es\/wp-json\/wp\/v2\/media?parent=92591"}],"wp:term":[{"taxonomy":"product_brand","embeddable":true,"href":"https:\/\/popcards.nl\/es\/wp-json\/wp\/v2\/product_brand?post=92591"},{"taxonomy":"product_cat","embeddable":true,"href":"https:\/\/popcards.nl\/es\/wp-json\/wp\/v2\/product_cat?post=92591"},{"taxonomy":"product_tag","embeddable":true,"href":"https:\/\/popcards.nl\/es\/wp-json\/wp\/v2\/product_tag?post=92591"}],"curies":[{"name":"gracias","href":"https:\/\/api.w.org\/{rel}","templated":true}]}}