{"id":92604,"date":"2025-09-16T15:52:51","date_gmt":"2025-09-16T13:52:51","guid":{"rendered":"https:\/\/popcards.nl\/?post_type=product&#038;p=92604"},"modified":"2026-04-25T14:56:09","modified_gmt":"2026-04-25T12:56:09","slug":"tarjeta-emergente-de-aniversario-de-cumpleanos-de-50-anos","status":"publish","type":"product","link":"https:\/\/popcards.nl\/es\/product\/verjaardag-jubileum-50-jaar-pop-up-kaart\/","title":{"rendered":"Cumplea\u00f1os Aniversario 50 a\u00f1os Felicitaci\u00f3n emergente tarjeta de felicitaci\u00f3n"},"content":{"rendered":"<p><strong>Tarjeta 50 a\u00f1os con numeros grandes.\u00a0<\/strong>\u00a1Feliz cumplea\u00f1os! O un aniversario impresionante. Entonces esta hermosa Popcard colorida es un regalo especial y sorprendente. Despu\u00e9s de todo, no tienes una segunda oportunidad para celebrar 50 a\u00f1os.\u00a0<a href=\"https:\/\/popcards.nl\/es\/mapa-2\/cumpleanos-aniversario-40-anos-tarjeta-de-felicitacion-emergente\/\">Tambi\u00e9n tenemos una Popcard de 40 a\u00f1os<\/a>.\u00a0<a href=\"https:\/\/popcards.nl\/es\/product\/cumpleanos-aniversario-60-anos-tarjeta-de-felicitacion-emergente\/\">Tambi\u00e9n una Popcard de 60 a\u00f1os<\/a>.\u00a0<a href=\"https:\/\/popcards.nl\/es\/categoria\/felicitaciones-y-tarjetas-de-cumpleanos\/\">\u00a1Y muchas m\u00e1s tarjetas de felicitaci\u00f3n y cumplea\u00f1os!<\/a><\/p>\n<p>Tama\u00f1o de la tarjeta 26 x 18 cm, plegada a 13 x 18 cm.<\/p>\n<p>Incluye sobre en blanco a juego, empacado en una bolsa de celof\u00e1n.<\/p>","protected":false},"excerpt":{"rendered":"<p>50 jaar kaart met grote cijfers.\u00a0Hoera, jarig! Of een indrukwekkend jubileum. Dan is deze mooie kleurrijke Popcard een bijzonder en verrassend cadeautje. Je krijgt tenslotte geen tweede kans om 50 jaar te vieren.\u00a0We hebben ook een 40 jaar Popcard.\u00a0Tevens een 60 jaar Popcard.\u00a0En nog veel meer felicitatiekaarten en verjaardagskaarten! Kaartformaat 26 x 18 cm, gevouwen [&hellip;]<\/p>\n","protected":false},"featured_media":89431,"comment_status":"open","ping_status":"closed","template":"","meta":{"_iconic_wsb_product_page_order_bump_ids":[[]],"_sku":["4805388554277"],"_iconic_wsb_product_page_bump_modal_ids":[[]]},"product_brand":[],"product_cat":[34,57],"product_tag":[242,137],"class_list":{"0":"post-92604","1":"product","2":"type-product","3":"status-publish","4":"has-post-thumbnail","6":"product_cat-felicitatie-verjaardag-verjaardagskaarten","7":"product_cat-uitnodigingen-uitnodigingskaarten-verjaardag-jubileum","8":"product_tag-jubileum","9":"product_tag-verjaardag","11":"first","12":"instock","13":"taxable","14":"shipping-taxable","15":"purchasable","16":"product-type-simple"},"gallery_images":[89432],"_links":{"self":[{"href":"https:\/\/popcards.nl\/es\/wp-json\/wp\/v2\/product\/92604","targetHints":{"allow":["GET"]}}],"collection":[{"href":"https:\/\/popcards.nl\/es\/wp-json\/wp\/v2\/product"}],"about":[{"href":"https:\/\/popcards.nl\/es\/wp-json\/wp\/v2\/types\/product"}],"replies":[{"embeddable":true,"href":"https:\/\/popcards.nl\/es\/wp-json\/wp\/v2\/comments?post=92604"}],"wp:featuredmedia":[{"embeddable":true,"href":"https:\/\/popcards.nl\/es\/wp-json\/wp\/v2\/media\/89431"}],"wp:attachment":[{"href":"https:\/\/popcards.nl\/es\/wp-json\/wp\/v2\/media?parent=92604"}],"wp:term":[{"taxonomy":"product_brand","embeddable":true,"href":"https:\/\/popcards.nl\/es\/wp-json\/wp\/v2\/product_brand?post=92604"},{"taxonomy":"product_cat","embeddable":true,"href":"https:\/\/popcards.nl\/es\/wp-json\/wp\/v2\/product_cat?post=92604"},{"taxonomy":"product_tag","embeddable":true,"href":"https:\/\/popcards.nl\/es\/wp-json\/wp\/v2\/product_tag?post=92604"}],"curies":[{"name":"gracias","href":"https:\/\/api.w.org\/{rel}","templated":true}]}}