{"id":92646,"date":"2025-10-06T23:18:14","date_gmt":"2025-10-06T21:18:14","guid":{"rendered":"https:\/\/popcards.nl\/?post_type=product&#038;p=92646"},"modified":"2026-04-10T12:15:39","modified_gmt":"2026-04-10T10:15:39","slug":"tarjeta-de-felicitacion-emergente-para-el-25-o-aniversario","status":"publish","type":"product","link":"https:\/\/popcards.nl\/es\/product\/jubileum-25-jaar-verjaardag-pop-up-wenskaart\/","title":{"rendered":"Aniversario o cumplea\u00f1os 25 a\u00f1os Tarjeta de felicitaci\u00f3n emergente de felicitaci\u00f3n"},"content":{"rendered":"<p><strong>25 aniversario o para un cumplea\u00f1os. \u00a1Feliz 25 cumplea\u00f1os! Tarjeta de 25 a\u00f1os con n\u00fameros grandes. <\/strong>Entonces esta hermosa Popcard colorida es un regalo especial y sorprendente. Despu\u00e9s de todo, no tienes una segunda oportunidad para celebrar 25 a\u00f1os.\u00a0<a href=\"https:\/\/popcards.nl\/es\/product\/cumpleanos-aniversario-40-anos-tarjeta-de-felicitacion-emergente\/\">Tambi\u00e9n tenemos una Popcard de 40 a\u00f1os<\/a>.\u00a0<a href=\"https:\/\/popcards.nl\/es\/product\/cumpleanos-aniversario-50-anos-tarjeta-de-felicitacion-emergente\/\">Tambi\u00e9n tenemos una Popcard de 50 a\u00f1os<\/a>.\u00a0<a href=\"https:\/\/popcards.nl\/es\/product\/cumpleanos-aniversario-60-anos-tarjeta-de-felicitacion-emergente\/\">Tambi\u00e9n una Popcard de 60 a\u00f1os<\/a>.\u00a0<a href=\"https:\/\/popcards.nl\/es\/categoria\/felicitaciones-y-tarjetas-de-cumpleanos\/\">\u00a1Y muchas m\u00e1s tarjetas de felicitaci\u00f3n y cumplea\u00f1os!<\/a><\/p>\n<p>Tama\u00f1o de la tarjeta 26 x 18 cm, plegada a 13 x 18 cm.<\/p>\n<p>Incluye sobre en blanco a juego, empacado en una bolsa de celof\u00e1n.<\/p>","protected":false},"excerpt":{"rendered":"<p>25 jarig jubileum of voor een verjaardag. Happy 25th birthday!\u00a0 25 jaar kaart met grote cijfers. Dan is deze mooie kleurrijke Popcard een bijzonder en verrassend cadeautje. Je krijgt tenslotte geen tweede kans om 25 jaar te vieren.\u00a0We hebben ook een 40 jaar Popcard.\u00a0We hebben ook een 50 jaar Popcard.\u00a0Tevens een 60 jaar Popcard.\u00a0En nog [&hellip;]<\/p>\n","protected":false},"featured_media":93427,"comment_status":"open","ping_status":"closed","template":"","meta":{"_iconic_wsb_product_page_order_bump_ids":[[]],"_sku":["4805388556851"],"_iconic_wsb_product_page_bump_modal_ids":[[]]},"product_brand":[],"product_cat":[34,57],"product_tag":[242,137],"class_list":{"0":"post-92646","1":"product","2":"type-product","3":"status-publish","4":"has-post-thumbnail","6":"product_cat-felicitatie-verjaardag-verjaardagskaarten","7":"product_cat-uitnodigingen-uitnodigingskaarten-verjaardag-jubileum","8":"product_tag-jubileum","9":"product_tag-verjaardag","11":"first","12":"instock","13":"taxable","14":"shipping-taxable","15":"purchasable","16":"product-type-simple"},"gallery_images":[93428,93679],"_links":{"self":[{"href":"https:\/\/popcards.nl\/es\/wp-json\/wp\/v2\/product\/92646","targetHints":{"allow":["GET"]}}],"collection":[{"href":"https:\/\/popcards.nl\/es\/wp-json\/wp\/v2\/product"}],"about":[{"href":"https:\/\/popcards.nl\/es\/wp-json\/wp\/v2\/types\/product"}],"replies":[{"embeddable":true,"href":"https:\/\/popcards.nl\/es\/wp-json\/wp\/v2\/comments?post=92646"}],"wp:featuredmedia":[{"embeddable":true,"href":"https:\/\/popcards.nl\/es\/wp-json\/wp\/v2\/media\/93427"}],"wp:attachment":[{"href":"https:\/\/popcards.nl\/es\/wp-json\/wp\/v2\/media?parent=92646"}],"wp:term":[{"taxonomy":"product_brand","embeddable":true,"href":"https:\/\/popcards.nl\/es\/wp-json\/wp\/v2\/product_brand?post=92646"},{"taxonomy":"product_cat","embeddable":true,"href":"https:\/\/popcards.nl\/es\/wp-json\/wp\/v2\/product_cat?post=92646"},{"taxonomy":"product_tag","embeddable":true,"href":"https:\/\/popcards.nl\/es\/wp-json\/wp\/v2\/product_tag?post=92646"}],"curies":[{"name":"gracias","href":"https:\/\/api.w.org\/{rel}","templated":true}]}}