{"id":93463,"date":"2025-10-07T16:50:08","date_gmt":"2025-10-07T14:50:08","guid":{"rendered":"https:\/\/popcards.nl\/?post_type=product&#038;p=93463"},"modified":"2026-04-30T13:01:19","modified_gmt":"2026-04-30T11:01:19","slug":"tarjeta-de-felicitacion-emergente-con-un-arbol-de-magnolia-en-flor","status":"publish","type":"product","link":"https:\/\/popcards.nl\/es\/product\/pop-up-wenskaart-bloeiende-magnolia-boom\/","title":{"rendered":"Tarjeta emergente de lujo con \u00e1rbol de magnolia en flor. Tarjeta de felicitaci\u00f3n."},"content":{"rendered":"<p>Lleva el esplendor de la naturaleza a tu hogar con esta impresionante tarjeta desplegable Magnolia de Popcards. El anverso te da la bienvenida con una elegante ilustraci\u00f3n de un magnolio rosa con alegres p\u00e1jaros. Pero la verdadera sorpresa llega al abrirla: un magnolio en 3D de gran realismo florece, con un tronco robusto, ramas delicadas y un dosel de exuberantes flores.<\/p>\n<p>Cada flor est\u00e1 elaborada meticulosamente: p\u00e9talos suaves y naturales en tonos blanco, rosa y morado forman una elegante corona que contrasta maravillosamente con el verde fresco de las hojas y el tallo marr\u00f3n. Gracias a la artesan\u00eda y la atenci\u00f3n al detalle, esta tarjeta irradia no solo belleza, sino tambi\u00e9n calidez y refinamiento.<\/p>\n<p>\u2728 <strong>Por qu\u00e9 esta tarjeta emergente Magnolia es especial:<\/strong><\/p>\n<ul>\n<li>Dise\u00f1o realista: una estructura de \u00e1rbol 3D detallada que casi parece cobrar vida.<\/li>\n<li>Delicados detalles florales: Los p\u00e9talos se cortan y combinan cuidadosamente para lograr una apariencia natural.<\/li>\n<li>Colores vibrantes: suaves tonos pastel y ricos tonos verdes crean una composici\u00f3n armoniosa.<\/li>\n<li>Sostenible y lujoso: fabricado con cart\u00f3n ecol\u00f3gico de alta calidad para una impresi\u00f3n duradera.<\/li>\n<\/ul>\n<p>Esta tarjeta de felicitaci\u00f3n desplegable de magnolia es perfecta para cumplea\u00f1os, aniversarios, el D\u00eda de la Madre, agradecimientos o simplemente como un detalle c\u00e1lido. Es una tarjeta que no soltar\u00e1s, sino que conservar\u00e1s como una peque\u00f1a obra de arte.<\/p>\n<p>Deja que tu mensaje florezca con la tarjeta emergente Magnolia de Popcards: un regalo elegante e inolvidable que nace directamente del coraz\u00f3n. \ud83c\udf38\ud83d\udc8c <a href=\"https:\/\/popcards.nl\/es\/etiqueta-product\/sakura\/\">\u00bfHas visto tambi\u00e9n nuestras preciosas tarjetas pop-up de sakura?\u00a0<\/a><\/p>\n<p>Tama\u00f1o de la tarjeta 26 \u00d7 18 cm, doblada a 13 \u00d7 18 cm.<br \/>\nIncluye sobre a juego, empaquetado en una bolsa de celof\u00e1n.<\/p>","protected":false},"excerpt":{"rendered":"<p>Breng de pracht van de natuur in huis met deze adembenemende Magnolia pop-up kaart van Popcards. Al op de voorzijde word je begroet door een sierlijke illustratie van een roze magnoliaboom met vrolijke vogeltjes. Maar het \u00e9chte wow-moment beleef je bij het openen: een levensechte 3D magnolia boom komt tot bloei, compleet met een stevige [&hellip;]<\/p>\n","protected":false},"featured_media":93502,"comment_status":"open","ping_status":"closed","template":"","meta":{"_iconic_wsb_product_page_order_bump_ids":[[]],"_sku":["4805388558138"],"_iconic_wsb_product_page_bump_modal_ids":[[]]},"product_brand":[],"product_cat":[47],"product_tag":[240,238],"class_list":{"0":"post-93463","1":"product","2":"type-product","3":"status-publish","4":"has-post-thumbnail","6":"product_cat-bloemen-bloemenkaarten-wenskaarten","7":"product_tag-boom","8":"product_tag-sakura","10":"first","11":"instock","12":"taxable","13":"shipping-taxable","14":"purchasable","15":"product-type-simple"},"gallery_images":[93435,93675],"_links":{"self":[{"href":"https:\/\/popcards.nl\/es\/wp-json\/wp\/v2\/product\/93463","targetHints":{"allow":["GET"]}}],"collection":[{"href":"https:\/\/popcards.nl\/es\/wp-json\/wp\/v2\/product"}],"about":[{"href":"https:\/\/popcards.nl\/es\/wp-json\/wp\/v2\/types\/product"}],"replies":[{"embeddable":true,"href":"https:\/\/popcards.nl\/es\/wp-json\/wp\/v2\/comments?post=93463"}],"wp:featuredmedia":[{"embeddable":true,"href":"https:\/\/popcards.nl\/es\/wp-json\/wp\/v2\/media\/93502"}],"wp:attachment":[{"href":"https:\/\/popcards.nl\/es\/wp-json\/wp\/v2\/media?parent=93463"}],"wp:term":[{"taxonomy":"product_brand","embeddable":true,"href":"https:\/\/popcards.nl\/es\/wp-json\/wp\/v2\/product_brand?post=93463"},{"taxonomy":"product_cat","embeddable":true,"href":"https:\/\/popcards.nl\/es\/wp-json\/wp\/v2\/product_cat?post=93463"},{"taxonomy":"product_tag","embeddable":true,"href":"https:\/\/popcards.nl\/es\/wp-json\/wp\/v2\/product_tag?post=93463"}],"curies":[{"name":"gracias","href":"https:\/\/api.w.org\/{rel}","templated":true}]}}