{"id":93475,"date":"2025-10-07T17:37:34","date_gmt":"2025-10-07T15:37:34","guid":{"rendered":"https:\/\/popcards.nl\/?post_type=product&#038;p=93475"},"modified":"2026-04-29T15:39:19","modified_gmt":"2026-04-29T13:39:19","slug":"tarjeta-desplegable-con-una-bicicleta-azul-pastel-y-flores","status":"publish","type":"product","link":"https:\/\/popcards.nl\/es\/product\/pop-up-kaart-pastelblauwe-fiets-met-bloemen\/","title":{"rendered":"Hermosa tarjeta emergente de felicitaci\u00f3n en forma de bicicleta azul pastel con flores."},"content":{"rendered":"<p>Sorprende a alguien con un toque de calidez y alegr\u00eda con esta preciosa tarjeta desplegable &quot;Bicicleta con Flores&quot; de Popcards. Una encantadora bicicleta azul pastel con una cesta llena de flores brilla en la portada, pero el verdadero momento de asombro llega al abrir la tarjeta: una refinada bicicleta 3D cobra vida, con una cesta de flores de colores: s\u00edmbolo de alegr\u00eda, libertad y la belleza de la vida.<\/p>\n<p>Cada tarjeta est\u00e1 elaborada con amor y artesan\u00eda. Gracias a los detalles cortados a l\u00e1ser, el uso de papel de alta calidad y la elegante combinaci\u00f3n de suaves colores pastel y vibrantes detalles florales, esta tarjeta irradia elegancia y calidez. Adem\u00e1s, el interior ofrece espacio para un mensaje personal, convirti\u00e9ndola en mucho m\u00e1s que una simple tarjeta, un recuerdo inolvidable.<\/p>\n<p><strong>\u2728\u00bfPor qu\u00e9 elegir esta tarjeta de felicitaci\u00f3n Popcards?<\/strong><\/p>\n<ul>\n<li>Exquisita obra de arte emergente: una elegante bicicleta con una canasta de flores en 3D.<\/li>\n<li>Artesan\u00eda hecha a mano: elaborada cuidadosamente con atenci\u00f3n al detalle.<\/li>\n<li>Elegante combinaci\u00f3n de colores: azul pastel suave y flores coloridas.<\/li>\n<li>Personal y significativo: espacio para tu propio deseo escrito a mano.<\/li>\n<li>Regalo vers\u00e1til: perfecto para cumplea\u00f1os, aniversarios, D\u00eda de la Madre, agradecimientos o simplemente como muestra de amor y aprecio.<\/li>\n<\/ul>\n<p>Con esta tarjeta de bicicleta emergente, no solo enviar\u00e1s una felicitaci\u00f3n, sino que tambi\u00e9n crear\u00e1s un recuerdo duradero que atesorar\u00e1s. \ud83c\udf38\ud83d\udc8c<\/p>\n<p>Tama\u00f1o de la tarjeta 30 \u00d7 20 cm, doblada a 15 \u00d7 20 cm.<br \/>\nIncluye sobre a juego, empaquetado en una bolsa de celof\u00e1n.<\/p>","protected":false},"excerpt":{"rendered":"<p>Verras iemand met een vleugje warmte en vrolijkheid met deze prachtige pop-up kaart Fiets met bloemen van Popcards. Al op de cover schittert een charmante pastelblauwe fiets met een mand vol bloemen, maar het echte wow-moment beleef je zodra de kaart wordt geopend: een verfijnde 3D fiets komt tot leven, compleet met een bloemenmand vol [&hellip;]<\/p>\n","protected":false},"featured_media":93504,"comment_status":"open","ping_status":"closed","template":"","meta":{"_iconic_wsb_product_page_order_bump_ids":[[]],"_sku":["4805388559678"],"_iconic_wsb_product_page_bump_modal_ids":[[]]},"product_brand":[],"product_cat":[17,47,34],"product_tag":[109],"class_list":{"0":"post-93475","1":"product","2":"type-product","3":"status-publish","4":"has-post-thumbnail","6":"product_cat-voertuigen-schip-trein-vliegtuig-auto-fiets","7":"product_cat-bloemen-bloemenkaarten-wenskaarten","8":"product_cat-felicitatie-verjaardag-verjaardagskaarten","9":"product_tag-fiets","11":"first","12":"instock","13":"taxable","14":"shipping-taxable","15":"purchasable","16":"product-type-simple"},"gallery_images":[93503,93673],"_links":{"self":[{"href":"https:\/\/popcards.nl\/es\/wp-json\/wp\/v2\/product\/93475","targetHints":{"allow":["GET"]}}],"collection":[{"href":"https:\/\/popcards.nl\/es\/wp-json\/wp\/v2\/product"}],"about":[{"href":"https:\/\/popcards.nl\/es\/wp-json\/wp\/v2\/types\/product"}],"replies":[{"embeddable":true,"href":"https:\/\/popcards.nl\/es\/wp-json\/wp\/v2\/comments?post=93475"}],"wp:featuredmedia":[{"embeddable":true,"href":"https:\/\/popcards.nl\/es\/wp-json\/wp\/v2\/media\/93504"}],"wp:attachment":[{"href":"https:\/\/popcards.nl\/es\/wp-json\/wp\/v2\/media?parent=93475"}],"wp:term":[{"taxonomy":"product_brand","embeddable":true,"href":"https:\/\/popcards.nl\/es\/wp-json\/wp\/v2\/product_brand?post=93475"},{"taxonomy":"product_cat","embeddable":true,"href":"https:\/\/popcards.nl\/es\/wp-json\/wp\/v2\/product_cat?post=93475"},{"taxonomy":"product_tag","embeddable":true,"href":"https:\/\/popcards.nl\/es\/wp-json\/wp\/v2\/product_tag?post=93475"}],"curies":[{"name":"gracias","href":"https:\/\/api.w.org\/{rel}","templated":true}]}}