{"id":93534,"date":"2025-10-08T18:03:56","date_gmt":"2025-10-08T16:03:56","guid":{"rendered":"https:\/\/popcards.nl\/?post_type=product&#038;p=93534"},"modified":"2026-01-26T16:50:06","modified_gmt":"2026-01-26T15:50:06","slug":"tarjeta-desplegable-con-pajaros-flores-y-casita-para-pajaros","status":"publish","type":"product","link":"https:\/\/popcards.nl\/es\/product\/vogelhuisje-bloemen-vogeltjes-pop-up-kaart\/","title":{"rendered":"Tarjeta desplegable de casita de p\u00e1jaros de cuento de hadas con flores y p\u00e1jaros\ud83d\udc26\ud83c\udf38"},"content":{"rendered":"<p>Es como abrir una p\u00e1gina de un cuento de hadas... Esta tarjeta &quot;Casa de P\u00e1jaros Desplegable&quot; de Popcards te transporta a una escena de ensue\u00f1o que parece sacada directamente del mundo de Anton Pieck. El anverso presenta una m\u00e1gica ilustraci\u00f3n de una casa de p\u00e1jaros, rodeada de coloridas flores y alegres p\u00e1jaros. Pero la verdadera maravilla se despliega al abrir la tarjeta: una detallada casa de p\u00e1jaros en 3D, adornada con una profusi\u00f3n de flores, donde varias aves han encontrado su hogar.<br \/>\nLos colores c\u00e1lidos, los detalles elegantes y el juego armonioso de flores y p\u00e1jaros hacen de esta tarjeta una peque\u00f1a obra de arte: una tarjeta que no solo transmite un mensaje, sino que tambi\u00e9n forma un recuerdo duradero y una pieza decorativa.<\/p>\n<p>\u2728 <strong>\u00bfPor qu\u00e9 elegir esta tarjeta Popcards?<\/strong><\/p>\n<ul>\n<li>Dise\u00f1o de cuento de hadas: una pajarera 3D llena de flores y p\u00e1jaros.<\/li>\n<li>Estilo art\u00edstico: <strong>Casi como Anton Pieck en calidez y detalle.<\/strong><\/li>\n<li>Acabado de alta calidad: hecho a mano con amor y artesan\u00eda.<\/li>\n<li>Personal y vers\u00e1til: espacio para tu propio mensaje, perfecto para cumplea\u00f1os, D\u00eda de la Madre, aniversarios, agradecimientos o simplemente un gesto de amor.<\/li>\n<li>Un recuerdo duradero: m\u00e1s que una tarjeta de felicitaci\u00f3n: una obra de arte para conservar.<\/li>\n<\/ul>\n<p>Con esta tarjeta desplegable de casita para p\u00e1jaros de Popcards, har\u00e1s un regalo conmovedor y art\u00edstico. Una escena de belleza natural que seguro conmover\u00e1 a todos. \ud83c\udf38\ud83d\udc8c<\/p>\n<p>Tama\u00f1o de la tarjeta 26 \u00d7 18 cm, doblada a 13 \u00d7 18 cm.<br \/>\nIncluye sobre a juego, empaquetado en una bolsa de celof\u00e1n.<\/p>","protected":false},"excerpt":{"rendered":"<p>Alsof je een bladzijde openslaat uit een sprookjesboek\u2026 Deze Pop-up kaart Vogelhuisje van Popcards neemt je mee naar een dromerig tafereel dat zo uit de wereld van Anton Pieck zou kunnen komen. Op de voorzijde schittert een fee\u00ebrieke illustratie van een vogelhuisje, omringd door kleurrijke bloemen en vrolijke vogeltjes. Maar het echte wonder ontvouwt zich [&hellip;]<\/p>\n","protected":false},"featured_media":93533,"comment_status":"open","ping_status":"closed","template":"","meta":{"_iconic_wsb_product_page_order_bump_ids":[[]],"_sku":["4805388550316"],"_iconic_wsb_product_page_bump_modal_ids":[[]]},"product_brand":[],"product_cat":[21,78,47,32],"product_tag":[142],"class_list":{"0":"post-93534","1":"product","2":"type-product","3":"status-publish","4":"has-post-thumbnail","6":"product_cat-dieren-dierenkaarten-wenskaarten","7":"product_cat-beterschapskaarten-troostkaarten-condoleancekaarten","8":"product_cat-bloemen-bloemenkaarten-wenskaarten","9":"product_cat-nieuwe-woning-verhuizing-verhuiskaart","10":"product_tag-vogel","12":"first","13":"outofstock","14":"taxable","15":"shipping-taxable","16":"purchasable","17":"product-type-simple"},"gallery_images":[93670],"_links":{"self":[{"href":"https:\/\/popcards.nl\/es\/wp-json\/wp\/v2\/product\/93534","targetHints":{"allow":["GET"]}}],"collection":[{"href":"https:\/\/popcards.nl\/es\/wp-json\/wp\/v2\/product"}],"about":[{"href":"https:\/\/popcards.nl\/es\/wp-json\/wp\/v2\/types\/product"}],"replies":[{"embeddable":true,"href":"https:\/\/popcards.nl\/es\/wp-json\/wp\/v2\/comments?post=93534"}],"wp:featuredmedia":[{"embeddable":true,"href":"https:\/\/popcards.nl\/es\/wp-json\/wp\/v2\/media\/93533"}],"wp:attachment":[{"href":"https:\/\/popcards.nl\/es\/wp-json\/wp\/v2\/media?parent=93534"}],"wp:term":[{"taxonomy":"product_brand","embeddable":true,"href":"https:\/\/popcards.nl\/es\/wp-json\/wp\/v2\/product_brand?post=93534"},{"taxonomy":"product_cat","embeddable":true,"href":"https:\/\/popcards.nl\/es\/wp-json\/wp\/v2\/product_cat?post=93534"},{"taxonomy":"product_tag","embeddable":true,"href":"https:\/\/popcards.nl\/es\/wp-json\/wp\/v2\/product_tag?post=93534"}],"curies":[{"name":"gracias","href":"https:\/\/api.w.org\/{rel}","templated":true}]}}