{"id":93536,"date":"2025-10-08T18:14:54","date_gmt":"2025-10-08T16:14:54","guid":{"rendered":"https:\/\/popcards.nl\/?post_type=product&#038;p=93536"},"modified":"2026-04-17T19:06:32","modified_gmt":"2026-04-17T17:06:32","slug":"tarjeta-emergente-con-espectacular-lubina-acuatica","status":"publish","type":"product","link":"https:\/\/popcards.nl\/es\/product\/vis-spectaculair-water-baars-pop-up-kaart\/","title":{"rendered":"Peces saltando espectacularmente fuera del agua | Tarjeta emergente de bajo \ud83d\udc1f"},"content":{"rendered":"<p>Esta tarjeta desplegable de lubina de Popcards es una verdadera atracci\u00f3n para cualquier pescador, pescador de ca\u00f1a o aficionado a la pesca. El anverso presenta una impresionante ilustraci\u00f3n de una lubina, uno de los peces deportivos m\u00e1s apreciados. Pero el verdadero espect\u00e1culo llega al abrir la tarjeta: una lubina din\u00e1mica en 3D saltando con fuerza desde el agua, con ondas y detalles que dan vida a la fuerza y la belleza de este pez.<\/p>\n<p>La tarjeta est\u00e1 elaborada con esmero y artesan\u00eda, utilizando papel de alta calidad y cortada a l\u00e1ser con precisi\u00f3n. El resultado es una obra de arte \u00fanica que no solo env\u00eda un saludo, sino que tambi\u00e9n simboliza fuerza, felicidad, equilibrio y la pasi\u00f3n por la pesca.<\/p>\n<p>\u2728 <strong>Por qu\u00e9 esta tarjeta es perfecta para pescadores y aficionados a la pesca:<\/strong><\/p>\n<ul>\n<li>Portada con ilustraci\u00f3n realista de una perca impresionante.<\/li>\n<li>Espect\u00e1culo 3D en el interior: un bajo saltando que captura la energ\u00eda de la pesca deportiva.<\/li>\n<li>Artesan\u00eda de lujo: acabado de alta calidad con finos detalles.<\/li>\n<li>Regalo vers\u00e1til: ideal para cumplea\u00f1os, el D\u00eda del Padre, un viaje de pesca exitoso o simplemente como sorpresa para un entusiasta de la pesca.<\/li>\n<\/ul>\n<p>Ya sea lubina o r\u00f3balo, esta tarjeta de felicitaci\u00f3n de pesca celebra el poder y la belleza de uno de los peces m\u00e1s emblem\u00e1ticos. Con esta tarjeta desplegable de lubina de Popcards, regalas m\u00e1s que una simple tarjeta, una experiencia que todo pescador apreciar\u00e1. \ud83d\udc1f<\/p>\n<p>Tama\u00f1o de la tarjeta 30 \u00d7 15 cm, plegada a 15 \u00d7 15 cm.<br \/>\nIncluye sobre a juego, empaquetado en una bolsa de celof\u00e1n.<\/p>","protected":false},"excerpt":{"rendered":"<p>Voor elke visser, hengelaar of visliefhebber is deze Pop-up kaart Baars van Popcards een absolute blikvanger. Op de voorzijde prijkt een indrukwekkende illustratie van een baars \u2013 een van de meest geliefde sportvissen. Maar het echte spektakel volgt bij het openen van de kaart: een dynamische 3D baars die krachtig uit het water springt, compleet [&hellip;]<\/p>\n","protected":false},"featured_media":93423,"comment_status":"open","ping_status":"closed","template":"","meta":{"_iconic_wsb_product_page_order_bump_ids":[[]],"_sku":["4805388556318"],"_iconic_wsb_product_page_bump_modal_ids":[[]]},"product_brand":[],"product_cat":[21],"product_tag":[269],"class_list":{"0":"post-93536","1":"product","2":"type-product","3":"status-publish","4":"has-post-thumbnail","6":"product_cat-dieren-dierenkaarten-wenskaarten","7":"product_tag-vis","9":"first","10":"instock","11":"taxable","12":"shipping-taxable","13":"purchasable","14":"product-type-simple"},"gallery_images":[93668],"_links":{"self":[{"href":"https:\/\/popcards.nl\/es\/wp-json\/wp\/v2\/product\/93536","targetHints":{"allow":["GET"]}}],"collection":[{"href":"https:\/\/popcards.nl\/es\/wp-json\/wp\/v2\/product"}],"about":[{"href":"https:\/\/popcards.nl\/es\/wp-json\/wp\/v2\/types\/product"}],"replies":[{"embeddable":true,"href":"https:\/\/popcards.nl\/es\/wp-json\/wp\/v2\/comments?post=93536"}],"wp:featuredmedia":[{"embeddable":true,"href":"https:\/\/popcards.nl\/es\/wp-json\/wp\/v2\/media\/93423"}],"wp:attachment":[{"href":"https:\/\/popcards.nl\/es\/wp-json\/wp\/v2\/media?parent=93536"}],"wp:term":[{"taxonomy":"product_brand","embeddable":true,"href":"https:\/\/popcards.nl\/es\/wp-json\/wp\/v2\/product_brand?post=93536"},{"taxonomy":"product_cat","embeddable":true,"href":"https:\/\/popcards.nl\/es\/wp-json\/wp\/v2\/product_cat?post=93536"},{"taxonomy":"product_tag","embeddable":true,"href":"https:\/\/popcards.nl\/es\/wp-json\/wp\/v2\/product_tag?post=93536"}],"curies":[{"name":"gracias","href":"https:\/\/api.w.org\/{rel}","templated":true}]}}