{"id":983,"date":"2019-01-30T22:28:47","date_gmt":"2019-01-30T21:28:47","guid":{"rendered":"https:\/\/popcards.nl\/?post_type=product&#038;p=983"},"modified":"2026-04-03T17:50:06","modified_gmt":"2026-04-03T15:50:06","slug":"alegres-mariposas-en-7-colores","status":"publish","type":"product","link":"https:\/\/popcards.nl\/es\/product\/vliegende-vlinders-in-regenboogkleuren\/","title":{"rendered":"Tarjeta desplegable Mariposas volando en los colores del arco\u00edris"},"content":{"rendered":"<p>Una mariposa bellamente cortada en el frente y cuando se despliega la tarjeta, 7 mariposas coloridas vuelan hacia ti. Una tarjeta muy especial que se puede usar para varias ocasiones que ocurren en la vida. En momentos muy felices, pero tambi\u00e9n en momentos m\u00e1s dif\u00edciles. Esta tarjeta tiene un significado especial para el destinatario.<\/p>\n<p>Tama\u00f1o de tarjeta 26 \u00d7 15.5 cm, plegado a 13 \u00d7 15.5 cm.<br \/>\nIncluye sobre en blanco a juego, empacado en una bolsa de celof\u00e1n.<\/p>","protected":false},"excerpt":{"rendered":"<p>Een prachtig uitgesneden vlinder op de voorkant en als de kaart openklapt vliegen 7 kleurige vlinders je tegemoet. Een hele bijzondere kaart die te gebruiken is voor uiteenlopende gelegenheden die voorkomen in een mensenleven. Bij hele blijde momenten, maar ook in moeilijkere tijden. Deze kaart heeft een bijzondere betekenis voor de ontvanger. Kaartformaat 26&#215;15,5 cm, [&hellip;]<\/p>\n","protected":false},"featured_media":956,"comment_status":"open","ping_status":"closed","template":"","meta":{"_iconic_wsb_product_page_order_bump_ids":[[]],"_sku":["8945005026803"],"_iconic_wsb_product_page_bump_modal_ids":[[]]},"product_brand":[],"product_cat":[21,78,34,27,57],"product_tag":[132,83,247],"class_list":{"0":"post-983","1":"product","2":"type-product","3":"status-publish","4":"has-post-thumbnail","6":"product_cat-dieren-dierenkaarten-wenskaarten","7":"product_cat-beterschapskaarten-troostkaarten-condoleancekaarten","8":"product_cat-felicitatie-verjaardag-verjaardagskaarten","9":"product_cat-liefde-liefdeskaarten-valentijnskaarten","10":"product_cat-uitnodigingen-uitnodigingskaarten-verjaardag-jubileum","11":"product_tag-dier","12":"product_tag-valentijn","13":"product_tag-vlinder","14":"pa_brand-popcards","16":"first","17":"instock","18":"taxable","19":"shipping-taxable","20":"purchasable","21":"product-type-simple"},"gallery_images":[77293],"_links":{"self":[{"href":"https:\/\/popcards.nl\/es\/wp-json\/wp\/v2\/product\/983","targetHints":{"allow":["GET"]}}],"collection":[{"href":"https:\/\/popcards.nl\/es\/wp-json\/wp\/v2\/product"}],"about":[{"href":"https:\/\/popcards.nl\/es\/wp-json\/wp\/v2\/types\/product"}],"replies":[{"embeddable":true,"href":"https:\/\/popcards.nl\/es\/wp-json\/wp\/v2\/comments?post=983"}],"wp:featuredmedia":[{"embeddable":true,"href":"https:\/\/popcards.nl\/es\/wp-json\/wp\/v2\/media\/956"}],"wp:attachment":[{"href":"https:\/\/popcards.nl\/es\/wp-json\/wp\/v2\/media?parent=983"}],"wp:term":[{"taxonomy":"product_brand","embeddable":true,"href":"https:\/\/popcards.nl\/es\/wp-json\/wp\/v2\/product_brand?post=983"},{"taxonomy":"product_cat","embeddable":true,"href":"https:\/\/popcards.nl\/es\/wp-json\/wp\/v2\/product_cat?post=983"},{"taxonomy":"product_tag","embeddable":true,"href":"https:\/\/popcards.nl\/es\/wp-json\/wp\/v2\/product_tag?post=983"}],"curies":[{"name":"gracias","href":"https:\/\/api.w.org\/{rel}","templated":true}]}}