{"id":985,"date":"2019-01-30T22:31:29","date_gmt":"2019-01-30T21:31:29","guid":{"rendered":"https:\/\/popcards.nl\/?post_type=product&#038;p=985"},"modified":"2026-04-25T15:41:16","modified_gmt":"2026-04-25T13:41:16","slug":"feliz-pastel-con-vela","status":"publish","type":"product","link":"https:\/\/popcards.nl\/es\/product\/vrolijke-verjaardagstaart-3d-verjaardagskaart\/","title":{"rendered":"Pastel de cumplea\u00f1os feliz con vela - oro | tarjeta de cumplea\u00f1os emergente"},"content":{"rendered":"<p>Un delicioso pastel que no engorda. Una bonita tarjeta de felicitaci\u00f3n emergente para todas las edades. <a href=\"https:\/\/popcards.nl\/es\/mapa-2\/feliz-cumpleanos-torta-vela-tarjeta-de-cumpleanos\/\">Esta tarjeta tambi\u00e9n est\u00e1 disponible en rojo intenso.<\/a> <a href=\"https:\/\/popcards.nl\/es\/mapa-2\/pastel-de-cumpleanos-festivo-tarjeta-de-cumpleanos\/\">\u00bfHas visto tambi\u00e9n nuestra otra tarjeta de cumplea\u00f1os?<\/a><\/p>\n<p>Tama\u00f1o de tarjeta 26 \u00d7 15, cm, plegado a 13 \u00d7 15,5 cm.<br \/>\nIncluye sobre en blanco a juego, empacado en una bolsa de celof\u00e1n.<\/p>","protected":false},"excerpt":{"rendered":"<p>Un pastel delicioso que no te har\u00e1 engordar. Una divertida tarjeta desplegable para todas las edades. Esta tarjeta tambi\u00e9n est\u00e1 disponible en rojo intenso. \u00bfHas visto nuestra otra tarjeta de cumplea\u00f1os? Tama\u00f1o de la tarjeta: 26 x 15 cm, plegada a 13 x 15,5 cm. Incluye un sobre blanco a juego, empaquetado en una bolsa de celof\u00e1n.<\/p>","protected":false},"featured_media":947,"comment_status":"open","ping_status":"closed","template":"","meta":{"_iconic_wsb_product_page_order_bump_ids":[[]],"_sku":["8945005026766"],"_iconic_wsb_product_page_bump_modal_ids":[[]]},"product_brand":[],"product_cat":[34,57],"product_tag":[246,137],"class_list":{"0":"post-985","1":"product","2":"type-product","3":"status-publish","4":"has-post-thumbnail","6":"product_cat-felicitatie-verjaardag-verjaardagskaarten","7":"product_cat-uitnodigingen-uitnodigingskaarten-verjaardag-jubileum","8":"product_tag-taart","9":"product_tag-verjaardag","10":"pa_brand-popcards","12":"first","13":"instock","14":"taxable","15":"shipping-taxable","16":"purchasable","17":"product-type-simple"},"gallery_images":[75494],"_links":{"self":[{"href":"https:\/\/popcards.nl\/es\/wp-json\/wp\/v2\/product\/985","targetHints":{"allow":["GET"]}}],"collection":[{"href":"https:\/\/popcards.nl\/es\/wp-json\/wp\/v2\/product"}],"about":[{"href":"https:\/\/popcards.nl\/es\/wp-json\/wp\/v2\/types\/product"}],"replies":[{"embeddable":true,"href":"https:\/\/popcards.nl\/es\/wp-json\/wp\/v2\/comments?post=985"}],"wp:featuredmedia":[{"embeddable":true,"href":"https:\/\/popcards.nl\/es\/wp-json\/wp\/v2\/media\/947"}],"wp:attachment":[{"href":"https:\/\/popcards.nl\/es\/wp-json\/wp\/v2\/media?parent=985"}],"wp:term":[{"taxonomy":"product_brand","embeddable":true,"href":"https:\/\/popcards.nl\/es\/wp-json\/wp\/v2\/product_brand?post=985"},{"taxonomy":"product_cat","embeddable":true,"href":"https:\/\/popcards.nl\/es\/wp-json\/wp\/v2\/product_cat?post=985"},{"taxonomy":"product_tag","embeddable":true,"href":"https:\/\/popcards.nl\/es\/wp-json\/wp\/v2\/product_tag?post=985"}],"curies":[{"name":"gracias","href":"https:\/\/api.w.org\/{rel}","templated":true}]}}