{"id":98669,"date":"2026-01-26T17:41:24","date_gmt":"2026-01-26T16:41:24","guid":{"rendered":"https:\/\/popcards.nl\/?post_type=product&#038;p=98669"},"modified":"2026-03-08T09:11:54","modified_gmt":"2026-03-08T08:11:54","slug":"tarjeta-de-arbol-de-navidad-decorado-flatyz-vela-plana","status":"publish","type":"product","link":"https:\/\/popcards.nl\/es\/product\/versierde-kerstboom-kaart-flatyz-platte-kaars\/","title":{"rendered":"Tarjeta navide\u00f1a con \u00e1rbol de Navidad decorado | Vela plana FLATYZ: un regalo \u00fanico pintado a mano"},"content":{"rendered":"<h2>\u00bfTarjetas desplegables? \u00a1Velas desplegables! \ud83d\ude09<\/h2>\n<p>La vela plana FLATYZ \u2013 Vela navide\u00f1a \u00c1rbol de Navidad decorado es un regalo de dise\u00f1o \u00fanico que llama la atenci\u00f3n de inmediato. <strong>vela pintada a mano<\/strong> que combina atm\u00f3sfera y dise\u00f1o en un objeto especial.<\/p>\n<p>Lleva el esp\u00edritu navide\u00f1o a tu hogar con esta hermosa vela plana hecha a mano. La escena invernal pintada a mano, con un \u00e1rbol de Navidad decorado y gente alegre en la nieve, irradia calidez y calidez. Perfecta como decoraci\u00f3n navide\u00f1a o un regalo especial para las fiestas.<\/p>\n<p>Cada vela plana FLATYZ est\u00e1 hecha y pintada a mano por artesanos expertos en Lituania. Sin producci\u00f3n en masa, solo artesan\u00eda. <strong>haciendo que cada copia sea \u00fanica<\/strong>.<\/p>\n<p>Su forma plana con dos mechas es \u00fanica. Adem\u00e1s, la vela empaquetada puede entregarse por correo. No produce humo, no huele, no gotea y se apaga sola cuando est\u00e1 casi vac\u00eda. Gracias a la doble mecha de algod\u00f3n, la vela arde de manera uniforme. La base met\u00e1lica garantiza su estabilidad.<\/p>\n<p>Un elegante complemento para tu hogar, pero tambi\u00e9n un regalo art\u00edstico original para regalar o, idealmente, enviar por correo. Recibir\u00e1s una tarjeta con un mensaje personal y un... <strong>Hermoso envoltorio de regalo<\/strong>.<\/p>\n<div id=\"attachment_99801\" style=\"width: 258px\" class=\"wp-caption alignright\"><img decoding=\"async\" aria-describedby=\"caption-attachment-99801\" class=\"wp-image-99801\" src=\"https:\/\/popcards.nl\/wp-content\/uploads\/2026\/02\/kaars-met-verpakking-verticaal-248x300.jpg\" alt=\"\" width=\"248\" height=\"300\" title=\"\" srcset=\"https:\/\/popcards.nl\/wp-content\/uploads\/2026\/02\/kaars-met-verpakking-verticaal-248x300.jpg 248w, https:\/\/popcards.nl\/wp-content\/uploads\/2026\/02\/kaars-met-verpakking-verticaal-992x1200.jpg 992w, https:\/\/popcards.nl\/wp-content\/uploads\/2026\/02\/kaars-met-verpakking-verticaal-768x929.jpg 768w, https:\/\/popcards.nl\/wp-content\/uploads\/2026\/02\/kaars-met-verpakking-verticaal-10x12.jpg 10w, https:\/\/popcards.nl\/wp-content\/uploads\/2026\/02\/kaars-met-verpakking-verticaal-583x705.jpg 583w, https:\/\/popcards.nl\/wp-content\/uploads\/2026\/02\/kaars-met-verpakking-verticaal-450x544.jpg 450w, https:\/\/popcards.nl\/wp-content\/uploads\/2026\/02\/kaars-met-verpakking-verticaal-600x726.jpg 600w, https:\/\/popcards.nl\/wp-content\/uploads\/2026\/02\/kaars-met-verpakking-verticaal-300x363.jpg 300w, https:\/\/popcards.nl\/wp-content\/uploads\/2026\/02\/kaars-met-verpakking-verticaal.jpg 1154w\" sizes=\"(max-width: 248px) 100vw, 248px\" \/><p id=\"caption-attachment-99801\" class=\"wp-caption-text\">Incluye tarjeta de escritura y embalaje de regalo.<\/p><\/div>\n<ul>\n<li>Hecho a mano y pintado a mano<\/li>\n<li>Dise\u00f1o \u00fanico y plano (patentado)<\/li>\n<li>Sin humo, sin olor y sin goteo<\/li>\n<li>Fusible doble, autoextinguible<\/li>\n<li>Incluye base de acero resistente<\/li>\n<li>Dimensiones: 15 cm x 6,1 cm x 1 cm<\/li>\n<li>Tiempo de combusti\u00f3n: 3-4 horas<\/li>\n<li>Adecuado para enviar por correo postal.<\/li>\n<li>Incluye una tarjeta para un mensaje personal.<\/li>\n<li>Incluye una hermosa caja de regalo.<\/li>\n<\/ul>","protected":false},"excerpt":{"rendered":"<p>Popcards? Popkaars! \ud83d\ude09 De FLATYZ platte kaars \u2013 Kerstkaars Versierde Kerstboom is een uniek designcadeau dat direct in het oog springt. Een handbeschilderde kaars die sfeer en design combineert in \u00e9\u00e9n bijzonder object. Breng de feestelijke kerstsfeer in huis met deze prachtig handgemaakte platte kaars. De handbeschilderde winterse sc\u00e8ne met een versierde kerstboom en vrolijke [&hellip;]<\/p>\n","protected":false},"featured_media":98571,"comment_status":"open","ping_status":"closed","template":"","meta":{"_iconic_wsb_product_page_order_bump_ids":[[]],"_sku":["4805388562001"],"_iconic_wsb_product_page_bump_modal_ids":[[]]},"product_brand":[],"product_cat":[289,79],"product_tag":[290,131],"class_list":{"0":"post-98669","1":"product","2":"type-product","3":"status-publish","4":"has-post-thumbnail","6":"product_cat-flatyz-handbeschilderde-platte-kaarsen","7":"product_cat-de-top-10-mooiste-kerstkaarten","8":"product_tag-flatyz-platte-kaars","9":"product_tag-kerst","11":"first","12":"instock","13":"taxable","14":"shipping-taxable","15":"purchasable","16":"product-type-simple"},"gallery_images":[99797,98597,98587,98572],"_links":{"self":[{"href":"https:\/\/popcards.nl\/es\/wp-json\/wp\/v2\/product\/98669","targetHints":{"allow":["GET"]}}],"collection":[{"href":"https:\/\/popcards.nl\/es\/wp-json\/wp\/v2\/product"}],"about":[{"href":"https:\/\/popcards.nl\/es\/wp-json\/wp\/v2\/types\/product"}],"replies":[{"embeddable":true,"href":"https:\/\/popcards.nl\/es\/wp-json\/wp\/v2\/comments?post=98669"}],"wp:featuredmedia":[{"embeddable":true,"href":"https:\/\/popcards.nl\/es\/wp-json\/wp\/v2\/media\/98571"}],"wp:attachment":[{"href":"https:\/\/popcards.nl\/es\/wp-json\/wp\/v2\/media?parent=98669"}],"wp:term":[{"taxonomy":"product_brand","embeddable":true,"href":"https:\/\/popcards.nl\/es\/wp-json\/wp\/v2\/product_brand?post=98669"},{"taxonomy":"product_cat","embeddable":true,"href":"https:\/\/popcards.nl\/es\/wp-json\/wp\/v2\/product_cat?post=98669"},{"taxonomy":"product_tag","embeddable":true,"href":"https:\/\/popcards.nl\/es\/wp-json\/wp\/v2\/product_tag?post=98669"}],"curies":[{"name":"gracias","href":"https:\/\/api.w.org\/{rel}","templated":true}]}}