{"id":995,"date":"2019-01-30T22:46:46","date_gmt":"2019-01-30T21:46:46","guid":{"rendered":"https:\/\/popcards.nl\/?post_type=product&#038;p=995"},"modified":"2026-04-24T19:06:54","modified_gmt":"2026-04-24T17:06:54","slug":"bicicleta-clasica-para-hombre","status":"publish","type":"product","link":"https:\/\/popcards.nl\/es\/product\/klassieke-herenfiets-pop-up-wenskaart-fiets\/","title":{"rendered":"Tarjeta de felicitaci\u00f3n de bicicleta emergente de bicicleta cl\u00e1sica para hombres"},"content":{"rendered":"<p>Este mapa emergente de una bicicleta para hombres es tan detallado y tan delicado que no creer\u00e1 que esto sea posible. Solo preste atenci\u00f3n a los radios, v\u00e1lvulas, frenos de presi\u00f3n, suspensi\u00f3n e iluminaci\u00f3n. Con esta tarjeta har\u00e1s un gran favor a todos los amantes del ciclismo. <a href=\"https:\/\/popcards.nl\/es\/mapa-2\/ciclistas-tour-de-francia-ciclistas-tarjeta-de-felicitacion\/\">\u00bfHas visto tambi\u00e9n nuestra otra tarjeta emergente de bicicletas?<\/a><\/p>\n<p>Tama\u00f1o de la tarjeta 20 \u00d7 15 cm, plegado a 10 \u00d7 15 cm.<br \/>\nIncluye sobre en blanco a juego, empacado en una bolsa de celof\u00e1n.<\/p>","protected":false},"excerpt":{"rendered":"<p>Deze pop-up kaart van een herenfiets is z\u00f3 gedetailleerd en ragfijn uitgesneden, je gelooft niet dat dit zo kan. Let maar eens op de spaken, de ventieltjes, knijpremmen, de vering en de verlichting. Met deze kaart doe je iedere fietsliefhebber een groot plezier. Heb je ook onze andere fiets pop-up kaart gezien? Kaartformaat 20&#215;15 cm, [&hellip;]<\/p>\n","protected":false},"featured_media":941,"comment_status":"open","ping_status":"closed","template":"","meta":{"_iconic_wsb_product_page_order_bump_ids":[[]],"_sku":["8945005026742"],"_iconic_wsb_product_page_bump_modal_ids":[[]]},"product_brand":[],"product_cat":[149,17],"product_tag":[109,150],"class_list":{"0":"post-995","1":"product","2":"type-product","3":"status-publish","4":"has-post-thumbnail","6":"product_cat-sport-voetballen-fietsen-golfen-wenskaarten","7":"product_cat-voertuigen-schip-trein-vliegtuig-auto-fiets","8":"product_tag-fiets","9":"product_tag-sport","10":"pa_brand-popcards","12":"first","13":"instock","14":"taxable","15":"shipping-taxable","16":"purchasable","17":"product-type-simple"},"gallery_images":[94163],"_links":{"self":[{"href":"https:\/\/popcards.nl\/es\/wp-json\/wp\/v2\/product\/995","targetHints":{"allow":["GET"]}}],"collection":[{"href":"https:\/\/popcards.nl\/es\/wp-json\/wp\/v2\/product"}],"about":[{"href":"https:\/\/popcards.nl\/es\/wp-json\/wp\/v2\/types\/product"}],"replies":[{"embeddable":true,"href":"https:\/\/popcards.nl\/es\/wp-json\/wp\/v2\/comments?post=995"}],"wp:featuredmedia":[{"embeddable":true,"href":"https:\/\/popcards.nl\/es\/wp-json\/wp\/v2\/media\/941"}],"wp:attachment":[{"href":"https:\/\/popcards.nl\/es\/wp-json\/wp\/v2\/media?parent=995"}],"wp:term":[{"taxonomy":"product_brand","embeddable":true,"href":"https:\/\/popcards.nl\/es\/wp-json\/wp\/v2\/product_brand?post=995"},{"taxonomy":"product_cat","embeddable":true,"href":"https:\/\/popcards.nl\/es\/wp-json\/wp\/v2\/product_cat?post=995"},{"taxonomy":"product_tag","embeddable":true,"href":"https:\/\/popcards.nl\/es\/wp-json\/wp\/v2\/product_tag?post=995"}],"curies":[{"name":"gracias","href":"https:\/\/api.w.org\/{rel}","templated":true}]}}