{"id":27,"date":"2018-05-30T21:21:53","date_gmt":"2018-05-30T21:21:53","guid":{"rendered":"https:\/\/popcards.nl\/?page_id=27"},"modified":"2025-11-24T22:46:13","modified_gmt":"2025-11-24T21:46:13","slug":"contact","status":"publish","type":"page","link":"https:\/\/popcards.nl\/fr\/contact\/","title":{"rendered":"Contactez-nous"},"content":{"rendered":"<div  class='av_gmaps_sc_main_wrap av_gmaps_main_wrap'><div id='av_gmap_0' class='avia-google-map-container avia-google-map-sc av_gmaps_show_unconditionally av-no-fallback-img' data-mapid='av_gmap_0'  style='height: 400px;'><a class=\"av_gmaps_browser_disabled av_text_confirm_link av_text_confirm_link_visible\" href=\"https:\/\/www.google.com\/maps\/search\/?api=1&#038;query=Jacob%20van%20Ruisdaelstraat%2015%203961CL%20Wijk%20bij%20Duurstede\" target=\"_blank\" rel=\"noopener\">Les cartes d\u00e9sactiv\u00e9es par le visiteur sur ce site. Cliquez pour ouvrir la carte dans une nouvelle fen\u00eatre.<\/a><\/div><\/div>\n\n<style type=\"text\/css\" data-created_by=\"avia_inline_auto\" id=\"style-css-av-tdw3-374aaaa748ac6e18677f5cad1ac81a84\">\n.flex_column.av-tdw3-374aaaa748ac6e18677f5cad1ac81a84{\nborder-radius:0px 0px 0px 0px;\npadding:0px 0px 0px 0px;\n}\n<\/style>\n<div  class='flex_column av-tdw3-374aaaa748ac6e18677f5cad1ac81a84 av_one_third  avia-builder-el-1  el_after_av_google_map  el_before_av_two_third  avia-builder-el-first  first flex_column_div av-zero-column-padding'     ><section  class='av_textblock_section av-jhtmdvo6-6ed4977d4412a97a396a706936b68ee9'  ><div class='avia_textblock' ><h2>SERVICE CLIENT<\/h2>\n<p>Popcards.nl est la boutique en ligne de Popcards BV.<\/p>\n<p><strong>Courriel<br \/>\n<\/strong><a href=\"mailto:info@popcards.nl\"><strong>info@popcards.nl<\/strong><\/a>. Vous pouvez \u00e9galement utiliser le formulaire ci-dessous. Nous r\u00e9pondons rapidement \u00e0 vos questions.<\/p>\n<p><strong>T\u00e9l\u00e9phone<br \/>\n<\/strong>+31682073733. S&#039;il n&#039;y a pas de r\u00e9ponse, veuillez laisser votre nom et votre num\u00e9ro et nous vous rappellerons.<\/p>\n<p><strong>Adresse de correspondance<br \/>\n<\/strong>Popcards BV \u2013 Jacob van Ruisdaelstraat 15 \u2013 3961 CL Wijk bij Duurstede <em>(pas d&#039;adresse de visite)<\/em><\/p>\n<h6>Popcards BV Chambre de Commerce 85314161 \/ BTW NL863581833B01<\/h6>\n<\/div><\/section><\/div>\n\n<style type=\"text\/css\" data-created_by=\"avia_inline_auto\" id=\"style-css-av-1k4rz-ed586be5103cad2b563a2a2fd3b18c7a\">\n.flex_column.av-1k4rz-ed586be5103cad2b563a2a2fd3b18c7a{\nborder-radius:0px 0px 0px 0px;\npadding:0px 0px 0px 0px;\n}\n<\/style>\n<div  class='flex_column av-1k4rz-ed586be5103cad2b563a2a2fd3b18c7a av_two_third  avia-builder-el-3  el_after_av_one_third  avia-builder-el-last  flex_column_div av-zero-column-padding'     ><form action=\"https:\/\/popcards.nl\/fr\/contact\/\" method=\"post\" data-fields-with-error=\"Erreurs trouv\u00e9es dans les champs suivants :\" class=\"avia_ajax_form av-form-labels-visible   avia-builder-el-4  avia-builder-el-no-sibling\" data-avia-form-id=\"1\" data-avia-redirect='' data-trp-original-action=\"https:\/\/popcards.nl\/fr\/contact\/\" ><h3 class=''>Envoyez nous un message<\/h3><fieldset><p class='first_form  form_element form_fullwidth' id='element_avia_1_1'><label for=\"avia_1_1\">Nom <abbr class=\"required\" title=\"demande(s)\">*<\/abbr><\/label> <input name=\"avia_1_1\" class=\"text_input is_empty\" type=\"text\" id=\"avia_1_1\" value=\"\" \/><\/p><p class='first_form  form_element form_fullwidth' id='element_avia_2_1'><label for=\"avia_2_1\">Courriel <abbr class=\"required\" title=\"demande(s)\">*<\/abbr><\/label> <input name=\"avia_2_1\" class=\"text_input is_email\" type=\"text\" id=\"avia_2_1\" value=\"\" \/><\/p><p class='first_form  form_element form_fullwidth' id='element_avia_3_1'><label for=\"avia_3_1\">Objet <abbr class=\"required\" title=\"demande(s)\">*<\/abbr><\/label> <input name=\"avia_3_1\" class=\"text_input is_empty\" type=\"text\" id=\"avia_3_1\" value=\"\" \/><\/p><p class='first_form  form_element form_fullwidth' id='element_avia_4_1'><label for=\"avia_4_1\" class=\"textare_label hidden textare_label_avia_4_1\">Message <abbr class=\"required\" title=\"demande(s)\">*<\/abbr><\/label><textarea  name=\"avia_4_1\" class=\"text_area is_empty\" cols=\"40\" rows=\"7\" id=\"avia_4_1\" ><\/textarea><\/p><p class=\"hidden\"><input type=\"text\" name=\"avia_5_1\" class=\"hidden\" id=\"avia_5_1\" value=\"\" \/><\/p><div id='avia_6_1' class='av-recaptcha-area  first_form  form_element form_fullwidth'  data-container_class=\"\" data-custom_class=\"\" data-context=\"av_contact_form\" data-token_input=\"av_recaptcha_token\" data-version=\"avia_recaptcha_v3\" data-theme=\"light\" data-size=\"normal\" data-score=\"0.5\" data-text_to_preview=\"\" data-value=\"\"><div class=\"av-google-badge-message hidden\">Ce site est prot\u00e9g\u00e9 par reCAPTCHA et la <a href=\"https:\/\/policies.google.com\/privacy\" target=\"_blank\" rel=\"noopener noreferrer\">Politique de confidentialit\u00e9<\/a> le Google et <a href=\"https:\/\/policies.google.com\/terms\" target=\"_blank\" rel=\"noopener noreferrer\">leurs conditions d&#039;utilisation<\/a> s&#039;applique.<\/div><\/div><p class=\"form_element\"><input type=\"hidden\" value=\"1\" name=\"avia_generated_form1\" \/><input type=\"submit\" value=\"exp\u00e9dier\" class=\"button\"  data-sending-label=\"Envoi\"\/><\/p><\/fieldset><div class=\"avia-disabled-form\">La formule est inactive pour refuser le service. Google reCAPTCHA est n\u00e9cessaire pour valider le message envoy\u00e9 par le destinataire.<\/div><input type=\"hidden\" name=\"trp-form-language\" value=\"fr\"\/><\/form><div id=\"ajaxresponse_1\" class=\"ajaxresponse ajaxresponse_1 hidden\"><\/div><\/div>","protected":false},"excerpt":{"rendered":"","protected":false},"author":1,"featured_media":0,"parent":0,"menu_order":0,"comment_status":"closed","ping_status":"closed","template":"","meta":{"footnotes":""},"class_list":["post-27","page","type-page","status-publish","hentry"],"_links":{"self":[{"href":"https:\/\/popcards.nl\/fr\/wp-json\/wp\/v2\/pages\/27","targetHints":{"allow":["GET"]}}],"collection":[{"href":"https:\/\/popcards.nl\/fr\/wp-json\/wp\/v2\/pages"}],"about":[{"href":"https:\/\/popcards.nl\/fr\/wp-json\/wp\/v2\/types\/page"}],"author":[{"embeddable":true,"href":"https:\/\/popcards.nl\/fr\/wp-json\/wp\/v2\/users\/1"}],"replies":[{"embeddable":true,"href":"https:\/\/popcards.nl\/fr\/wp-json\/wp\/v2\/comments?post=27"}],"version-history":[{"count":3,"href":"https:\/\/popcards.nl\/fr\/wp-json\/wp\/v2\/pages\/27\/revisions"}],"predecessor-version":[{"id":95688,"href":"https:\/\/popcards.nl\/fr\/wp-json\/wp\/v2\/pages\/27\/revisions\/95688"}],"wp:attachment":[{"href":"https:\/\/popcards.nl\/fr\/wp-json\/wp\/v2\/media?parent=27"}],"curies":[{"name":"wp","href":"https:\/\/api.w.org\/{rel}","templated":true}]}}