{"id":100734,"date":"2026-03-10T22:01:28","date_gmt":"2026-03-10T21:01:28","guid":{"rendered":"https:\/\/popcards.nl\/?post_type=product&#038;p=100734"},"modified":"2026-03-11T22:58:45","modified_gmt":"2026-03-11T21:58:45","slug":"boite-a-cartes-de-voeux-pop-up-pour-entreprises","status":"publish","type":"product","link":"https:\/\/popcards.nl\/fr\/product\/popcards-wenskaarten-box-voor-bedrijven\/","title":{"rendered":"Bo\u00eete \u00e0 cartes de v\u0153ux Popcards pour entreprises"},"content":{"rendered":"<p><strong>Vaste choix, grande commodit\u00e9 et \u00e9conomies exceptionnelles !<\/strong><br \/>\nVotre entreprise envoie-t-elle r\u00e9guli\u00e8rement des cartes de v\u0153ux\u00a0? Pour un anniversaire, une naissance, un mariage, un anniversaire de mariage, une promotion, un d\u00e9m\u00e9nagement, un prompt r\u00e9tablissement, des condol\u00e9ances, un compliment, un remerciement\u2026<\/p>\n<p>Les occasions de surprendre vos employ\u00e9s et partenaires commerciaux avec une carte pop-up Popcard aussi amusante qu&#039;originale sont innombrables. Succ\u00e8s garanti\u00a0! Avec pr\u00e8s de 350 mod\u00e8les diff\u00e9rents, vous trouverez forc\u00e9ment la carte id\u00e9ale pour chaque occasion.<\/p>\n<p><strong>Une bo\u00eete pleine de possibilit\u00e9s<\/strong><br \/>\nBien s\u00fbr, vous pouvez choisir une carte pour chaque occasion en magasin ou en ligne. Mais cela demande du temps, des efforts et de la r\u00e9flexion, et souvent, il est trop tard pour les envoyer. De plus, cet achat n\u00e9cessite un traitement administratif. Gagnez du temps et de l&#039;\u00e9nergie gr\u00e2ce \u00e0 notre Bo\u00eete de Cartes de V\u0153ux Popcards pour les Entreprises. Vous disposerez toujours d&#039;un stock de cartes originales pour chaque occasion. Et si vous r\u00e9approvisionnez votre bo\u00eete \u00e0 temps, vous ne serez jamais \u00e0 court de cartes. Autre avantage\u00a0: pour chaque commande, vous recevez une facture avec TVA en ligne, que vous pouvez imm\u00e9diatement int\u00e9grer \u00e0 votre comptabilit\u00e9.<\/p>\n<p><strong>Remise int\u00e9ressante<\/strong><br \/>\nLa cinqui\u00e8me Popcard est offerte, et d\u00e8s 50 Popcards command\u00e9es, votre entreprise b\u00e9n\u00e9ficie automatiquement d&#039;une r\u00e9duction suppl\u00e9mentaire de 101 \u00a3TP9T sur la facture finale. Cette r\u00e9duction est appliqu\u00e9e directement sur votre facture. Vous choisissez vos Popcards et composez ainsi votre assortiment de cartes de v\u0153ux en toute libert\u00e9. Aucun achat n&#039;est requis. Vous pouvez \u00e9galement commander une seule Popcard sur le site web (mais sans la r\u00e9duction entreprise).<\/p>\n<p><strong>Bo\u00eete de rangement gratuite avec 50 cartes popcard<\/strong><br \/>\nPour toute premi\u00e8re commande de 50 Popcards ou plus, vous recevrez notre magnifique bo\u00eete de rangement pour cartes de v\u0153ux, pouvant contenir 80 \u00e0 100 Popcards jusqu&#039;\u00e0 25 x 20 cm, ainsi que des timbres, adresses, etc. Cette bo\u00eete pratique vous sera envoy\u00e9e gratuitement avec votre commande et mesure 35 x 25 x 20 cm.<\/p>\n<p><strong>Bo\u00eete gratuite et jusqu&#039;\u00e0 30% de r\u00e9duction : comment \u00e7a marche ?<\/strong><br \/>\nKlik hier voor alle informatie: <a href=\"https:\/\/popcards.nl\/fr\/boite-a-cartes-de-voeux-pop-up-pour-entreprises\/\">popcards.nl\/popcards-wenskaarten-box-voor-bedrijven<\/a><\/p>","protected":false},"excerpt":{"rendered":"<p>Grote Keuze, Groot Gemak en Groot Voordeel! Stuurt uw bedrijf ook regelmatig een wenskaart? Voor verjaardag, geboorte, huwelijk, jubileum, promotie, verhuizing, beterschap, condoleance, een compliment, een bedankje\u2026 Er zijn talloze gelegenheden om uw mensen en relaties te verrassen met zo\u2019n leuke en originele Popcard pop-up kaart. Daar wordt elke ontvanger blij verrast door. Wij hebben [&hellip;]<\/p>\n","protected":false},"featured_media":100768,"comment_status":"open","ping_status":"closed","template":"","meta":{"_iconic_wsb_product_page_order_bump_ids":[[]],"_sku":[],"_iconic_wsb_product_page_bump_modal_ids":[[]]},"product_brand":[],"product_cat":[16],"product_tag":[],"class_list":{"0":"post-100734","1":"product","2":"type-product","3":"status-publish","4":"has-post-thumbnail","6":"product_cat-geen-categorie","8":"first","9":"instock","10":"sold-individually","11":"taxable","12":"shipping-taxable","13":"purchasable","14":"product-type-simple"},"gallery_images":[100769],"_links":{"self":[{"href":"https:\/\/popcards.nl\/fr\/wp-json\/wp\/v2\/product\/100734","targetHints":{"allow":["GET"]}}],"collection":[{"href":"https:\/\/popcards.nl\/fr\/wp-json\/wp\/v2\/product"}],"about":[{"href":"https:\/\/popcards.nl\/fr\/wp-json\/wp\/v2\/types\/product"}],"replies":[{"embeddable":true,"href":"https:\/\/popcards.nl\/fr\/wp-json\/wp\/v2\/comments?post=100734"}],"wp:featuredmedia":[{"embeddable":true,"href":"https:\/\/popcards.nl\/fr\/wp-json\/wp\/v2\/media\/100768"}],"wp:attachment":[{"href":"https:\/\/popcards.nl\/fr\/wp-json\/wp\/v2\/media?parent=100734"}],"wp:term":[{"taxonomy":"product_brand","embeddable":true,"href":"https:\/\/popcards.nl\/fr\/wp-json\/wp\/v2\/product_brand?post=100734"},{"taxonomy":"product_cat","embeddable":true,"href":"https:\/\/popcards.nl\/fr\/wp-json\/wp\/v2\/product_cat?post=100734"},{"taxonomy":"product_tag","embeddable":true,"href":"https:\/\/popcards.nl\/fr\/wp-json\/wp\/v2\/product_tag?post=100734"}],"curies":[{"name":"wp","href":"https:\/\/api.w.org\/{rel}","templated":true}]}}