{"id":101827,"date":"2026-04-08T16:15:31","date_gmt":"2026-04-08T14:15:31","guid":{"rendered":"https:\/\/popcards.nl\/?post_type=product&#038;p=101827"},"modified":"2026-05-08T09:25:18","modified_gmt":"2026-05-08T07:25:18","slug":"carte-pop-up-grande-taille-de-strelitzia-aux-fleurs-paradisiaques","status":"publish","type":"product","link":"https:\/\/popcards.nl\/fr\/product\/paradijsbloemen-strelitzia-grote-pop-up-kaart\/","title":{"rendered":"Bouquet de fleurs d&#039;oiseau de paradis en vase | Carte pop-up Strelitzia g\u00e9ante"},"content":{"rendered":"<p><strong>Apportez les tropiques chez vous \u2013 La m\u00e9ga fleur oiseau de paradis pop-up !<\/strong><br \/>\nOffrez une surprise exotique et grandiose\u00a0! Cette superbe carte pop-up 3D est un v\u00e9ritable chef-d&#039;\u0153uvre botanique. Un bouquet luxuriant, orn\u00e9 de l&#039;embl\u00e9matique strelitzia (oiseau de paradis) et de touches de bleu profond, surgit de l&#039;enveloppe pour une surprise spectaculaire. Id\u00e9ale pour un anniversaire, une pendaison de cr\u00e9maill\u00e8re ou pour faire plaisir \u00e0 un ami voyageur en lui offrant un avant-go\u00fbt de vacances.<\/p>\n<ul>\n<li><strong>Taille impressionnante.<\/strong>\u00a0D&#039;une hauteur de 26 cm, cette pi\u00e8ce d\u00e9corative \u00e9l\u00e9gante et artistique, aux tons orange et bleu vifs, attirera tous les regards dans n&#039;importe quel int\u00e9rieur.<\/li>\n<li><strong>Cadeau complet.<\/strong>\u00a0Comprend une jolie enveloppe violette et une carte assortie s\u00e9par\u00e9e, orn\u00e9e d&#039;une illustration d&#039;oiseau de paradis, pour votre message personnel.<\/li>\n<li><strong>Un symbole de libert\u00e9.<\/strong>\u00a0La fleur d&#039;oiseau de paradis symbolise la libert\u00e9, la splendeur et la joie. Ce bouquet persistant ne se fane jamais et apporte une ambiance tropicale \u00e0 votre int\u00e9rieur tout au long de l&#039;ann\u00e9e.<\/li>\n<\/ul>\n<p>Dimensions du bouquet\u00a0: environ 26\u00a0\u00d7\u00a026\u00a0cm. Dimensions pli\u00e9\u00a0: 31,5\u00a0\u00d7\u00a030\u00a0cm. Poids\u00a0: 160\u00a0grammes.<br \/>\nComprend une enveloppe et une carte d&#039;\u00e9criture assorties, emball\u00e9es dans du cellophane.<\/p>","protected":false},"excerpt":{"rendered":"<p>Haal de tropen in huis \u2013 De Mega Pop-Up Paradijsvogelbloem! Geef een exotische verrassing, maar dan groots! Deze schitterende 3D pop-up kaart is een botanisch meesterwerk. Het is een weelderig boeket met de iconische paradijsvogelbloem (Strelitzia) en diepblauwe accenten, dat als een spectaculaire verrassing uit de envelop tevoorschijn komt. Perfect voor een bijzondere verjaardag, een [&hellip;]<\/p>\n","protected":false},"featured_media":101806,"comment_status":"open","ping_status":"closed","template":"","meta":{"_iconic_wsb_product_page_order_bump_ids":[[]],"_sku":["4805388559814"],"_iconic_wsb_product_page_bump_modal_ids":[[]]},"product_brand":[],"product_cat":[47],"product_tag":[288],"class_list":{"0":"post-101827","1":"product","2":"type-product","3":"status-publish","4":"has-post-thumbnail","6":"product_cat-bloemen-bloemenkaarten-wenskaarten","7":"product_tag-supergroot","9":"first","10":"instock","11":"taxable","12":"shipping-taxable","13":"purchasable","14":"product-type-simple"},"gallery_images":[101813,102085],"_links":{"self":[{"href":"https:\/\/popcards.nl\/fr\/wp-json\/wp\/v2\/product\/101827","targetHints":{"allow":["GET"]}}],"collection":[{"href":"https:\/\/popcards.nl\/fr\/wp-json\/wp\/v2\/product"}],"about":[{"href":"https:\/\/popcards.nl\/fr\/wp-json\/wp\/v2\/types\/product"}],"replies":[{"embeddable":true,"href":"https:\/\/popcards.nl\/fr\/wp-json\/wp\/v2\/comments?post=101827"}],"wp:featuredmedia":[{"embeddable":true,"href":"https:\/\/popcards.nl\/fr\/wp-json\/wp\/v2\/media\/101806"}],"wp:attachment":[{"href":"https:\/\/popcards.nl\/fr\/wp-json\/wp\/v2\/media?parent=101827"}],"wp:term":[{"taxonomy":"product_brand","embeddable":true,"href":"https:\/\/popcards.nl\/fr\/wp-json\/wp\/v2\/product_brand?post=101827"},{"taxonomy":"product_cat","embeddable":true,"href":"https:\/\/popcards.nl\/fr\/wp-json\/wp\/v2\/product_cat?post=101827"},{"taxonomy":"product_tag","embeddable":true,"href":"https:\/\/popcards.nl\/fr\/wp-json\/wp\/v2\/product_tag?post=101827"}],"curies":[{"name":"wp","href":"https:\/\/api.w.org\/{rel}","templated":true}]}}