{"id":101870,"date":"2026-04-09T13:51:43","date_gmt":"2026-04-09T11:51:43","guid":{"rendered":"https:\/\/popcards.nl\/?post_type=product&#038;p=101870"},"modified":"2026-05-14T08:58:55","modified_gmt":"2026-05-14T06:58:55","slug":"iris-de-vincent-van-gogh-bougie-plate-flatyz","status":"publish","type":"product","link":"https:\/\/popcards.nl\/fr\/product\/vincent-van-gogh-irissen-flatyz-platte-kaars\/","title":{"rendered":"Vincent van Gogh \u2013 Iris | Bougie plate FLATYZ \u2013 cadeau unique peint \u00e0 la main"},"content":{"rendered":"<h2>Des cartes pop-up ? Des bougies pop-up ! \ud83d\ude09<\/h2>\n<p>La bougie plate FLATYZ \u2013 Iris de Vincent van Gogh est un cadeau au design unique qui attire imm\u00e9diatement le regard. <strong>bougie peinte \u00e0 la main<\/strong> qui allie ambiance et design dans un seul objet unique.<\/p>\n<p>D\u00e9couvrez la beaut\u00e9 intemporelle des \u2018 Iris \u2019, l&#039;un des chefs-d&#039;\u0153uvre les plus embl\u00e9matiques de Van Gogh. Ce tableau, caract\u00e9ris\u00e9 par des couleurs vibrantes et des influences de l&#039;estampe japonaise, \u00e9tait pour Vincent une source de r\u00e9confort et d&#039;espoir. Laissez cette bougie unique illuminer votre int\u00e9rieur avec la m\u00eame passion et la m\u00eame \u00e9nergie que Van Gogh d\u00e9ployait sur sa toile.<\/p>\n<p>Chaque bougie plate FLATYZ est coul\u00e9e et peinte \u00e0 la main par des artisans qualifi\u00e9s en Lituanie. Pas de production de masse, juste du savoir-faire artisanal. <strong>rendre chaque exemplaire unique<\/strong>.<\/p>\n<p>Sa forme plate \u00e0 deux m\u00e8ches est unique. Autre avantage\u00a0: la bougie emball\u00e9e peut \u00eatre livr\u00e9e directement dans votre bo\u00eete aux lettres. Sans fum\u00e9e, sans odeur et sans coulure, elle s\u2019\u00e9teint d\u2019elle-m\u00eame lorsqu\u2019elle est presque consum\u00e9e. Gr\u00e2ce \u00e0 sa double m\u00e8che en coton, elle br\u00fble uniform\u00e9ment. Son socle en m\u00e9tal lui assure une excellente stabilit\u00e9.<\/p>\n<p>Un objet \u00e9l\u00e9gant pour votre int\u00e9rieur, mais aussi un cadeau artistique original \u00e0 offrir ou, id\u00e9alement, \u00e0 envoyer par la poste. Vous recevrez une carte pour un message personnel et un ensemble complet <strong>magnifique emballage cadeau<\/strong>.<\/p>\n<div id=\"attachment_99801\" style=\"width: 258px\" class=\"wp-caption alignright\"><img decoding=\"async\" aria-describedby=\"caption-attachment-99801\" class=\"wp-image-99801\" src=\"https:\/\/popcards.nl\/wp-content\/uploads\/2026\/02\/kaars-met-verpakking-verticaal-248x300.jpg\" alt=\"\" width=\"248\" height=\"300\" title=\"\" srcset=\"https:\/\/popcards.nl\/wp-content\/uploads\/2026\/02\/kaars-met-verpakking-verticaal-248x300.jpg 248w, https:\/\/popcards.nl\/wp-content\/uploads\/2026\/02\/kaars-met-verpakking-verticaal-992x1200.jpg 992w, https:\/\/popcards.nl\/wp-content\/uploads\/2026\/02\/kaars-met-verpakking-verticaal-768x929.jpg 768w, https:\/\/popcards.nl\/wp-content\/uploads\/2026\/02\/kaars-met-verpakking-verticaal-10x12.jpg 10w, https:\/\/popcards.nl\/wp-content\/uploads\/2026\/02\/kaars-met-verpakking-verticaal-583x705.jpg 583w, https:\/\/popcards.nl\/wp-content\/uploads\/2026\/02\/kaars-met-verpakking-verticaal-450x544.jpg 450w, https:\/\/popcards.nl\/wp-content\/uploads\/2026\/02\/kaars-met-verpakking-verticaal-600x726.jpg 600w, https:\/\/popcards.nl\/wp-content\/uploads\/2026\/02\/kaars-met-verpakking-verticaal-300x363.jpg 300w, https:\/\/popcards.nl\/wp-content\/uploads\/2026\/02\/kaars-met-verpakking-verticaal.jpg 1154w\" sizes=\"(max-width: 248px) 100vw, 248px\" \/><p id=\"caption-attachment-99801\" class=\"wp-caption-text\">Comprend une carte de correspondance et un emballage cadeau<\/p><\/div>\n<ul>\n<li>Fait main et peint \u00e0 la main<\/li>\n<li>Design plat unique (brevet\u00e9)<\/li>\n<li>Sans fum\u00e9e, sans odeur et sans coulures<\/li>\n<li>Fusible double, autoextinguible<\/li>\n<li>Comprend une base en acier robuste<\/li>\n<li>Dimensions : 15 cm x 6,1 cm x 1 cm<\/li>\n<li>Dur\u00e9e de combustion : 3 \u00e0 4 heures<\/li>\n<li>Convient pour l&#039;envoi par courrier<\/li>\n<li>Comprend une carte pour un message personnel<\/li>\n<li>Comprend un magnifique coffret cadeau<\/li>\n<\/ul>","protected":false},"excerpt":{"rendered":"<p>Popcards? Popkaars! \ud83d\ude09 De FLATYZ platte kaars \u2013 Irissen van Vincent van Gogh is een uniek designcadeau dat direct in het oog springt. Een handbeschilderde kaars die sfeer en design combineert in \u00e9\u00e9n bijzonder object. Ervaar de tijdloze pracht van de \u2018Irissen\u2019, een van van Goghs meest iconische meesterwerken. Dit schilderij, gekenmerkt door levendige kleuren [&hellip;]<\/p>\n","protected":false},"featured_media":101857,"comment_status":"open","ping_status":"closed","template":"","meta":{"_iconic_wsb_product_page_order_bump_ids":[[]],"_sku":["4805388569011"],"_iconic_wsb_product_page_bump_modal_ids":[[]]},"product_brand":[],"product_cat":[289],"product_tag":[290],"class_list":{"0":"post-101870","1":"product","2":"type-product","3":"status-publish","4":"has-post-thumbnail","6":"product_cat-flatyz-handbeschilderde-platte-kaarsen","7":"product_tag-flatyz-platte-kaars","9":"first","10":"instock","11":"taxable","12":"shipping-taxable","13":"purchasable","14":"product-type-simple"},"gallery_images":[98597,99797,98587],"_links":{"self":[{"href":"https:\/\/popcards.nl\/fr\/wp-json\/wp\/v2\/product\/101870","targetHints":{"allow":["GET"]}}],"collection":[{"href":"https:\/\/popcards.nl\/fr\/wp-json\/wp\/v2\/product"}],"about":[{"href":"https:\/\/popcards.nl\/fr\/wp-json\/wp\/v2\/types\/product"}],"replies":[{"embeddable":true,"href":"https:\/\/popcards.nl\/fr\/wp-json\/wp\/v2\/comments?post=101870"}],"wp:featuredmedia":[{"embeddable":true,"href":"https:\/\/popcards.nl\/fr\/wp-json\/wp\/v2\/media\/101857"}],"wp:attachment":[{"href":"https:\/\/popcards.nl\/fr\/wp-json\/wp\/v2\/media?parent=101870"}],"wp:term":[{"taxonomy":"product_brand","embeddable":true,"href":"https:\/\/popcards.nl\/fr\/wp-json\/wp\/v2\/product_brand?post=101870"},{"taxonomy":"product_cat","embeddable":true,"href":"https:\/\/popcards.nl\/fr\/wp-json\/wp\/v2\/product_cat?post=101870"},{"taxonomy":"product_tag","embeddable":true,"href":"https:\/\/popcards.nl\/fr\/wp-json\/wp\/v2\/product_tag?post=101870"}],"curies":[{"name":"wp","href":"https:\/\/api.w.org\/{rel}","templated":true}]}}