{"id":101902,"date":"2026-04-09T16:19:33","date_gmt":"2026-04-09T14:19:33","guid":{"rendered":"https:\/\/popcards.nl\/?post_type=product&#038;p=101902"},"modified":"2026-04-09T16:19:33","modified_gmt":"2026-04-09T14:19:33","slug":"ballons-aquarelle-flatyz-bougie-plate","status":"publish","type":"product","link":"https:\/\/popcards.nl\/fr\/product\/ballonnen-in-aquarel-flatyz-platte-kaars\/","title":{"rendered":"Ballons aquarelle | Bougie plate FLATYZ \u2013 cadeau unique peint \u00e0 la main"},"content":{"rendered":"<h2>Des cartes pop-up ? Des bougies pop-up ! \ud83d\ude09<\/h2>\n<p>La bougie plate FLATYZ \u2013 Ballons Aquarelle est un cadeau au design unique qui attire imm\u00e9diatement le regard. <strong>bougie peinte \u00e0 la main<\/strong> qui allie ambiance et design dans un seul objet unique.<\/p>\n<p>Vous cherchez un cadeau d&#039;anniversaire original qui se d\u00e9marque ? Faites de chaque jour une f\u00eate ! Hourra, c&#039;est votre anniversaire ! Avec cette bougie ballon color\u00e9e, invitez instantan\u00e9ment l&#039;esprit festif chez vous. Ses joyeuses couleurs aquarelles et ses d\u00e9tails ludiques en font la d\u00e9coration id\u00e9ale pour tout anniversaire ou f\u00eate. Un \u00e9l\u00e9ment lumineux qui appelle serpentins et g\u00e2teau !<\/p>\n<p>Chaque bougie plate FLATYZ est coul\u00e9e et peinte \u00e0 la main par des artisans qualifi\u00e9s en Lituanie. Pas de production de masse, juste du savoir-faire artisanal. <strong>rendre chaque exemplaire unique<\/strong>.<\/p>\n<p>Sa forme plate \u00e0 deux m\u00e8ches est unique. Autre avantage\u00a0: la bougie emball\u00e9e peut \u00eatre livr\u00e9e directement dans votre bo\u00eete aux lettres. Sans fum\u00e9e, sans odeur et sans coulure, elle s\u2019\u00e9teint d\u2019elle-m\u00eame lorsqu\u2019elle est presque consum\u00e9e. Gr\u00e2ce \u00e0 sa double m\u00e8che en coton, elle br\u00fble uniform\u00e9ment. Son socle en m\u00e9tal lui assure une excellente stabilit\u00e9.<\/p>\n<p>Un objet \u00e9l\u00e9gant pour votre int\u00e9rieur, mais aussi un cadeau artistique original \u00e0 offrir ou, id\u00e9alement, \u00e0 envoyer par la poste. Vous recevrez une carte pour un message personnel et un ensemble complet <strong>magnifique emballage cadeau<\/strong>.<\/p>\n<div id=\"attachment_99801\" style=\"width: 258px\" class=\"wp-caption alignright\"><img decoding=\"async\" aria-describedby=\"caption-attachment-99801\" class=\"wp-image-99801\" src=\"https:\/\/popcards.nl\/wp-content\/uploads\/2026\/02\/kaars-met-verpakking-verticaal-248x300.jpg\" alt=\"\" width=\"248\" height=\"300\" title=\"\" srcset=\"https:\/\/popcards.nl\/wp-content\/uploads\/2026\/02\/kaars-met-verpakking-verticaal-248x300.jpg 248w, https:\/\/popcards.nl\/wp-content\/uploads\/2026\/02\/kaars-met-verpakking-verticaal-992x1200.jpg 992w, https:\/\/popcards.nl\/wp-content\/uploads\/2026\/02\/kaars-met-verpakking-verticaal-768x929.jpg 768w, https:\/\/popcards.nl\/wp-content\/uploads\/2026\/02\/kaars-met-verpakking-verticaal-10x12.jpg 10w, https:\/\/popcards.nl\/wp-content\/uploads\/2026\/02\/kaars-met-verpakking-verticaal-583x705.jpg 583w, https:\/\/popcards.nl\/wp-content\/uploads\/2026\/02\/kaars-met-verpakking-verticaal-450x544.jpg 450w, https:\/\/popcards.nl\/wp-content\/uploads\/2026\/02\/kaars-met-verpakking-verticaal-600x726.jpg 600w, https:\/\/popcards.nl\/wp-content\/uploads\/2026\/02\/kaars-met-verpakking-verticaal-300x363.jpg 300w, https:\/\/popcards.nl\/wp-content\/uploads\/2026\/02\/kaars-met-verpakking-verticaal.jpg 1154w\" sizes=\"(max-width: 248px) 100vw, 248px\" \/><p id=\"caption-attachment-99801\" class=\"wp-caption-text\">Comprend une carte de correspondance et un emballage cadeau<\/p><\/div>\n<ul>\n<li>Fait main et peint \u00e0 la main<\/li>\n<li>Design plat unique (brevet\u00e9)<\/li>\n<li>Sans fum\u00e9e, sans odeur et sans coulures<\/li>\n<li>Fusible double, autoextinguible<\/li>\n<li>Comprend une base en acier robuste<\/li>\n<li>Dimensions : 15 cm x 6,1 cm x 1 cm<\/li>\n<li>Dur\u00e9e de combustion : 3 \u00e0 4 heures<\/li>\n<li>Convient pour l&#039;envoi par courrier<\/li>\n<li>Comprend une carte pour un message personnel<\/li>\n<li>Comprend un magnifique coffret cadeau<\/li>\n<\/ul>","protected":false},"excerpt":{"rendered":"<p>Popcards? Popkaars! \ud83d\ude09 De FLATYZ platte kaars \u2013 Ballonnen in Aquarel is een uniek designcadeau dat direct in het oog springt. Een handbeschilderde kaars die sfeer en design combineert in \u00e9\u00e9n bijzonder object. Zoek je een origineel verjaardagscadeau dat niet zomaar opgaat in de massa? Maak van elke dag een feestje. Hoera, jarig! Met deze [&hellip;]<\/p>\n","protected":false},"featured_media":101864,"comment_status":"open","ping_status":"closed","template":"","meta":{"_iconic_wsb_product_page_order_bump_ids":[[]],"_sku":["4805388555021"],"_iconic_wsb_product_page_bump_modal_ids":[[]]},"product_brand":[],"product_cat":[289,34],"product_tag":[290],"class_list":{"0":"post-101902","1":"product","2":"type-product","3":"status-publish","4":"has-post-thumbnail","6":"product_cat-flatyz-handbeschilderde-platte-kaarsen","7":"product_cat-felicitatie-verjaardag-verjaardagskaarten","8":"product_tag-flatyz-platte-kaars","10":"first","11":"instock","12":"taxable","13":"shipping-taxable","14":"purchasable","15":"product-type-simple"},"gallery_images":[98597,99797,98587],"_links":{"self":[{"href":"https:\/\/popcards.nl\/fr\/wp-json\/wp\/v2\/product\/101902","targetHints":{"allow":["GET"]}}],"collection":[{"href":"https:\/\/popcards.nl\/fr\/wp-json\/wp\/v2\/product"}],"about":[{"href":"https:\/\/popcards.nl\/fr\/wp-json\/wp\/v2\/types\/product"}],"replies":[{"embeddable":true,"href":"https:\/\/popcards.nl\/fr\/wp-json\/wp\/v2\/comments?post=101902"}],"wp:featuredmedia":[{"embeddable":true,"href":"https:\/\/popcards.nl\/fr\/wp-json\/wp\/v2\/media\/101864"}],"wp:attachment":[{"href":"https:\/\/popcards.nl\/fr\/wp-json\/wp\/v2\/media?parent=101902"}],"wp:term":[{"taxonomy":"product_brand","embeddable":true,"href":"https:\/\/popcards.nl\/fr\/wp-json\/wp\/v2\/product_brand?post=101902"},{"taxonomy":"product_cat","embeddable":true,"href":"https:\/\/popcards.nl\/fr\/wp-json\/wp\/v2\/product_cat?post=101902"},{"taxonomy":"product_tag","embeddable":true,"href":"https:\/\/popcards.nl\/fr\/wp-json\/wp\/v2\/product_tag?post=101902"}],"curies":[{"name":"wp","href":"https:\/\/api.w.org\/{rel}","templated":true}]}}