{"id":102576,"date":"2026-04-29T12:45:45","date_gmt":"2026-04-29T10:45:45","guid":{"rendered":"https:\/\/popcards.nl\/?post_type=product&#038;p=102576"},"modified":"2026-04-29T13:07:17","modified_gmt":"2026-04-29T11:07:17","slug":"aquarel-zonnebloem-flatyz-platte-kaars","status":"publish","type":"product","link":"https:\/\/popcards.nl\/fr\/product\/aquarel-zonnebloem-flatyz-platte-kaars\/","title":{"rendered":"Aquarel Zonnebloem | FLATYZ platte kaars \u2013 uniek handbeschilderd cadeau"},"content":{"rendered":"<h2>Des cartes pop-up ? Des bougies pop-up ! \ud83d\ude09<\/h2>\n<p>De FLATYZ platte kaars \u2013 Aquarel Zonnebloem is een uniek designcadeau dat direct in het oog springt. Een <strong>bougie peinte \u00e0 la main<\/strong> qui allie ambiance et design dans un seul objet unique.<\/p>\n<div id=\"model-response-message-contentr_206c06826a052c18\" class=\"markdown markdown-main-panel enable-updated-hr-color\" dir=\"ltr\" aria-live=\"polite\" aria-busy=\"false\">\n<p data-path-to-node=\"0\">Deze handbeschilderde, platte kaars brengt met zijn verfijnde zonnebloem in aquarelstijl een artistiek en zomers kleuraccent in elk interieur.<\/p>\n<\/div>\n<p>Chaque bougie plate FLATYZ est coul\u00e9e et peinte \u00e0 la main par des artisans qualifi\u00e9s en Lituanie. Pas de production de masse, juste du savoir-faire artisanal. <strong>rendre chaque exemplaire unique<\/strong>.<\/p>\n<p>Sa forme plate \u00e0 deux m\u00e8ches est unique. Autre avantage\u00a0: la bougie emball\u00e9e peut \u00eatre livr\u00e9e directement dans votre bo\u00eete aux lettres. Sans fum\u00e9e, sans odeur et sans coulure, elle s\u2019\u00e9teint d\u2019elle-m\u00eame lorsqu\u2019elle est presque consum\u00e9e. Gr\u00e2ce \u00e0 sa double m\u00e8che en coton, elle br\u00fble uniform\u00e9ment. Son socle en m\u00e9tal lui assure une excellente stabilit\u00e9.<\/p>\n<p>Un objet \u00e9l\u00e9gant pour votre int\u00e9rieur, mais aussi un cadeau artistique original \u00e0 offrir ou, id\u00e9alement, \u00e0 envoyer par la poste. Vous recevrez une carte pour un message personnel et un ensemble complet <strong>magnifique emballage cadeau<\/strong>.<\/p>\n<div id=\"attachment_99801\" style=\"width: 258px\" class=\"wp-caption alignright\"><img decoding=\"async\" aria-describedby=\"caption-attachment-99801\" class=\"wp-image-99801\" src=\"https:\/\/popcards.nl\/wp-content\/uploads\/2026\/02\/kaars-met-verpakking-verticaal-248x300.jpg\" alt=\"\" width=\"248\" height=\"300\" title=\"\" srcset=\"https:\/\/popcards.nl\/wp-content\/uploads\/2026\/02\/kaars-met-verpakking-verticaal-248x300.jpg 248w, https:\/\/popcards.nl\/wp-content\/uploads\/2026\/02\/kaars-met-verpakking-verticaal-992x1200.jpg 992w, https:\/\/popcards.nl\/wp-content\/uploads\/2026\/02\/kaars-met-verpakking-verticaal-768x929.jpg 768w, https:\/\/popcards.nl\/wp-content\/uploads\/2026\/02\/kaars-met-verpakking-verticaal-10x12.jpg 10w, https:\/\/popcards.nl\/wp-content\/uploads\/2026\/02\/kaars-met-verpakking-verticaal-583x705.jpg 583w, https:\/\/popcards.nl\/wp-content\/uploads\/2026\/02\/kaars-met-verpakking-verticaal-450x544.jpg 450w, https:\/\/popcards.nl\/wp-content\/uploads\/2026\/02\/kaars-met-verpakking-verticaal-600x726.jpg 600w, https:\/\/popcards.nl\/wp-content\/uploads\/2026\/02\/kaars-met-verpakking-verticaal-300x363.jpg 300w, https:\/\/popcards.nl\/wp-content\/uploads\/2026\/02\/kaars-met-verpakking-verticaal.jpg 1154w\" sizes=\"(max-width: 248px) 100vw, 248px\" \/><p id=\"caption-attachment-99801\" class=\"wp-caption-text\">Comprend une carte de correspondance et un emballage cadeau<\/p><\/div>\n<ul>\n<li>Fait main et peint \u00e0 la main<\/li>\n<li>Design plat unique (brevet\u00e9)<\/li>\n<li>Sans fum\u00e9e, sans odeur et sans coulures<\/li>\n<li>Fusible double, autoextinguible<\/li>\n<li>Comprend une base en acier robuste<\/li>\n<li>Dimensions : 15 cm x 6,1 cm x 1 cm<\/li>\n<li>Dur\u00e9e de combustion : 3 \u00e0 4 heures<\/li>\n<li>Convient pour l&#039;envoi par courrier<\/li>\n<li>Comprend une carte pour un message personnel<\/li>\n<li>Comprend un magnifique coffret cadeau<\/li>\n<\/ul>","protected":false},"excerpt":{"rendered":"<p>Popcards? Popkaars! \ud83d\ude09 De FLATYZ platte kaars \u2013 Aquarel Zonnebloem is een uniek designcadeau dat direct in het oog springt. Een handbeschilderde kaars die sfeer en design combineert in \u00e9\u00e9n bijzonder object. Deze handbeschilderde, platte kaars brengt met zijn verfijnde zonnebloem in aquarelstijl een artistiek en zomers kleuraccent in elk interieur. Elke FLATYZ platte kaars [&hellip;]<\/p>\n","protected":false},"featured_media":102578,"comment_status":"open","ping_status":"closed","template":"","meta":{"_iconic_wsb_product_page_order_bump_ids":[[]],"_sku":["4805388554024"],"_iconic_wsb_product_page_bump_modal_ids":[[]]},"product_brand":[],"product_cat":[289,47],"product_tag":[290],"class_list":{"0":"post-102576","1":"product","2":"type-product","3":"status-publish","4":"has-post-thumbnail","6":"product_cat-flatyz-handbeschilderde-platte-kaarsen","7":"product_cat-bloemen-bloemenkaarten-wenskaarten","8":"product_tag-flatyz-platte-kaars","10":"first","11":"instock","12":"taxable","13":"shipping-taxable","14":"purchasable","15":"product-type-simple"},"gallery_images":[98597,98587,99797],"_links":{"self":[{"href":"https:\/\/popcards.nl\/fr\/wp-json\/wp\/v2\/product\/102576","targetHints":{"allow":["GET"]}}],"collection":[{"href":"https:\/\/popcards.nl\/fr\/wp-json\/wp\/v2\/product"}],"about":[{"href":"https:\/\/popcards.nl\/fr\/wp-json\/wp\/v2\/types\/product"}],"replies":[{"embeddable":true,"href":"https:\/\/popcards.nl\/fr\/wp-json\/wp\/v2\/comments?post=102576"}],"wp:featuredmedia":[{"embeddable":true,"href":"https:\/\/popcards.nl\/fr\/wp-json\/wp\/v2\/media\/102578"}],"wp:attachment":[{"href":"https:\/\/popcards.nl\/fr\/wp-json\/wp\/v2\/media?parent=102576"}],"wp:term":[{"taxonomy":"product_brand","embeddable":true,"href":"https:\/\/popcards.nl\/fr\/wp-json\/wp\/v2\/product_brand?post=102576"},{"taxonomy":"product_cat","embeddable":true,"href":"https:\/\/popcards.nl\/fr\/wp-json\/wp\/v2\/product_cat?post=102576"},{"taxonomy":"product_tag","embeddable":true,"href":"https:\/\/popcards.nl\/fr\/wp-json\/wp\/v2\/product_tag?post=102576"}],"curies":[{"name":"wp","href":"https:\/\/api.w.org\/{rel}","templated":true}]}}