{"id":1066,"date":"2019-03-11T18:25:11","date_gmt":"2019-03-11T17:25:11","guid":{"rendered":"https:\/\/popcards.nl\/?post_type=product&#038;p=1066"},"modified":"2026-04-08T20:23:23","modified_gmt":"2026-04-08T18:23:23","slug":"volkswagen-beetle-voiture-antique","status":"publish","type":"product","link":"https:\/\/popcards.nl\/fr\/product\/volkswagen-kever-antieke-auto\/","title":{"rendered":"Volkswagen Beetle \u2013 Carte de v\u0153ux pop-up Beetle"},"content":{"rendered":"<p>Ce beau scarab\u00e9e est pour tous <a href=\"https:\/\/nl.wikipedia.org\/wiki\/Volkswagen_Kever\" target=\"_blank\" rel=\"noopener noreferrer\">Volkswagen Beetle<\/a> aux amateurs une vraie carte surprise. Qui ne conna\u00eet pas le scarab\u00e9e le plus c\u00e9l\u00e8bre, <a href=\"https:\/\/nl.wikipedia.org\/wiki\/Herbie#\/media\/Bestand:Herbie.jpg\" target=\"_blank\" rel=\"noopener noreferrer\">Herbie, n \u00b0 53<\/a>!<\/p>\n<p>Soit dit en passant, vous avez \u00e9galement nos autres belles <a href=\"https:\/\/popcards.nl\/fr\/carte-2\/klassieke-auto-pop-up-kaart\/\">voiture classique<\/a> vu?<\/p>\n<p>Format carte 24 \u00d7 17 cm, pli\u00e9e en 12 \u00d7 17 cm.<br \/>\nY compris enveloppe vierge assortie, emball\u00e9e dans un sac en cellophane.<\/p>\n<h3>La Volkswagen Beetle<\/h3>\n<div style=\"width: 310px\" class=\"wp-caption alignright\"><a href=\"https:\/\/commons.wikimedia.org\/w\/index.php?curid=3014384\" target=\"_blank\" rel=\"noopener\"><img decoding=\"async\" src=\"https:\/\/upload.wikimedia.org\/wikipedia\/commons\/e\/e4\/Herbie.jpg\" alt=\"Herbie 53 - La c\u00e9l\u00e8bre Volkswagen Beetle\" width=\"300\" height=\"160\" title=\"\"><\/a><p class=\"wp-caption-text\">Door Softeis - Travail personnel, CC BY-SA 3.0<\/p><\/div>\n<p>Officiellement, la Volkswagen Type 1, officieusement en allemand le K\u00e4fer (qui signifie &quot;scarab\u00e9e&quot;), dans certaines parties du monde anglophone le Bug, et connu par de nombreux autres surnoms dans d&#039;autres langues. Il s&#039;agit d&#039;une voiture bon march\u00e9 \u00e0 deux portes avec moteur arri\u00e8re, qui a \u00e9t\u00e9 produite et vendue par le constructeur automobile allemand Volkswagen (VW) de 1938 \u00e0 pas moins de 2003.<\/p>\n<p><a href=\"https:\/\/nl.wikipedia.org\/wiki\/B%C3%A9la_Bar%C3%A9nyi\" target=\"_blank\" rel=\"noopener noreferrer\">B\u00e9la Bar\u00e9nyi<\/a> est cr\u00e9dit\u00e9 du premier concept de cette voiture en 1925. Son dessin technique est cinq ans plus t\u00f4t que Ferdinand Porsche a pr\u00e9tendu avoir fait sa premi\u00e8re version. Le r\u00e9sultat fut la premi\u00e8re Volkswagen et l&#039;une des premi\u00e8res voitures \u00e0 moteur arri\u00e8re. Avec plus de 21 millions produites (!), La Coccinelle est la voiture \u00e0 plateforme unique la plus longue et la plus produite de tous les temps.<\/p>","protected":false},"excerpt":{"rendered":"<p>Deze mooie kever is voor alle Volkswagen Kever liefhebbers een echte verrassingskaart. Wie kent de beroemdste Kever niet, Herbie, nr. 53! Heb je trouwens ook onze andere fraaie klassieke auto gezien? Kaartformaat 24\u00d717 cm, gevouwen tot 12\u00d717 cm. Inclusief bijpassende blanco envelop, verpakt in cellofaan zakje. De Volkswagen Kever Officieel de Volkswagen Type 1, informeel [&hellip;]<\/p>\n","protected":false},"featured_media":24105,"comment_status":"open","ping_status":"closed","template":"","meta":{"_iconic_wsb_product_page_order_bump_ids":[[]],"_sku":["8945005026896"],"_iconic_wsb_product_page_bump_modal_ids":[[]]},"product_brand":[],"product_cat":[17],"product_tag":[110],"class_list":{"0":"post-1066","1":"product","2":"type-product","3":"status-publish","4":"has-post-thumbnail","6":"product_cat-voertuigen-schip-trein-vliegtuig-auto-fiets","7":"product_tag-auto","8":"pa_brand-popcards","10":"first","11":"instock","12":"sale","13":"taxable","14":"shipping-taxable","15":"purchasable","16":"product-type-simple"},"gallery_images":[23924,94331],"_links":{"self":[{"href":"https:\/\/popcards.nl\/fr\/wp-json\/wp\/v2\/product\/1066","targetHints":{"allow":["GET"]}}],"collection":[{"href":"https:\/\/popcards.nl\/fr\/wp-json\/wp\/v2\/product"}],"about":[{"href":"https:\/\/popcards.nl\/fr\/wp-json\/wp\/v2\/types\/product"}],"replies":[{"embeddable":true,"href":"https:\/\/popcards.nl\/fr\/wp-json\/wp\/v2\/comments?post=1066"}],"wp:featuredmedia":[{"embeddable":true,"href":"https:\/\/popcards.nl\/fr\/wp-json\/wp\/v2\/media\/24105"}],"wp:attachment":[{"href":"https:\/\/popcards.nl\/fr\/wp-json\/wp\/v2\/media?parent=1066"}],"wp:term":[{"taxonomy":"product_brand","embeddable":true,"href":"https:\/\/popcards.nl\/fr\/wp-json\/wp\/v2\/product_brand?post=1066"},{"taxonomy":"product_cat","embeddable":true,"href":"https:\/\/popcards.nl\/fr\/wp-json\/wp\/v2\/product_cat?post=1066"},{"taxonomy":"product_tag","embeddable":true,"href":"https:\/\/popcards.nl\/fr\/wp-json\/wp\/v2\/product_tag?post=1066"}],"curies":[{"name":"wp","href":"https:\/\/api.w.org\/{rel}","templated":true}]}}