{"id":1164,"date":"2019-03-12T13:40:23","date_gmt":"2019-03-12T12:40:23","guid":{"rendered":"https:\/\/popcards.nl\/?post_type=product&#038;p=1164"},"modified":"2025-08-29T15:42:58","modified_gmt":"2025-08-29T13:42:58","slug":"carte-de-mariage-romantique-avec-la-mariee-et-le-marie","status":"publish","type":"product","link":"https:\/\/popcards.nl\/fr\/product\/romantische-trouwkaart-bruidspaar-wenskaart\/","title":{"rendered":"Carte de mariage romantique avec couple nuptiale pop up carte de voeux"},"content":{"rendered":"<p>Couple de mariage romantique. Carte de mariage avec les mari\u00e9s dans une \u00e9treinte amoureuse devant un grand coeur rouge. Une belle carte de voeux \u00e0 envoyer!<\/p>\n<p>Taille de la carte 20 \u00d7 15 cm, pli\u00e9e en 10 \u00d7 15 cm.<br \/>\nY compris enveloppe vierge assortie, emball\u00e9e dans un sac en cellophane.<\/p>","protected":false},"excerpt":{"rendered":"<p>Carte de mariage romantique repr\u00e9sentant les mari\u00e9s enlac\u00e9s devant un grand c\u0153ur rouge. Une magnifique carte \u00e0 envoyer\u00a0! Format\u00a0: 20\u00a0x\u00a015\u00a0cm (pli\u00e9e\u00a0: 10\u00a0x\u00a015\u00a0cm). Enveloppe vierge assortie incluse. Emball\u00e9e dans un sachet cellophane.<\/p>","protected":false},"featured_media":2838,"comment_status":"open","ping_status":"closed","template":"","meta":{"_iconic_wsb_product_page_order_bump_ids":[[]],"_sku":["8945005026940"],"_iconic_wsb_product_page_bump_modal_ids":[[]]},"product_brand":[],"product_cat":[28,27,57],"product_tag":[55,94,56,83],"class_list":{"0":"post-1164","1":"product","2":"type-product","3":"status-publish","4":"has-post-thumbnail","6":"product_cat-trouwen-samenwonen-trouwkaarten","7":"product_cat-liefde-liefdeskaarten-valentijnskaarten","8":"product_cat-uitnodigingen-uitnodigingskaarten-verjaardag-jubileum","9":"product_tag-hart","10":"product_tag-huwelijk","11":"product_tag-love","12":"product_tag-valentijn","13":"pa_brand-popcards","15":"first","16":"outofstock","17":"taxable","18":"shipping-taxable","19":"purchasable","20":"product-type-simple"},"gallery_images":[87770],"_links":{"self":[{"href":"https:\/\/popcards.nl\/fr\/wp-json\/wp\/v2\/product\/1164","targetHints":{"allow":["GET"]}}],"collection":[{"href":"https:\/\/popcards.nl\/fr\/wp-json\/wp\/v2\/product"}],"about":[{"href":"https:\/\/popcards.nl\/fr\/wp-json\/wp\/v2\/types\/product"}],"replies":[{"embeddable":true,"href":"https:\/\/popcards.nl\/fr\/wp-json\/wp\/v2\/comments?post=1164"}],"wp:featuredmedia":[{"embeddable":true,"href":"https:\/\/popcards.nl\/fr\/wp-json\/wp\/v2\/media\/2838"}],"wp:attachment":[{"href":"https:\/\/popcards.nl\/fr\/wp-json\/wp\/v2\/media?parent=1164"}],"wp:term":[{"taxonomy":"product_brand","embeddable":true,"href":"https:\/\/popcards.nl\/fr\/wp-json\/wp\/v2\/product_brand?post=1164"},{"taxonomy":"product_cat","embeddable":true,"href":"https:\/\/popcards.nl\/fr\/wp-json\/wp\/v2\/product_cat?post=1164"},{"taxonomy":"product_tag","embeddable":true,"href":"https:\/\/popcards.nl\/fr\/wp-json\/wp\/v2\/product_tag?post=1164"}],"curies":[{"name":"wp","href":"https:\/\/api.w.org\/{rel}","templated":true}]}}