{"id":1168,"date":"2019-03-12T13:45:26","date_gmt":"2019-03-12T12:45:26","guid":{"rendered":"https:\/\/popcards.nl\/?post_type=product&#038;p=1168"},"modified":"2026-04-14T13:24:35","modified_gmt":"2026-04-14T11:24:35","slug":"gay-gay-mariage-carte-avec-couple-nuptiale","status":"publish","type":"product","link":"https:\/\/popcards.nl\/fr\/product\/homohuwelijk-homo-trouwkaart-met-gay-bruidspaar\/","title":{"rendered":"Mariage gay - Carte de mariage avec 2 hommes - Couple de mariage homosexuel - Couple gay"},"content":{"rendered":"<p>Avec cette carte romantique, 2 hommes montrent qu&#039;ils s&#039;aiment et veulent vivre leur vie ensemble. Bien s\u00fbr aussi agr\u00e9able \u00e0 donner au couple qui monte \u00e0 bord du bateau de mariage, ou \u00e0 conclure un contrat de cohabitation ou un partenariat enregistr\u00e9.<\/p>\n<p>Mariage homosexuel: <a href=\"https:\/\/popcards.nl\/fr\/carte-2\/mariage-gay-carte-de-mariage-gay-gay-lesbienne\/\">Nous avons aussi une jolie carte pour 2 femmes qui s&#039;aiment!<\/a><\/p>\n<p>Format carte 24 \u00d7 17 cm, pli\u00e9e en 12 \u00d7 17 cm.<br \/>\nY compris enveloppe vierge assortie, emball\u00e9e dans un sac en cellophane.<\/p>","protected":false},"excerpt":{"rendered":"<p>Met deze romantische kaart laten 2 mannen zien dat ze van elkaar houden en met elkaar verder door het leven willen gaan. Natuurlijk ook leuk om te geven aan het koppel dat het huwelijksbootje instapt, of een samenlevingscontract of geregistreerd partnerschap aan gaan. Homohuwelijk: Ook voor 2 vrouwen die van elkaar houden hebben we een [&hellip;]<\/p>\n","protected":false},"featured_media":1065,"comment_status":"open","ping_status":"closed","template":"","meta":{"_iconic_wsb_product_page_order_bump_ids":[[]],"_sku":["8945005026964"],"_iconic_wsb_product_page_bump_modal_ids":[[]]},"product_brand":[],"product_cat":[28,27,57],"product_tag":[120],"class_list":{"0":"post-1168","1":"product","2":"type-product","3":"status-publish","4":"has-post-thumbnail","6":"product_cat-trouwen-samenwonen-trouwkaarten","7":"product_cat-liefde-liefdeskaarten-valentijnskaarten","8":"product_cat-uitnodigingen-uitnodigingskaarten-verjaardag-jubileum","9":"product_tag-homohuwelijk","10":"pa_brand-popcards","12":"first","13":"instock","14":"taxable","15":"shipping-taxable","16":"purchasable","17":"product-type-simple"},"gallery_images":[87758],"_links":{"self":[{"href":"https:\/\/popcards.nl\/fr\/wp-json\/wp\/v2\/product\/1168","targetHints":{"allow":["GET"]}}],"collection":[{"href":"https:\/\/popcards.nl\/fr\/wp-json\/wp\/v2\/product"}],"about":[{"href":"https:\/\/popcards.nl\/fr\/wp-json\/wp\/v2\/types\/product"}],"replies":[{"embeddable":true,"href":"https:\/\/popcards.nl\/fr\/wp-json\/wp\/v2\/comments?post=1168"}],"wp:featuredmedia":[{"embeddable":true,"href":"https:\/\/popcards.nl\/fr\/wp-json\/wp\/v2\/media\/1065"}],"wp:attachment":[{"href":"https:\/\/popcards.nl\/fr\/wp-json\/wp\/v2\/media?parent=1168"}],"wp:term":[{"taxonomy":"product_brand","embeddable":true,"href":"https:\/\/popcards.nl\/fr\/wp-json\/wp\/v2\/product_brand?post=1168"},{"taxonomy":"product_cat","embeddable":true,"href":"https:\/\/popcards.nl\/fr\/wp-json\/wp\/v2\/product_cat?post=1168"},{"taxonomy":"product_tag","embeddable":true,"href":"https:\/\/popcards.nl\/fr\/wp-json\/wp\/v2\/product_tag?post=1168"}],"curies":[{"name":"wp","href":"https:\/\/api.w.org\/{rel}","templated":true}]}}