{"id":13163,"date":"2020-03-04T17:23:55","date_gmt":"2020-03-04T16:23:55","guid":{"rendered":"https:\/\/popcards.nl\/?post_type=product&#038;p=13163"},"modified":"2026-05-04T12:38:33","modified_gmt":"2026-05-04T10:38:33","slug":"carte-pour-la-fete-des-meres-fete-des-meres-carte-mere","status":"publish","type":"product","link":"https:\/\/popcards.nl\/fr\/product\/kaart-voor-moederdag-moederdagkaart-moeder\/","title":{"rendered":"F\u00eate des m\u00e8res! Carte pop-up F\u00eate des M\u00e8res pour la m\u00e8re la plus douce"},"content":{"rendered":"<p>J&#039;aime maman. J&#039;aime ma m\u00e8re. Le dimanche 8 mai, c&#039;est l&#039;heure : <a href=\"https:\/\/en.wikipedia.org\/wiki\/Mother%27s_Day\" target=\"_blank\" rel=\"noopener noreferrer\">F\u00eate des m\u00e8res<\/a>\u2020 Alors si vous postez cette carte d&#039;ici le vendredi 6 mai, vous avez de grandes chances de surprendre agr\u00e9ablement votre m\u00e8re. C&#039;est encore plus amusant si vous donnez personnellement cette carte \u00e0 votre m\u00e8re le 8 mai. <a href=\"https:\/\/popcards.nl\/fr\/carte-2\/lys-bouquet-fleurs-pop-up-carte-carte-de-voeux\/\">Avec une de nos cartes fleurs l\u00e0-bas?<\/a> M\u00e8re surprise!<\/p>\n<p>Avez-vous \u00e9galement notre autre sp\u00e9cial <a href=\"https:\/\/popcards.nl\/fr\/carte-2\/carte-de-fete-des-meres-3d-fete-des-meres-la-mere-la-plus-chere\/\">carte de f\u00eate des m\u00e8res<\/a> vu?<\/p>\n<p>Taille de la carte 26 \u00d7 15,5 cm, pli\u00e9e en 13 \u00d7 15,5 cm.<br \/>\nY compris enveloppe dor\u00e9e assortie. Emball\u00e9 dans un sac en cellophane.<\/p>\n<h3>Histoire de la f\u00eate des m\u00e8res<\/h3>\n<p>L&#039;histoire de la f\u00eate des m\u00e8res commence aux \u00c9tats-Unis. Anna Jarvis (1864-1948), une enseignante de Philadelphie, a commenc\u00e9 la f\u00eate des m\u00e8res en 1914. Elle admirait sa propre m\u00e8re et le r\u00f4le que les m\u00e8res avaient dans la soci\u00e9t\u00e9. Lorsque sa propre m\u00e8re est d\u00e9c\u00e9d\u00e9e en 1905 le premier dimanche de mai, l&#039;ann\u00e9e suivante, elle a organis\u00e9 une Journ\u00e9e comm\u00e9morative g\u00e9n\u00e9rale de toutes les m\u00e8res le premier dimanche apr\u00e8s le jour du d\u00e9c\u00e8s de sa m\u00e8re. Elle a ensuite voulu organiser une journ\u00e9e en l&#039;honneur des m\u00e8res chaque ann\u00e9e. En 1914, elle r\u00e9ussit \u00e0 faire de la f\u00eate des m\u00e8res une f\u00eate officielle.<\/p>","protected":false},"excerpt":{"rendered":"<p>I love Mom. Ik hou van mijn moeder. Op zondag 8 mei is het zo ver: Moederdag. Dus als je deze kaart uiterlijk vrijdag 6 mei op de post doet, heb je een goede kans dat je je moeder blij verrast. N\u00f3g leuker is het als je op 8 mei deze kaart persoonlijk aan je [&hellip;]<\/p>\n","protected":false},"featured_media":13149,"comment_status":"open","ping_status":"closed","template":"","meta":{"_iconic_wsb_product_page_order_bump_ids":[],"_sku":["8945005027411"],"_iconic_wsb_product_page_bump_modal_ids":[]},"product_brand":[],"product_cat":[34],"product_tag":[127],"class_list":{"0":"post-13163","1":"product","2":"type-product","3":"status-publish","4":"has-post-thumbnail","6":"product_cat-felicitatie-verjaardag-verjaardagskaarten","7":"product_tag-moederdag","8":"pa_brand-popcards","10":"first","11":"instock","12":"sale","13":"taxable","14":"shipping-taxable","15":"purchasable","16":"product-type-simple"},"gallery_images":[],"_links":{"self":[{"href":"https:\/\/popcards.nl\/fr\/wp-json\/wp\/v2\/product\/13163","targetHints":{"allow":["GET"]}}],"collection":[{"href":"https:\/\/popcards.nl\/fr\/wp-json\/wp\/v2\/product"}],"about":[{"href":"https:\/\/popcards.nl\/fr\/wp-json\/wp\/v2\/types\/product"}],"replies":[{"embeddable":true,"href":"https:\/\/popcards.nl\/fr\/wp-json\/wp\/v2\/comments?post=13163"}],"wp:featuredmedia":[{"embeddable":true,"href":"https:\/\/popcards.nl\/fr\/wp-json\/wp\/v2\/media\/13149"}],"wp:attachment":[{"href":"https:\/\/popcards.nl\/fr\/wp-json\/wp\/v2\/media?parent=13163"}],"wp:term":[{"taxonomy":"product_brand","embeddable":true,"href":"https:\/\/popcards.nl\/fr\/wp-json\/wp\/v2\/product_brand?post=13163"},{"taxonomy":"product_cat","embeddable":true,"href":"https:\/\/popcards.nl\/fr\/wp-json\/wp\/v2\/product_cat?post=13163"},{"taxonomy":"product_tag","embeddable":true,"href":"https:\/\/popcards.nl\/fr\/wp-json\/wp\/v2\/product_tag?post=13163"}],"curies":[{"name":"wp","href":"https:\/\/api.w.org\/{rel}","templated":true}]}}