{"id":13165,"date":"2020-03-04T17:27:54","date_gmt":"2020-03-04T16:27:54","guid":{"rendered":"https:\/\/popcards.nl\/?post_type=product&#038;p=13165"},"modified":"2025-06-06T16:42:34","modified_gmt":"2025-06-06T14:42:34","slug":"carte-de-voeux-oiseau-si-fier-comme-un-paon","status":"publish","type":"product","link":"https:\/\/popcards.nl\/fr\/product\/zo-trots-als-een-pauw-kleurrijke-vogel-wenskaart\/","title":{"rendered":"Aussi fier qu&#039;un paon! Oiseau color\u00e9"},"content":{"rendered":"<p>Une belle carte de voeux \u00e0 envoyer \u00e0 des gens qui peuvent \u00eatre tr\u00e8s fiers de quelque chose. Aussi fier qu&#039;un paon de vos enfants, du personnel infirmier des \u00e9tablissements de soins, des infirmi\u00e8res, des m\u00e9decins, du personnel des professions vitales ou de vos coll\u00e8gues. Les amoureux des oiseaux sont \u00e9galement satisfaits de cette belle carte. Suggestion de texte pleine d&#039;esprit pour les personnes d&#039;un bel \u00e2ge, Abraham, Sarah, 60Plus et pour la f\u00eate des p\u00e8res: &quot;Tant que vous portez de la couleur, vous comptez.&quot;<\/p>\n<p><a href=\"https:\/\/popcards.nl\/fr\/categorie\/animaux-cartes-de-voeux\/\">Avez-vous \u00e9galement vu nos autres cartes d&#039;animaux?\u00a0<\/a><\/p>\n<p>Taille de la carte 30 \u00d7 15 cm, pli\u00e9e en 15 \u00d7 15 cm.<br \/>\nY compris enveloppe dor\u00e9e assortie, emball\u00e9e dans un sac en cellophane.<\/p>","protected":false},"excerpt":{"rendered":"<p>Een prachtige wenskaart om te sturen aan mensen die heel trots op iets mogen zijn. Zo trots als een Pauw op je kinderen, op het verplegend personeel van zorginstellingen, verplegers, artsen, personeel in vitale beroepen of je collega&#8217;s. Natuurlijk zijn vogelliefhebbers ook blij met deze mooie kaart. Geestige tekstsuggestie voor mensen die een mooie leeftijd [&hellip;]<\/p>\n","protected":false},"featured_media":13148,"comment_status":"open","ping_status":"closed","template":"","meta":{"_iconic_wsb_product_page_order_bump_ids":[[]],"_sku":["8945005027367"],"_iconic_wsb_product_page_bump_modal_ids":[[]]},"product_brand":[],"product_cat":[21,57],"product_tag":[51,128,142],"class_list":{"0":"post-13165","1":"product","2":"type-product","3":"status-publish","4":"has-post-thumbnail","6":"product_cat-dieren-dierenkaarten-wenskaarten","7":"product_cat-uitnodigingen-uitnodigingskaarten-verjaardag-jubileum","8":"product_tag-dierentuin","9":"product_tag-vaderdag","10":"product_tag-vogel","11":"pa_brand-popcards","13":"first","14":"outofstock","15":"taxable","16":"shipping-taxable","17":"purchasable","18":"product-type-simple"},"gallery_images":[70884],"_links":{"self":[{"href":"https:\/\/popcards.nl\/fr\/wp-json\/wp\/v2\/product\/13165","targetHints":{"allow":["GET"]}}],"collection":[{"href":"https:\/\/popcards.nl\/fr\/wp-json\/wp\/v2\/product"}],"about":[{"href":"https:\/\/popcards.nl\/fr\/wp-json\/wp\/v2\/types\/product"}],"replies":[{"embeddable":true,"href":"https:\/\/popcards.nl\/fr\/wp-json\/wp\/v2\/comments?post=13165"}],"wp:featuredmedia":[{"embeddable":true,"href":"https:\/\/popcards.nl\/fr\/wp-json\/wp\/v2\/media\/13148"}],"wp:attachment":[{"href":"https:\/\/popcards.nl\/fr\/wp-json\/wp\/v2\/media?parent=13165"}],"wp:term":[{"taxonomy":"product_brand","embeddable":true,"href":"https:\/\/popcards.nl\/fr\/wp-json\/wp\/v2\/product_brand?post=13165"},{"taxonomy":"product_cat","embeddable":true,"href":"https:\/\/popcards.nl\/fr\/wp-json\/wp\/v2\/product_cat?post=13165"},{"taxonomy":"product_tag","embeddable":true,"href":"https:\/\/popcards.nl\/fr\/wp-json\/wp\/v2\/product_tag?post=13165"}],"curies":[{"name":"wp","href":"https:\/\/api.w.org\/{rel}","templated":true}]}}