{"id":14365,"date":"2020-04-23T12:18:46","date_gmt":"2020-04-23T10:18:46","guid":{"rendered":"https:\/\/popcards.nl\/?post_type=product&#038;p=14365"},"modified":"2025-06-06T16:42:35","modified_gmt":"2025-06-06T14:42:35","slug":"fleur-carte-rouge-rose-carte-de-voeux-pop-up-carte","status":"publish","type":"product","link":"https:\/\/popcards.nl\/fr\/product\/bloemenkaart-rode-roos-wenskaart-pop-up-kaart\/","title":{"rendered":"Carte fleur de roses rouges Rose rouge"},"content":{"rendered":"<p>La rose rouge. Reine des fleurs, roses rouges. Dans toute sa splendeur, il symbolise l&#039;amour et l&#039;amiti\u00e9. Et cette rose est sans \u00e9pines! <a href=\"https:\/\/popcards.nl\/fr\/categorie\/fleurs-cartes-de-voeux\/\">Nous avons beaucoup plus de belles cartes \u00e0 fleurs!<\/a><\/p>\n<p>Format carte 20 x 16 cm, pli\u00e9e en 10 x 16 cm.<br \/>\nY compris enveloppe vierge assortie, emball\u00e9e dans du cellophane.<\/p>","protected":false},"excerpt":{"rendered":"<p>La rose rouge. Reine des fleurs, roses rouges. Dans toute sa splendeur, elle symbolise l&#039;amour et l&#039;amiti\u00e9. Et cette rose est sans \u00e9pines ! Nous avons beaucoup d\u2019autres belles cartes fleuries ! Format carte 20 x 16 cm, pli\u00e9 \u00e0 10 x 16 cm. Comprend une enveloppe vierge assortie, envelopp\u00e9e dans du cellophane.<\/p>","protected":false},"featured_media":14305,"comment_status":"open","ping_status":"closed","template":"","meta":{"_iconic_wsb_product_page_order_bump_ids":[],"_sku":["8945005027602"],"_iconic_wsb_product_page_bump_modal_ids":[]},"product_brand":[],"product_cat":[47,78,27,57],"product_tag":[48],"class_list":{"0":"post-14365","1":"product","2":"type-product","3":"status-publish","4":"has-post-thumbnail","6":"product_cat-bloemen-bloemenkaarten-wenskaarten","7":"product_cat-beterschapskaarten-troostkaarten-condoleancekaarten","8":"product_cat-liefde-liefdeskaarten-valentijnskaarten","9":"product_cat-uitnodigingen-uitnodigingskaarten-verjaardag-jubileum","10":"product_tag-bloemen","11":"pa_brand-popcards","13":"first","14":"outofstock","15":"taxable","16":"shipping-taxable","17":"purchasable","18":"product-type-simple"},"gallery_images":[],"_links":{"self":[{"href":"https:\/\/popcards.nl\/fr\/wp-json\/wp\/v2\/product\/14365","targetHints":{"allow":["GET"]}}],"collection":[{"href":"https:\/\/popcards.nl\/fr\/wp-json\/wp\/v2\/product"}],"about":[{"href":"https:\/\/popcards.nl\/fr\/wp-json\/wp\/v2\/types\/product"}],"replies":[{"embeddable":true,"href":"https:\/\/popcards.nl\/fr\/wp-json\/wp\/v2\/comments?post=14365"}],"wp:featuredmedia":[{"embeddable":true,"href":"https:\/\/popcards.nl\/fr\/wp-json\/wp\/v2\/media\/14305"}],"wp:attachment":[{"href":"https:\/\/popcards.nl\/fr\/wp-json\/wp\/v2\/media?parent=14365"}],"wp:term":[{"taxonomy":"product_brand","embeddable":true,"href":"https:\/\/popcards.nl\/fr\/wp-json\/wp\/v2\/product_brand?post=14365"},{"taxonomy":"product_cat","embeddable":true,"href":"https:\/\/popcards.nl\/fr\/wp-json\/wp\/v2\/product_cat?post=14365"},{"taxonomy":"product_tag","embeddable":true,"href":"https:\/\/popcards.nl\/fr\/wp-json\/wp\/v2\/product_tag?post=14365"}],"curies":[{"name":"wp","href":"https:\/\/api.w.org\/{rel}","templated":true}]}}