{"id":17068,"date":"2020-08-22T21:31:25","date_gmt":"2020-08-22T19:31:25","guid":{"rendered":"https:\/\/popcards.nl\/?post_type=product&#038;p=17068"},"modified":"2026-02-23T10:39:03","modified_gmt":"2026-02-23T09:39:03","slug":"carte-pop-up-ecureuils-dans-la-foret","status":"publish","type":"product","link":"https:\/\/popcards.nl\/fr\/product\/verliefde-eekhoorntjes-in-het-bos-pop-up-kaart\/","title":{"rendered":"Carte pop-up \u00c9cureuils amoureux dans les bois | Amour Valentine engag\u00e9"},"content":{"rendered":"<p>Une carte de voeux joyeuse avec de doux \u00e9cureuils amoureux \u00e0 l&#039;avant et \u00e0 l&#039;int\u00e9rieur. L&#039;un propose-t-il \u00e0 l&#039;autre? Fian\u00e7ailles, se marier? Devons-nous commencer \u00e0 chercher des noix ensemble \u00e0 partir de maintenant? Une carte pop-up attachante qui plaira \u00e0 coup s\u00fbr.<\/p>\n<p><a href=\"https:\/\/popcards.nl\/fr\/categorie\/animaux-cartes-de-voeux\/\">Nous avons encore plus de superbes cartes d&#039;animaux!<\/a><\/p>\n<p>Taille de la carte 24 x 17 cm, pli\u00e9e en 12 x 17 cm.<br \/>\nY compris enveloppe vierge assortie, emball\u00e9e dans du cellophane.<\/p>","protected":false},"excerpt":{"rendered":"<p>Een vrolijke wenskaart met op de voorkant \u00e9n binnenzijde lieve verliefde eekhoorns. Doet de ene nou een aanzoek bij de ander? Verloving, trouwen? Zullen we voortaan samen nootjes gaan zoeken? Een vertederende pop-up kaart die zeker in de smaak zal vallen. We hebben nog meer prachtige dieren popcards! Kaartformaat 24 x 17 cm, gevouwen tot [&hellip;]<\/p>\n","protected":false},"featured_media":29679,"comment_status":"open","ping_status":"closed","template":"","meta":{"_iconic_wsb_product_page_order_bump_ids":[[]],"_sku":["8945005027725"],"_iconic_wsb_product_page_bump_modal_ids":[[]]},"product_brand":[],"product_cat":[21,27],"product_tag":[132,94,83],"class_list":{"0":"post-17068","1":"product","2":"type-product","3":"status-publish","4":"has-post-thumbnail","6":"product_cat-dieren-dierenkaarten-wenskaarten","7":"product_cat-liefde-liefdeskaarten-valentijnskaarten","8":"product_tag-dier","9":"product_tag-huwelijk","10":"product_tag-valentijn","11":"pa_brand-popcards","13":"first","14":"outofstock","15":"taxable","16":"shipping-taxable","17":"purchasable","18":"product-type-simple"},"gallery_images":[75504],"_links":{"self":[{"href":"https:\/\/popcards.nl\/fr\/wp-json\/wp\/v2\/product\/17068","targetHints":{"allow":["GET"]}}],"collection":[{"href":"https:\/\/popcards.nl\/fr\/wp-json\/wp\/v2\/product"}],"about":[{"href":"https:\/\/popcards.nl\/fr\/wp-json\/wp\/v2\/types\/product"}],"replies":[{"embeddable":true,"href":"https:\/\/popcards.nl\/fr\/wp-json\/wp\/v2\/comments?post=17068"}],"wp:featuredmedia":[{"embeddable":true,"href":"https:\/\/popcards.nl\/fr\/wp-json\/wp\/v2\/media\/29679"}],"wp:attachment":[{"href":"https:\/\/popcards.nl\/fr\/wp-json\/wp\/v2\/media?parent=17068"}],"wp:term":[{"taxonomy":"product_brand","embeddable":true,"href":"https:\/\/popcards.nl\/fr\/wp-json\/wp\/v2\/product_brand?post=17068"},{"taxonomy":"product_cat","embeddable":true,"href":"https:\/\/popcards.nl\/fr\/wp-json\/wp\/v2\/product_cat?post=17068"},{"taxonomy":"product_tag","embeddable":true,"href":"https:\/\/popcards.nl\/fr\/wp-json\/wp\/v2\/product_tag?post=17068"}],"curies":[{"name":"wp","href":"https:\/\/api.w.org\/{rel}","templated":true}]}}