{"id":18107,"date":"2020-10-21T12:04:21","date_gmt":"2020-10-21T10:04:21","guid":{"rendered":"https:\/\/popcards.nl\/?post_type=product&#038;p=18107"},"modified":"2025-12-24T18:16:59","modified_gmt":"2025-12-24T17:16:59","slug":"carte-de-noel-decoration-guirlande-de-noel-carte-pop-up","status":"publish","type":"product","link":"https:\/\/popcards.nl\/fr\/product\/kerstkaart-kerstkrans-versiering-pop-up-kaart\/","title":{"rendered":"Carte de No\u00ebl Guirlande de No\u00ebl avec d\u00e9coration carte de voeux pop-up"},"content":{"rendered":"<p>Carte de guirlande de No\u00ebl. Sur le devant une couronne magnifiquement sculpt\u00e9e avec des roses de No\u00ebl, du houx et un arc. \u00c0 l&#039;int\u00e9rieur d&#039;une grande guirlande de No\u00ebl pop-up color\u00e9e d\u00e9cor\u00e9e d&#039;\u00e9toiles, de poinsettias et d&#039;un arc. Une carte impressionnante que le destinataire conservera pendant des ann\u00e9es et affichera \u00e0 nouveau \u00e0 No\u00ebl. \u00c9galement disponible en grandes quantit\u00e9s. <a href=\"https:\/\/popcards.nl\/fr\/categorie\/les-10-plus-belles-cartes-de-noel\/\">Jetez \u00e9galement un \u0153il \u00e0 nos autres cartes de No\u00ebl.\u00a0<\/a><\/p>\n<p>Format carte 24 \u00d7 17 cm, pli\u00e9e en 12 \u00d7 17 cm.<\/p>\n<p>Y compris enveloppe vierge assortie, emball\u00e9e dans un sac en cellophane.<\/p>","protected":false},"excerpt":{"rendered":"<p>Kerstkrans kaart. Op de voorkant een fraai uitgesneden krans met kerstrozen, hulst en strik. Binnen een grote kleurrijke pop-up kerstkrans, versierd met sterren, kerstrozen en een strik. Een indrukwekkende kaart die de ontvanger jarenlang zal bewaren en telkens met de kerstdagen weer zal uitstallen. Ook in grote oplage verkrijgbaar. Kijk ook bij onze andere kerstkaarten.\u00a0 [&hellip;]<\/p>\n","protected":false},"featured_media":32840,"comment_status":"open","ping_status":"closed","template":"","meta":{"_iconic_wsb_product_page_order_bump_ids":[[]],"_sku":[],"_iconic_wsb_product_page_bump_modal_ids":[[]]},"product_brand":[],"product_cat":[79],"product_tag":[131],"class_list":{"0":"post-18107","1":"product","2":"type-product","3":"status-publish","4":"has-post-thumbnail","6":"product_cat-de-top-10-mooiste-kerstkaarten","7":"product_tag-kerst","8":"pa_brand-popcards","10":"first","11":"outofstock","12":"taxable","13":"shipping-taxable","14":"purchasable","15":"product-type-simple"},"gallery_images":[],"_links":{"self":[{"href":"https:\/\/popcards.nl\/fr\/wp-json\/wp\/v2\/product\/18107","targetHints":{"allow":["GET"]}}],"collection":[{"href":"https:\/\/popcards.nl\/fr\/wp-json\/wp\/v2\/product"}],"about":[{"href":"https:\/\/popcards.nl\/fr\/wp-json\/wp\/v2\/types\/product"}],"replies":[{"embeddable":true,"href":"https:\/\/popcards.nl\/fr\/wp-json\/wp\/v2\/comments?post=18107"}],"wp:featuredmedia":[{"embeddable":true,"href":"https:\/\/popcards.nl\/fr\/wp-json\/wp\/v2\/media\/32840"}],"wp:attachment":[{"href":"https:\/\/popcards.nl\/fr\/wp-json\/wp\/v2\/media?parent=18107"}],"wp:term":[{"taxonomy":"product_brand","embeddable":true,"href":"https:\/\/popcards.nl\/fr\/wp-json\/wp\/v2\/product_brand?post=18107"},{"taxonomy":"product_cat","embeddable":true,"href":"https:\/\/popcards.nl\/fr\/wp-json\/wp\/v2\/product_cat?post=18107"},{"taxonomy":"product_tag","embeddable":true,"href":"https:\/\/popcards.nl\/fr\/wp-json\/wp\/v2\/product_tag?post=18107"}],"curies":[{"name":"wp","href":"https:\/\/api.w.org\/{rel}","templated":true}]}}