{"id":18128,"date":"2020-10-21T13:59:51","date_gmt":"2020-10-21T11:59:51","guid":{"rendered":"https:\/\/popcards.nl\/?post_type=product&#038;p=18128"},"modified":"2026-04-05T09:24:43","modified_gmt":"2026-04-05T07:24:43","slug":"perroquet-macaw-jungle-jungle-pop-up-carte-de-voeux","status":"publish","type":"product","link":"https:\/\/popcards.nl\/fr\/product\/papegaai-ara-oerwoud-jungle-pop-up-wenskaart\/","title":{"rendered":"Carte de voeux Parrot Macaw Jungle Jungle Pop Up"},"content":{"rendered":"<p>Carte animale Perroquet. Le front a une belle image d&#039;un ara magnifiquement color\u00e9. Lorsque vous ouvrez la carte, le perroquet color\u00e9 appara\u00eetra. Ce sera une surprise pour l&#039;amateur d&#039;oiseaux qui recevra cette carte. <a href=\"https:\/\/popcards.nl\/fr\/carte-2\/papegaai\/\">Avez-vous vu notre autre beau perroquet?<\/a> <a href=\"https:\/\/popcards.nl\/fr\/categorie\/animaux-cartes-de-voeux\/\">Nous avons de nombreuses autres cartes d&#039;oiseaux et d&#039;animaux.<\/a><\/p>\n<p>Taille de la carte 30 x 15 cm, pli\u00e9e \u00e0 15 x 15 cm.<\/p>\n<p>Y compris enveloppe vierge assortie, emball\u00e9e dans un sac en cellophane.<\/p>","protected":false},"excerpt":{"rendered":"<p>Dierenkaart Papegaai. De voorkant heeft een fraaie afbeelding van een prachtig gekleurde ara. Als je de kaart opent springt de kleurige papegaai tevoorschijn. Dat wordt een verrassing voor de vogelliefhebber die deze kaart ontvangt. Heb je ook onze andere fraaie papegaai gezien? We hebben nog veel andere vogel- en dierenkaarten. Kaartformaat 30 x 15 cm, [&hellip;]<\/p>\n","protected":false},"featured_media":18050,"comment_status":"open","ping_status":"closed","template":"","meta":{"_iconic_wsb_product_page_order_bump_ids":[[]],"_sku":["8785253682570"],"_iconic_wsb_product_page_bump_modal_ids":[[]]},"product_brand":[],"product_cat":[21],"product_tag":[132,51,142],"class_list":{"0":"post-18128","1":"product","2":"type-product","3":"status-publish","4":"has-post-thumbnail","6":"product_cat-dieren-dierenkaarten-wenskaarten","7":"product_tag-dier","8":"product_tag-dierentuin","9":"product_tag-vogel","10":"pa_brand-popcards","12":"first","13":"instock","14":"sale","15":"taxable","16":"shipping-taxable","17":"purchasable","18":"product-type-simple"},"gallery_images":[18024,85995],"_links":{"self":[{"href":"https:\/\/popcards.nl\/fr\/wp-json\/wp\/v2\/product\/18128","targetHints":{"allow":["GET"]}}],"collection":[{"href":"https:\/\/popcards.nl\/fr\/wp-json\/wp\/v2\/product"}],"about":[{"href":"https:\/\/popcards.nl\/fr\/wp-json\/wp\/v2\/types\/product"}],"replies":[{"embeddable":true,"href":"https:\/\/popcards.nl\/fr\/wp-json\/wp\/v2\/comments?post=18128"}],"wp:featuredmedia":[{"embeddable":true,"href":"https:\/\/popcards.nl\/fr\/wp-json\/wp\/v2\/media\/18050"}],"wp:attachment":[{"href":"https:\/\/popcards.nl\/fr\/wp-json\/wp\/v2\/media?parent=18128"}],"wp:term":[{"taxonomy":"product_brand","embeddable":true,"href":"https:\/\/popcards.nl\/fr\/wp-json\/wp\/v2\/product_brand?post=18128"},{"taxonomy":"product_cat","embeddable":true,"href":"https:\/\/popcards.nl\/fr\/wp-json\/wp\/v2\/product_cat?post=18128"},{"taxonomy":"product_tag","embeddable":true,"href":"https:\/\/popcards.nl\/fr\/wp-json\/wp\/v2\/product_tag?post=18128"}],"curies":[{"name":"wp","href":"https:\/\/api.w.org\/{rel}","templated":true}]}}