{"id":18130,"date":"2020-10-21T14:15:21","date_gmt":"2020-10-21T12:15:21","guid":{"rendered":"https:\/\/popcards.nl\/?post_type=product&#038;p=18130"},"modified":"2026-04-15T14:25:20","modified_gmt":"2026-04-15T12:25:20","slug":"carte-danniversaire-astronaute-astronaute-nasa","status":"publish","type":"product","link":"https:\/\/popcards.nl\/fr\/product\/astronaut-ruimtevaarder-nasa-verjaardagskaart\/","title":{"rendered":"Carte d&#039;anniversaire astronaute cosmonaute Spaceman NASA"},"content":{"rendered":"<p>Carte d&#039;astronaute. Fascin\u00e9 par les voyages dans l&#039;espace, par la NASA? Alors cette carte avec un homme de l&#039;espace aussi dr\u00f4le est un cadeau sp\u00e9cial ou une f\u00e9licitation. Lorsque vous ouvrez la carte, le cosmonaute appara\u00eetra. Avec de beaux ballons \u00e0 la main pour vous f\u00e9liciter. Le myst\u00e9rieux univers sombre contraste magnifiquement avec la combinaison spatiale blanche de l&#039;homme spatial.<\/p>\n<p><a href=\"https:\/\/popcards.nl\/fr\/carte-2\/fusee-mars-nasa-spacex-carte-pop-up-voyage-spatial\/\">Nous avons \u00e9galement une carte contextuelle de la fus\u00e9e NASA SpaceX!<\/a><\/p>\n<p>Taille de la carte 30 x 15 cm, pli\u00e9e \u00e0 15 x 15 cm.<\/p>\n<p>Y compris enveloppe vierge assortie, emball\u00e9e dans un sac en cellophane.<\/p>","protected":false},"excerpt":{"rendered":"<p>Astronaut kaart. Gefascineerd door de ruimtevaart, door NASA? Dan is deze kaart met zo\u2019n grappig ruimtemannetje een bijzonder cadeautje of felicitatie. Als je de kaart opent springt de kosmonaut tevoorschijn. Met mooie ballonnen in zijn hand om je te feliciteren. Het mysterieuze donkere heelal vormt een mooi contrast met het witte ruimtepak van de ruimtevaarder. [&hellip;]<\/p>\n","protected":false},"featured_media":18062,"comment_status":"open","ping_status":"closed","template":"","meta":{"_iconic_wsb_product_page_order_bump_ids":[[]],"_sku":["8785253682549"],"_iconic_wsb_product_page_bump_modal_ids":[[]]},"product_brand":[],"product_cat":[34],"product_tag":[256,137],"class_list":{"0":"post-18130","1":"product","2":"type-product","3":"status-publish","4":"has-post-thumbnail","6":"product_cat-felicitatie-verjaardag-verjaardagskaarten","7":"product_tag-ruimte","8":"product_tag-verjaardag","9":"pa_brand-popcards","11":"first","12":"instock","13":"taxable","14":"shipping-taxable","15":"purchasable","16":"product-type-simple"},"gallery_images":[18019,85996],"_links":{"self":[{"href":"https:\/\/popcards.nl\/fr\/wp-json\/wp\/v2\/product\/18130","targetHints":{"allow":["GET"]}}],"collection":[{"href":"https:\/\/popcards.nl\/fr\/wp-json\/wp\/v2\/product"}],"about":[{"href":"https:\/\/popcards.nl\/fr\/wp-json\/wp\/v2\/types\/product"}],"replies":[{"embeddable":true,"href":"https:\/\/popcards.nl\/fr\/wp-json\/wp\/v2\/comments?post=18130"}],"wp:featuredmedia":[{"embeddable":true,"href":"https:\/\/popcards.nl\/fr\/wp-json\/wp\/v2\/media\/18062"}],"wp:attachment":[{"href":"https:\/\/popcards.nl\/fr\/wp-json\/wp\/v2\/media?parent=18130"}],"wp:term":[{"taxonomy":"product_brand","embeddable":true,"href":"https:\/\/popcards.nl\/fr\/wp-json\/wp\/v2\/product_brand?post=18130"},{"taxonomy":"product_cat","embeddable":true,"href":"https:\/\/popcards.nl\/fr\/wp-json\/wp\/v2\/product_cat?post=18130"},{"taxonomy":"product_tag","embeddable":true,"href":"https:\/\/popcards.nl\/fr\/wp-json\/wp\/v2\/product_tag?post=18130"}],"curies":[{"name":"wp","href":"https:\/\/api.w.org\/{rel}","templated":true}]}}