{"id":19697,"date":"2020-11-30T16:20:35","date_gmt":"2020-11-30T15:20:35","guid":{"rendered":"https:\/\/popcards.nl\/?post_type=product&#038;p=19697"},"modified":"2026-04-18T19:40:17","modified_gmt":"2026-04-18T17:40:17","slug":"sakura-fleur-de-cerisier-carte-de-voeux-mariage-saint-valentin","status":"publish","type":"product","link":"https:\/\/popcards.nl\/fr\/product\/sakura-kersenbloesem-wenskaart-valentijn-trouwen\/","title":{"rendered":"De voeux de cerisier rose de fleur de cerisier de Sakura | Carte de mariage engag\u00e9 de la Saint-Valentin"},"content":{"rendered":"<p>Beau cerisier rose Sakura. Grande carte pop-up impressionnante avec un cerisier magnifiquement sculpt\u00e9 plein de fleurs roses en fleurs. Sous un couple intime homme-femme. Amoureux, fianc\u00e9, mari\u00e9? La romance abonde.<\/p>\n<p>Le devant est rose romantique avec des reflets argent\u00e9s et l&#039;arbre sur le devant est recouvert de paillettes argent\u00e9es.<\/p>\n<p>Vous recevrez un cadre bleu fonc\u00e9, de sorte que la carte puisse imm\u00e9diatement recevoir un bel endroit. \u00c9galement disponible en grande \u00e9dition \u00e0 utiliser comme invitation de mariage. <a href=\"https:\/\/popcards.nl\/fr\/carte-2\/carte-de-voeux-pop-up-cerisier-sakura-fleur-de-cerisier\/\">Avez-vous \u00e9galement vu notre autre cerisier Sakura?<\/a> <a href=\"https:\/\/popcards.nl\/fr\/carte-2\/carte-pop-up-sakura-cerisier-fleur-de-cerisier\/\">Et l&#039;autre fleur de cerisier rose.\u00a0<\/a><\/p>\n<p>Grande carte de format 30 \u00d7 20 cm, pli\u00e9e en 15 \u00d7 20 cm.<br \/>\nY compris cadre bleu fonc\u00e9 et enveloppe assortie, emball\u00e9s dans un sac en cellophane.<\/p>\n<h3>Cerisier Sakura<\/h3>\n<p><a href=\"https:\/\/nl.wikipedia.org\/wiki\/Sakura_(bloesem)\" target=\"_blank\" rel=\"noopener noreferrer\">Sakura<\/a>\u00a0ou fleur de cerisier. La belle fleur de cerisier a toujours \u00e9t\u00e9 un symbole de beaut\u00e9 au Japon.<\/p>","protected":false},"excerpt":{"rendered":"<p>Prachtige roze Sakura kersenboom. Imposant grote pop-up kaart met prachtig uitgesneden kersenboom vol bloeiende roze bloesem. Daaronder een intiem koppel man-vrouw. Verliefd, verloofd, getrouwd? De romantiek is volop aanwezig. De voorkant is romantisch roze met zilverglans en de boom op de voorkant is bezaaid met zilveren glitters. U krijgt er een donkerblauw lijstje bij, zodat [&hellip;]<\/p>\n","protected":false},"featured_media":19687,"comment_status":"open","ping_status":"closed","template":"","meta":{"_iconic_wsb_product_page_order_bump_ids":[[]],"_sku":["8785253682631"],"_iconic_wsb_product_page_bump_modal_ids":[[]]},"product_brand":[],"product_cat":[27,28],"product_tag":[240,94,83],"class_list":{"0":"post-19697","1":"product","2":"type-product","3":"status-publish","4":"has-post-thumbnail","6":"product_cat-liefde-liefdeskaarten-valentijnskaarten","7":"product_cat-trouwen-samenwonen-trouwkaarten","8":"product_tag-boom","9":"product_tag-huwelijk","10":"product_tag-valentijn","11":"pa_brand-popcards","13":"first","14":"instock","15":"taxable","16":"shipping-taxable","17":"purchasable","18":"product-type-simple"},"gallery_images":[19686,87766],"_links":{"self":[{"href":"https:\/\/popcards.nl\/fr\/wp-json\/wp\/v2\/product\/19697","targetHints":{"allow":["GET"]}}],"collection":[{"href":"https:\/\/popcards.nl\/fr\/wp-json\/wp\/v2\/product"}],"about":[{"href":"https:\/\/popcards.nl\/fr\/wp-json\/wp\/v2\/types\/product"}],"replies":[{"embeddable":true,"href":"https:\/\/popcards.nl\/fr\/wp-json\/wp\/v2\/comments?post=19697"}],"wp:featuredmedia":[{"embeddable":true,"href":"https:\/\/popcards.nl\/fr\/wp-json\/wp\/v2\/media\/19687"}],"wp:attachment":[{"href":"https:\/\/popcards.nl\/fr\/wp-json\/wp\/v2\/media?parent=19697"}],"wp:term":[{"taxonomy":"product_brand","embeddable":true,"href":"https:\/\/popcards.nl\/fr\/wp-json\/wp\/v2\/product_brand?post=19697"},{"taxonomy":"product_cat","embeddable":true,"href":"https:\/\/popcards.nl\/fr\/wp-json\/wp\/v2\/product_cat?post=19697"},{"taxonomy":"product_tag","embeddable":true,"href":"https:\/\/popcards.nl\/fr\/wp-json\/wp\/v2\/product_tag?post=19697"}],"curies":[{"name":"wp","href":"https:\/\/api.w.org\/{rel}","templated":true}]}}