{"id":19699,"date":"2020-11-30T16:32:28","date_gmt":"2020-11-30T15:32:28","guid":{"rendered":"https:\/\/popcards.nl\/?post_type=product&#038;p=19699"},"modified":"2025-06-06T16:42:40","modified_gmt":"2025-06-06T14:42:40","slug":"carte-pop-up-sakura-cerisier-fleur-de-cerisier","status":"publish","type":"product","link":"https:\/\/popcards.nl\/fr\/product\/sakura-kersenbloesem-kersenboom-pop-up-kaart\/","title":{"rendered":"Carte de voeux Sakura Cherry Blossom Pink Cherry Tree"},"content":{"rendered":"<p>Sakura Cherry Blossom. Carte pop-up romantique avec un cerisier magnifiquement sculpt\u00e9 plein de fleurs roses en fleurs. Avec une illustration atmosph\u00e9rique d&#039;un paysage, un cerf et une pancarte \u00abHappy\u00bb ci-dessous. Un ciel rose plein de fleurs flottantes. Amoureux, fianc\u00e9, mari\u00e9? La romance abonde.<\/p>\n<p>Le devant est rose romantique avec des fleurs argent\u00e9es brillantes. En plus de l&#039;arbre Sakura pop-up, l&#039;int\u00e9rieur contient \u00e9galement une carte s\u00e9par\u00e9e dans un endroit secret, o\u00f9 vous pouvez \u00e9crire votre texte. <a href=\"https:\/\/popcards.nl\/fr\/carte-2\/carte-de-voeux-pop-up-cerisier-sakura-fleur-de-cerisier\/\">Avez-vous \u00e9galement vu notre autre cerisier Sakura?<\/a> <a href=\"https:\/\/popcards.nl\/fr\/carte-2\/sakura-fleur-de-cerisier-carte-de-voeux-mariage-saint-valentin\/\">Et l&#039;autre fleur de cerisier rose avec couple romantique.\u00a0<\/a><\/p>\n<p>Format carte 30 \u00d7 15 cm, pli\u00e9e en 15 \u00d7 15 cm.<br \/>\nY compris la carte en vrac 9 x 12 cm et l&#039;enveloppe assortie, emball\u00e9e dans un sac de cellophane.<\/p>\n<h3>Cerisier Sakura<\/h3>\n<p><a href=\"https:\/\/nl.wikipedia.org\/wiki\/Sakura_(bloesem)\" target=\"_blank\" rel=\"noopener noreferrer\">Sakura<\/a>\u00a0ou fleur de cerisier. La belle fleur de cerisier a toujours \u00e9t\u00e9 un symbole de beaut\u00e9 au Japon.<\/p>","protected":false},"excerpt":{"rendered":"<p>Sakura Kersenbloesem. Romantische pop-up kaart met prachtig uitgesneden kersenboom vol bloeiende roze bloesem. Met daaronder een sfeervolle illustratie van een landschap, een hert en een \u201cHappy\u201d bordje. Een roze lucht vol zwevende bloemen. Verliefd, verloofd, getrouwd? De romantiek is volop aanwezig. De voorkant is romantisch roze met zilverglanzende bloemen. De binnenkant bevat behalve de pop-up [&hellip;]<\/p>\n","protected":false},"featured_media":19685,"comment_status":"open","ping_status":"closed","template":"","meta":{"_iconic_wsb_product_page_order_bump_ids":[],"_sku":["8785253682648"],"_iconic_wsb_product_page_bump_modal_ids":[]},"product_brand":[],"product_cat":[47,27],"product_tag":[240,83],"class_list":{"0":"post-19699","1":"product","2":"type-product","3":"status-publish","4":"has-post-thumbnail","6":"product_cat-bloemen-bloemenkaarten-wenskaarten","7":"product_cat-liefde-liefdeskaarten-valentijnskaarten","8":"product_tag-boom","9":"product_tag-valentijn","10":"pa_brand-popcards","12":"first","13":"outofstock","14":"taxable","15":"shipping-taxable","16":"purchasable","17":"product-type-simple"},"gallery_images":[19684],"_links":{"self":[{"href":"https:\/\/popcards.nl\/fr\/wp-json\/wp\/v2\/product\/19699","targetHints":{"allow":["GET"]}}],"collection":[{"href":"https:\/\/popcards.nl\/fr\/wp-json\/wp\/v2\/product"}],"about":[{"href":"https:\/\/popcards.nl\/fr\/wp-json\/wp\/v2\/types\/product"}],"replies":[{"embeddable":true,"href":"https:\/\/popcards.nl\/fr\/wp-json\/wp\/v2\/comments?post=19699"}],"wp:featuredmedia":[{"embeddable":true,"href":"https:\/\/popcards.nl\/fr\/wp-json\/wp\/v2\/media\/19685"}],"wp:attachment":[{"href":"https:\/\/popcards.nl\/fr\/wp-json\/wp\/v2\/media?parent=19699"}],"wp:term":[{"taxonomy":"product_brand","embeddable":true,"href":"https:\/\/popcards.nl\/fr\/wp-json\/wp\/v2\/product_brand?post=19699"},{"taxonomy":"product_cat","embeddable":true,"href":"https:\/\/popcards.nl\/fr\/wp-json\/wp\/v2\/product_cat?post=19699"},{"taxonomy":"product_tag","embeddable":true,"href":"https:\/\/popcards.nl\/fr\/wp-json\/wp\/v2\/product_tag?post=19699"}],"curies":[{"name":"wp","href":"https:\/\/api.w.org\/{rel}","templated":true}]}}