{"id":21364,"date":"2021-01-14T17:01:37","date_gmt":"2021-01-14T16:01:37","guid":{"rendered":"https:\/\/popcards.nl\/?post_type=product&#038;p=21364"},"modified":"2026-05-04T20:35:25","modified_gmt":"2026-05-04T18:35:25","slug":"cigogne-apporte-carte-de-naissance-enfant-carte-3d","status":"publish","type":"product","link":"https:\/\/popcards.nl\/fr\/product\/ooievaar-brengt-baby-geboortekaart-kind-3d-kaart\/","title":{"rendered":"Stork apporte b\u00e9b\u00e9 | Annonce de naissance gar\u00e7on fille pop up carte de voeux"},"content":{"rendered":"<p>Cigogne avec b\u00e9b\u00e9. Quel joli faire-part de naissance : cette joyeuse cigogne am\u00e8ne ce petit b\u00e9b\u00e9 dans une \u00e9charpe jaune aux heureux parents. Une \u00e9charpe jaune, donc cette Popcard peut \u00eatre utilis\u00e9e aussi bien pour les gar\u00e7ons que pour les filles. Dans les nuages blancs, vous pouvez \u00e9crire un texte pour le destinataire. Une carte originale pour f\u00e9liciter quelqu&#039;un pour sa grossesse. Ou comme faire-part surprenant pour la naissance d&#039;un enfant. <a href=\"https:\/\/popcards.nl\/fr\/categorie\/carte-de-bebe\/\">Nous avons d&#039;autres superbes cartes de naissance!<\/a><\/p>\n<p>Taille de la carte 30 x 15 cm, pli\u00e9e \u00e0 15 x 15 cm.<br \/>\nY compris enveloppe vierge assortie, emball\u00e9e dans du cellophane.<\/p>","protected":false},"excerpt":{"rendered":"<p>Ooievaar met kindje. Wat een schattige geboortekaart: deze blije ooievaar brengt dit kleine baby\u2019tje in een gele draagdoek naar de gelukkig ouders. Een gele draagdoek, dus is deze Popcard zowel voor jongetjes als voor meisjes toepasbaar. In de witte wolken kunt u een tekst voor de ontvanger schrijven. Een originele kaart om iemand met haar [&hellip;]<\/p>\n","protected":false},"featured_media":54244,"comment_status":"open","ping_status":"closed","template":"","meta":{"_iconic_wsb_product_page_order_bump_ids":[[]],"_sku":["8785253682846"],"_iconic_wsb_product_page_bump_modal_ids":[[]]},"product_brand":[],"product_cat":[22],"product_tag":[25,142],"class_list":{"0":"post-21364","1":"product","2":"type-product","3":"status-publish","4":"has-post-thumbnail","6":"product_cat-geboorte-geboortekaarten-baby-babykaart","7":"product_tag-geboorte","8":"product_tag-vogel","9":"pa_brand-popcards","11":"first","12":"instock","13":"taxable","14":"shipping-taxable","15":"purchasable","16":"product-type-simple"},"gallery_images":[87781],"_links":{"self":[{"href":"https:\/\/popcards.nl\/fr\/wp-json\/wp\/v2\/product\/21364","targetHints":{"allow":["GET"]}}],"collection":[{"href":"https:\/\/popcards.nl\/fr\/wp-json\/wp\/v2\/product"}],"about":[{"href":"https:\/\/popcards.nl\/fr\/wp-json\/wp\/v2\/types\/product"}],"replies":[{"embeddable":true,"href":"https:\/\/popcards.nl\/fr\/wp-json\/wp\/v2\/comments?post=21364"}],"wp:featuredmedia":[{"embeddable":true,"href":"https:\/\/popcards.nl\/fr\/wp-json\/wp\/v2\/media\/54244"}],"wp:attachment":[{"href":"https:\/\/popcards.nl\/fr\/wp-json\/wp\/v2\/media?parent=21364"}],"wp:term":[{"taxonomy":"product_brand","embeddable":true,"href":"https:\/\/popcards.nl\/fr\/wp-json\/wp\/v2\/product_brand?post=21364"},{"taxonomy":"product_cat","embeddable":true,"href":"https:\/\/popcards.nl\/fr\/wp-json\/wp\/v2\/product_cat?post=21364"},{"taxonomy":"product_tag","embeddable":true,"href":"https:\/\/popcards.nl\/fr\/wp-json\/wp\/v2\/product_tag?post=21364"}],"curies":[{"name":"wp","href":"https:\/\/api.w.org\/{rel}","templated":true}]}}