{"id":23,"date":"2018-05-30T21:38:31","date_gmt":"2018-05-30T19:38:31","guid":{"rendered":"https:\/\/popcards.nl\/?post_type=product&#038;p=23"},"modified":"2026-04-18T10:31:06","modified_gmt":"2026-04-18T08:31:06","slug":"modele-reduit-de-locomotive-a-vapeur","status":"publish","type":"product","link":"https:\/\/popcards.nl\/fr\/product\/stoomlocomotief-trein-schaalmodel\/","title":{"rendered":"Train de locomotive \u00e0 vapeur | Carte de voeux pop-up"},"content":{"rendered":"<p>Vous aimez les trains et les locomotives? Belle carte de voeux pop-up avec <a href=\"https:\/\/nl.wikipedia.org\/wiki\/Stoomlocomotief\" target=\"_blank\" rel=\"noopener noreferrer\">locomotive \u00e0 vapeur<\/a>. Maquette d\u00e9taill\u00e9e. Ext\u00e9rieur avec rails d&#039;image. Joli cadeau pour les amateurs de mod\u00e8les de train et les amateurs de train! Consultez \u00e9galement nos autres cartes de voeux de <a href=\"https:\/\/popcards.nl\/fr\/categorie\/voertuigen\/\">voitures classiques, avions, v\u00e9los et navires<\/a>.<\/p>\n<p>Taille de la carte 26 \u00d7 15,5 cm, pli\u00e9e en 13 \u00d7 15,5 cm.<br \/>\nY compris enveloppe vierge assortie, emball\u00e9e dans un sac en cellophane.<\/p>\n<h3>Locomotive contre train<\/h3>\n<p>Une locomotive est un v\u00e9hicule de transport ferroviaire qui fournit la puissance motrice d&#039;un train. Ces v\u00e9hicules sont utilis\u00e9s pour les trains de voyageurs, mais aussi pour le fret. Traditionnellement, les locomotives tiraient les trains de l&#039;avant. Cependant, le fonctionnement push-pull est devenu une pratique courante, o\u00f9 le train peut avoir une locomotive (ou des locomotives) \u00e0 l&#039;avant, \u00e0 l&#039;arri\u00e8re ou \u00e0 chaque extr\u00e9mit\u00e9.<\/p>","protected":false},"excerpt":{"rendered":"<p>Hou jij van treinen en locomotieven? Fraaie pop up wenskaart met complete stoomlocomotief. Gedetailleerd schaalmodel. Buitenzijde met afbeelding rails. Leuk cadeau voor treinmodelliefhebber en treinliefhebbers! Kijk ook bij onze andere wenskaarten van klassieke auto&#8217;s, vliegtuigen, fietsen en schepen. Kaartformaat 26\u00d715,5 cm, gevouwen tot 13\u00d715,5 cm. Inclusief bijpassende blanco envelop, verpakt in cellofaan zakje. Locomotief versus [&hellip;]<\/p>\n","protected":false},"featured_media":225,"comment_status":"open","ping_status":"closed","template":"","meta":{"_iconic_wsb_product_page_order_bump_ids":[[]],"_sku":["8785253685311"],"_iconic_wsb_product_page_bump_modal_ids":[[]]},"product_brand":[],"product_cat":[17],"product_tag":[110],"class_list":{"0":"post-23","1":"product","2":"type-product","3":"status-publish","4":"has-post-thumbnail","6":"product_cat-voertuigen-schip-trein-vliegtuig-auto-fiets","7":"product_tag-auto","8":"pa_brand-popcards","10":"first","11":"instock","12":"sale","13":"taxable","14":"shipping-taxable","15":"purchasable","16":"product-type-simple"},"gallery_images":[70909],"_links":{"self":[{"href":"https:\/\/popcards.nl\/fr\/wp-json\/wp\/v2\/product\/23","targetHints":{"allow":["GET"]}}],"collection":[{"href":"https:\/\/popcards.nl\/fr\/wp-json\/wp\/v2\/product"}],"about":[{"href":"https:\/\/popcards.nl\/fr\/wp-json\/wp\/v2\/types\/product"}],"replies":[{"embeddable":true,"href":"https:\/\/popcards.nl\/fr\/wp-json\/wp\/v2\/comments?post=23"}],"wp:featuredmedia":[{"embeddable":true,"href":"https:\/\/popcards.nl\/fr\/wp-json\/wp\/v2\/media\/225"}],"wp:attachment":[{"href":"https:\/\/popcards.nl\/fr\/wp-json\/wp\/v2\/media?parent=23"}],"wp:term":[{"taxonomy":"product_brand","embeddable":true,"href":"https:\/\/popcards.nl\/fr\/wp-json\/wp\/v2\/product_brand?post=23"},{"taxonomy":"product_cat","embeddable":true,"href":"https:\/\/popcards.nl\/fr\/wp-json\/wp\/v2\/product_cat?post=23"},{"taxonomy":"product_tag","embeddable":true,"href":"https:\/\/popcards.nl\/fr\/wp-json\/wp\/v2\/product_tag?post=23"}],"curies":[{"name":"wp","href":"https:\/\/api.w.org\/{rel}","templated":true}]}}