{"id":24333,"date":"2021-02-24T17:58:48","date_gmt":"2021-02-24T16:58:48","guid":{"rendered":"https:\/\/popcards.nl\/?post_type=product&#038;p=24333"},"modified":"2026-04-26T19:20:58","modified_gmt":"2026-04-26T17:20:58","slug":"mariage-gay-carte-de-mariage-gay-gay-lesbienne","status":"publish","type":"product","link":"https:\/\/popcards.nl\/fr\/product\/homohuwelijk-trouwkaart-homo-gay-lesbisch\/","title":{"rendered":"Mariage gay - Carte de mariage avec 2 femmes - Couple nuptial lesbien - Carte de mariage lesbien"},"content":{"rendered":"<p>Carte de mariage gay. Avec cette carte romantique pleine de belles couleurs arc-en-ciel, deux femmes montrent qu&#039;elles veulent vivre ensemble. Le recto de la carte pr\u00e9sente une illustration de couleur cr\u00e8me joliment sculpt\u00e9e de 2 femmes sous des fleurs de lupin. Vous pouvez utiliser cette Popcard comme carte de f\u00e9licitations ou comme carte d&#039;annonce pour votre nouvelle relation. Bien s\u00fbr aussi agr\u00e9able \u00e0 donner au couple qui se marie, ou conclut un contrat de cohabitation ou de partenariat enregistr\u00e9.<\/p>\n<p><a href=\"https:\/\/popcards.nl\/fr\/carte-2\/mariage-gay-carte-de-mariage-homosexuel-gay-hommes\/\">Nous avons aussi une jolie carte pour 2 hommes qui s&#039;aiment!<\/a><\/p>\n<p>Taille de la carte 30 \u00d7 15 cm, pli\u00e9e en 15 \u00d7 15 cm.<br \/>\nY compris enveloppe vierge assortie, emball\u00e9e dans un sac en cellophane.<\/p>\n<p><strong>&quot;Le mariage gay&quot;<\/strong><br \/>\n<a href=\"https:\/\/nl.wikipedia.org\/wiki\/Homohuwelijk#:~:text=Juridisch%20gezien%20bestaat%20het%20&#039;homohuwelijk,heterohuwelijk&#039;%20geen%20apart%20juridisch%20concept.\" target=\"_blank\" rel=\"noopener\" data-schema-attribute=\"mentions\">Juridiquement parlant, le \u00abmariage homosexuel\u00bb n&#039;existe pas.<\/a> Si les personnes de m\u00eame sexe sont autoris\u00e9es \u00e0 se marier, c&#039;est gr\u00e2ce \u00e0 l&#039;ouverture du mariage civil aux couples de m\u00eame sexe. De m\u00eame, le \u00abmariage h\u00e9t\u00e9rosexuel\u00bb n&#039;est pas un concept juridique distinct. En d&#039;autres termes, c&#039;est juste pour tout le monde: le mariage!<\/p>\n<p><strong>Curieux de savoir comment ces cartes sont fabriqu\u00e9es? Regardez la vid\u00e9o ci-dessous!<br \/>\n<\/strong>\n<style type=\"text\/css\" data-created_by=\"avia_inline_auto\" id=\"style-css-av-rxf819-af80ca83981692924a8790557027b6c7\">\n.avia-video.av-rxf819-af80ca83981692924a8790557027b6c7{\nbackground-image:url(https:\/\/popcards.nl\/wp-content\/uploads\/2021\/04\/lhbt-lesbo-huwelijk-compilatie-2-300x243.jpg);\n}\n<\/style>\n<div  class='avia-video av-rxf819-af80ca83981692924a8790557027b6c7 avia-video-16-9 av-preview-image avia-video-load-always av-lazyload-immediate av-lazyload-video-embed'  data-original_url='https:\/\/player.vimeo.com\/video\/533510536'><script type='text\/html' class='av-video-tmpl'><div class='avia-iframe-wrap'><iframe src=\"https:\/\/player.vimeo.com\/video\/533510536?dnt=1&amp;app_id=122963&autoplay=0&loop=0&controls=1&muted=0\" width=\"1500\" height=\"844\" frameborder=\"0\" allow=\"autoplay; fullscreen; picture-in-picture\" allowfullscreen><\/iframe><\/div><\/script><div class='av-click-to-play-overlay'><div class=\"avia_playpause_icon\"><\/div><\/div><\/div><\/p>","protected":false},"excerpt":{"rendered":"<p>Gay huwelijkskaart. Met deze romantische kaart vol prachtige regenboogkleuren laten twee vrouwen zien dat ze met elkaar verder door het leven willen gaan. De voorkant van de kaart heeft een sfeervol uitgesneden cr\u00e8mekleurige illustratie van 2 dames onder lupinebloemen. U kunt deze Popcard gebruiken als felicitatiekaart of als aankondigingskaart van uw nieuwe relatie. Natuurlijk ook [&hellip;]<\/p>\n","protected":false},"featured_media":24095,"comment_status":"open","ping_status":"closed","template":"","meta":{"_iconic_wsb_product_page_order_bump_ids":[[]],"_sku":["8785253683997"],"_iconic_wsb_product_page_bump_modal_ids":[[]]},"product_brand":[],"product_cat":[28],"product_tag":[120,94],"class_list":{"0":"post-24333","1":"product","2":"type-product","3":"status-publish","4":"has-post-thumbnail","6":"product_cat-trouwen-samenwonen-trouwkaarten","7":"product_tag-homohuwelijk","8":"product_tag-huwelijk","9":"pa_brand-popcards","11":"first","12":"instock","13":"taxable","14":"shipping-taxable","15":"purchasable","16":"product-type-simple"},"gallery_images":[26105,26104,77195],"_links":{"self":[{"href":"https:\/\/popcards.nl\/fr\/wp-json\/wp\/v2\/product\/24333","targetHints":{"allow":["GET"]}}],"collection":[{"href":"https:\/\/popcards.nl\/fr\/wp-json\/wp\/v2\/product"}],"about":[{"href":"https:\/\/popcards.nl\/fr\/wp-json\/wp\/v2\/types\/product"}],"replies":[{"embeddable":true,"href":"https:\/\/popcards.nl\/fr\/wp-json\/wp\/v2\/comments?post=24333"}],"wp:featuredmedia":[{"embeddable":true,"href":"https:\/\/popcards.nl\/fr\/wp-json\/wp\/v2\/media\/24095"}],"wp:attachment":[{"href":"https:\/\/popcards.nl\/fr\/wp-json\/wp\/v2\/media?parent=24333"}],"wp:term":[{"taxonomy":"product_brand","embeddable":true,"href":"https:\/\/popcards.nl\/fr\/wp-json\/wp\/v2\/product_brand?post=24333"},{"taxonomy":"product_cat","embeddable":true,"href":"https:\/\/popcards.nl\/fr\/wp-json\/wp\/v2\/product_cat?post=24333"},{"taxonomy":"product_tag","embeddable":true,"href":"https:\/\/popcards.nl\/fr\/wp-json\/wp\/v2\/product_tag?post=24333"}],"curies":[{"name":"wp","href":"https:\/\/api.w.org\/{rel}","templated":true}]}}