{"id":273,"date":"2018-07-14T23:14:42","date_gmt":"2018-07-14T21:14:42","guid":{"rendered":"https:\/\/popcards.nl\/?post_type=product&#038;p=273"},"modified":"2025-06-27T19:50:46","modified_gmt":"2025-06-27T17:50:46","slug":"nid-doiseau","status":"publish","type":"product","link":"https:\/\/popcards.nl\/fr\/product\/vogelnest-vogel-eieren-jong-kuiken-wenskaart\/","title":{"rendered":"Oiseau nid d&#039;oiseau avec 2 oeufs et jeune poussin Carte de voeux"},"content":{"rendered":"<p>Un nid d&#039;oiseau mignon avec un parent et un poussin qui se nourrit de ver de terre. Une carte de f\u00e9licitations pour la naissance d&#039;un enfant. Aussi bien comme une f\u00e9licitation pour une nouvelle maison (une nouvelle liti\u00e8re!). Ou quand les gens se marient \/ vivent ensemble. <a href=\"https:\/\/en.wikipedia.org\/wiki\/Easter\" target=\"_blank\" rel=\"noopener\" data-schema-attribute=\"\">Bien pour P\u00e2ques aussi.<\/a> Carte de voeux 3D pop-up. <a href=\"https:\/\/popcards.nl\/fr\/carte-2\/mere-oie-naissance-garcon-carte-de-voeux-pop-up\/\">Avez-vous \u00e9galement vu notre carte pop-up avec des oies et des enfants?<\/a><\/p>\n<p>Format carte 24 \u00d7 17 cm, pli\u00e9e en 12 \u00d7 17 cm.<br \/>\nY compris enveloppe vierge assortie, emball\u00e9e dans un sac en cellophane.<\/p>","protected":false},"excerpt":{"rendered":"<p>Een schattig vogelnest met ouder en kuiken dat regenwormpje gevoerd krijgt. Een felicitatiekaart voor de geboorte van een kindje. Ook leuk als felicitatie voor een nieuw huis (een nieuw nest!). Of als mensen gaan trouwen\/samenwonen. Leuk ook voor Pasen. 3D pop-up wenskaart. Heb je ook onze pop-up kaart met gans en kinderen gezien? Kaartformaat 24\u00d717 [&hellip;]<\/p>\n","protected":false},"featured_media":3996,"comment_status":"open","ping_status":"closed","template":"","meta":{"_iconic_wsb_product_page_order_bump_ids":[[]],"_sku":["8945004309112"],"_iconic_wsb_product_page_bump_modal_ids":[[]]},"product_brand":[],"product_cat":[21,22,32,28],"product_tag":[25,142],"class_list":{"0":"post-273","1":"product","2":"type-product","3":"status-publish","4":"has-post-thumbnail","6":"product_cat-dieren-dierenkaarten-wenskaarten","7":"product_cat-geboorte-geboortekaarten-baby-babykaart","8":"product_cat-nieuwe-woning-verhuizing-verhuiskaart","9":"product_cat-trouwen-samenwonen-trouwkaarten","10":"product_tag-geboorte","11":"product_tag-vogel","12":"pa_brand-popcards","14":"first","15":"outofstock","16":"taxable","17":"shipping-taxable","18":"purchasable","19":"product-type-simple"},"gallery_images":[68939],"_links":{"self":[{"href":"https:\/\/popcards.nl\/fr\/wp-json\/wp\/v2\/product\/273","targetHints":{"allow":["GET"]}}],"collection":[{"href":"https:\/\/popcards.nl\/fr\/wp-json\/wp\/v2\/product"}],"about":[{"href":"https:\/\/popcards.nl\/fr\/wp-json\/wp\/v2\/types\/product"}],"replies":[{"embeddable":true,"href":"https:\/\/popcards.nl\/fr\/wp-json\/wp\/v2\/comments?post=273"}],"wp:featuredmedia":[{"embeddable":true,"href":"https:\/\/popcards.nl\/fr\/wp-json\/wp\/v2\/media\/3996"}],"wp:attachment":[{"href":"https:\/\/popcards.nl\/fr\/wp-json\/wp\/v2\/media?parent=273"}],"wp:term":[{"taxonomy":"product_brand","embeddable":true,"href":"https:\/\/popcards.nl\/fr\/wp-json\/wp\/v2\/product_brand?post=273"},{"taxonomy":"product_cat","embeddable":true,"href":"https:\/\/popcards.nl\/fr\/wp-json\/wp\/v2\/product_cat?post=273"},{"taxonomy":"product_tag","embeddable":true,"href":"https:\/\/popcards.nl\/fr\/wp-json\/wp\/v2\/product_tag?post=273"}],"curies":[{"name":"wp","href":"https:\/\/api.w.org\/{rel}","templated":true}]}}