{"id":282,"date":"2018-07-14T23:55:12","date_gmt":"2018-07-14T21:55:12","guid":{"rendered":"https:\/\/popcards.nl\/?post_type=product&#038;p=282"},"modified":"2025-06-06T16:42:28","modified_gmt":"2025-06-06T14:42:28","slug":"composition-de-fleurs-en-vert-clair-et-rouge","status":"publish","type":"product","link":"https:\/\/popcards.nl\/fr\/product\/narcis-pop-up-kaart-prachtige-bloemen-wenskaart\/","title":{"rendered":"Carte pop-up Jonquille | Belle carte de voeux florale"},"content":{"rendered":"<p>Une carte de voeux pop-up impressionnante avec de belles fleurs de jonquille. Convient \u00e0 toutes les occasions. Avec cette carte 3D, vous ferez plaisir \u00e0 chaque destinataire!<\/p>\n<p>Taille de la carte 30 \u00d7 15 cm, pli\u00e9e en 15 \u00d7 15 cm.<br \/>\nY compris enveloppe vierge assortie, emball\u00e9e dans un sac en cellophane.<\/p>","protected":false},"excerpt":{"rendered":"<p>Une carte de v\u0153ux pop-up grand format orn\u00e9e de magnifiques jonquilles. Id\u00e9ale pour toutes les occasions, cette carte 3D ravira son destinataire\u00a0! Dimensions\u00a0: 30\u00a0x\u00a015\u00a0cm (pli\u00e9e\u00a0: 15\u00a0x\u00a015\u00a0cm). Enveloppe vierge assortie incluse. Emballage sous cellophane.<\/p>","protected":false},"featured_media":52814,"comment_status":"open","ping_status":"closed","template":"","meta":{"_iconic_wsb_product_page_order_bump_ids":[[]],"_sku":["8945004309198"],"_iconic_wsb_product_page_bump_modal_ids":[[]]},"product_brand":[],"product_cat":[47,78,34],"product_tag":[48],"class_list":{"0":"post-282","1":"product","2":"type-product","3":"status-publish","4":"has-post-thumbnail","6":"product_cat-bloemen-bloemenkaarten-wenskaarten","7":"product_cat-beterschapskaarten-troostkaarten-condoleancekaarten","8":"product_cat-felicitatie-verjaardag-verjaardagskaarten","9":"product_tag-bloemen","10":"pa_brand-popcards","12":"first","13":"outofstock","14":"taxable","15":"shipping-taxable","16":"purchasable","17":"product-type-simple"},"gallery_images":[70219],"_links":{"self":[{"href":"https:\/\/popcards.nl\/fr\/wp-json\/wp\/v2\/product\/282","targetHints":{"allow":["GET"]}}],"collection":[{"href":"https:\/\/popcards.nl\/fr\/wp-json\/wp\/v2\/product"}],"about":[{"href":"https:\/\/popcards.nl\/fr\/wp-json\/wp\/v2\/types\/product"}],"replies":[{"embeddable":true,"href":"https:\/\/popcards.nl\/fr\/wp-json\/wp\/v2\/comments?post=282"}],"wp:featuredmedia":[{"embeddable":true,"href":"https:\/\/popcards.nl\/fr\/wp-json\/wp\/v2\/media\/52814"}],"wp:attachment":[{"href":"https:\/\/popcards.nl\/fr\/wp-json\/wp\/v2\/media?parent=282"}],"wp:term":[{"taxonomy":"product_brand","embeddable":true,"href":"https:\/\/popcards.nl\/fr\/wp-json\/wp\/v2\/product_brand?post=282"},{"taxonomy":"product_cat","embeddable":true,"href":"https:\/\/popcards.nl\/fr\/wp-json\/wp\/v2\/product_cat?post=282"},{"taxonomy":"product_tag","embeddable":true,"href":"https:\/\/popcards.nl\/fr\/wp-json\/wp\/v2\/product_tag?post=282"}],"curies":[{"name":"wp","href":"https:\/\/api.w.org\/{rel}","templated":true}]}}