{"id":290,"date":"2018-07-16T17:47:47","date_gmt":"2018-07-16T15:47:47","guid":{"rendered":"https:\/\/popcards.nl\/?post_type=product&#038;p=290"},"modified":"2026-05-06T08:13:41","modified_gmt":"2026-05-06T06:13:41","slug":"deux-cadeaux-en-couleurs-gaies","status":"publish","type":"product","link":"https:\/\/popcards.nl\/fr\/product\/cadeautjes-in-vrolijke-kleuren-pop-up-wenskaart\/","title":{"rendered":"Carte de voeux pop-up de deux cadeaux dans des couleurs gaies"},"content":{"rendered":"<p>Deux cadeaux color\u00e9s pour f\u00e9liciter quelqu&#039;un. Donner de l&#039;argent en cadeau est toujours un peu basique, mais si vous placez l&#039;argent dans cette carte pop-up 3D, vous donnez vraiment quelque chose de sp\u00e9cial!<\/p>\n<p>Taille de la carte 24 \u00d7 12 cm, pli\u00e9e en 12 \u00d7 12 cm.<br \/>\nY compris enveloppe vierge assortie, emball\u00e9e dans un sac en cellophane.<\/p>","protected":false},"excerpt":{"rendered":"<p>Deux cadeaux color\u00e9s pour f\u00e9liciter quelqu&#039;un. Donner de l&#039;argent en cadeau est toujours un peu basique, mais si vous placez l&#039;argent dans cette carte pop-up 3D, vous donnez vraiment quelque chose de sp\u00e9cial! Taille de la carte 24 \u00d7 12 cm, pli\u00e9e en 12 \u00d7 12 cm. Y compris enveloppe vierge assortie, emball\u00e9e dans un sac en cellophane.<\/p>","protected":false},"featured_media":173,"comment_status":"open","ping_status":"closed","template":"","meta":{"_iconic_wsb_product_page_order_bump_ids":[[]],"_sku":["8945004309228"],"_iconic_wsb_product_page_bump_modal_ids":[[]]},"product_brand":[],"product_cat":[34],"product_tag":[53,112,137],"class_list":{"0":"post-290","1":"product","2":"type-product","3":"status-publish","4":"has-post-thumbnail","6":"product_cat-felicitatie-verjaardag-verjaardagskaarten","7":"product_tag-cadeau","8":"product_tag-geslaagd","9":"product_tag-verjaardag","10":"pa_brand-popcards","12":"first","13":"instock","14":"taxable","15":"shipping-taxable","16":"purchasable","17":"product-type-simple"},"gallery_images":[70057],"_links":{"self":[{"href":"https:\/\/popcards.nl\/fr\/wp-json\/wp\/v2\/product\/290","targetHints":{"allow":["GET"]}}],"collection":[{"href":"https:\/\/popcards.nl\/fr\/wp-json\/wp\/v2\/product"}],"about":[{"href":"https:\/\/popcards.nl\/fr\/wp-json\/wp\/v2\/types\/product"}],"replies":[{"embeddable":true,"href":"https:\/\/popcards.nl\/fr\/wp-json\/wp\/v2\/comments?post=290"}],"wp:featuredmedia":[{"embeddable":true,"href":"https:\/\/popcards.nl\/fr\/wp-json\/wp\/v2\/media\/173"}],"wp:attachment":[{"href":"https:\/\/popcards.nl\/fr\/wp-json\/wp\/v2\/media?parent=290"}],"wp:term":[{"taxonomy":"product_brand","embeddable":true,"href":"https:\/\/popcards.nl\/fr\/wp-json\/wp\/v2\/product_brand?post=290"},{"taxonomy":"product_cat","embeddable":true,"href":"https:\/\/popcards.nl\/fr\/wp-json\/wp\/v2\/product_cat?post=290"},{"taxonomy":"product_tag","embeddable":true,"href":"https:\/\/popcards.nl\/fr\/wp-json\/wp\/v2\/product_tag?post=290"}],"curies":[{"name":"wp","href":"https:\/\/api.w.org\/{rel}","templated":true}]}}