{"id":294,"date":"2018-07-16T18:00:29","date_gmt":"2018-07-16T16:00:29","guid":{"rendered":"https:\/\/popcards.nl\/?post_type=product&#038;p=294"},"modified":"2026-05-04T13:34:26","modified_gmt":"2026-05-04T11:34:26","slug":"cupidon-avec-grand-coeur-rouge-valentine","status":"publish","type":"product","link":"https:\/\/popcards.nl\/fr\/product\/cupido-met-groot-rood-hart-valentijn\/","title":{"rendered":"Cupids avec grand coeur rouge - Valentine"},"content":{"rendered":"<p>Vous cherchez une belle carte de Saint Valentin? Cette carte n&#039;a pas besoin de mots pour montrer son amour. Un grand coeur rouge avec pas moins de 2 <a href=\"https:\/\/nl.wikipedia.org\/wiki\/Cupido_(mythologie)\" target=\"_blank\" rel=\"noopener noreferrer\">Cupids<\/a> dis plus qu&#039;assez. Carte F\u00eate des M\u00e8res: Aussi une carte fantastique \u00e0 offrir pour la F\u00eate des M\u00e8res en mai, par exemple!<\/p>\n<p>Avez-vous aussi notre<a href=\"https:\/\/popcards.nl\/fr\/categorie\/cartes-damour-valentines\/\"> autres cartes Saint Valentin et amour<\/a> vu?<\/p>\n<p>Taille de la carte 26 \u00d7 15,5 cm, pli\u00e9e en 13 \u00d7 15,5 cm.<br \/>\nY compris enveloppe vierge assortie, emball\u00e9e dans un sac en cellophane.<\/p>","protected":false},"excerpt":{"rendered":"<p>Op zoek naar een prachtige Valentijnkaart? Deze kaart heeft geen woorden nodig om de liefde te tonen. Een groot rood hart met maar liefst 2 Cupido\u2019s zeggen meer dan genoeg.\u00a0 Moederdagkaart: Ook een fantastische kaart om bijvoorbeeld in mei voor Moederdag te geven! Heb je ook onze andere Valentijn- en liefdeskaarten gezien? Kaartformaat 26&#215;15,5 cm, [&hellip;]<\/p>\n","protected":false},"featured_media":193,"comment_status":"open","ping_status":"closed","template":"","meta":{"_iconic_wsb_product_page_order_bump_ids":[[]],"_sku":["8785253683416"],"_iconic_wsb_product_page_bump_modal_ids":[[]]},"product_brand":[],"product_cat":[27,28],"product_tag":[55,83],"class_list":{"0":"post-294","1":"product","2":"type-product","3":"status-publish","4":"has-post-thumbnail","6":"product_cat-liefde-liefdeskaarten-valentijnskaarten","7":"product_cat-trouwen-samenwonen-trouwkaarten","8":"product_tag-hart","9":"product_tag-valentijn","10":"pa_brand-popcards","12":"first","13":"instock","14":"taxable","15":"shipping-taxable","16":"purchasable","17":"product-type-simple"},"gallery_images":[75497],"_links":{"self":[{"href":"https:\/\/popcards.nl\/fr\/wp-json\/wp\/v2\/product\/294","targetHints":{"allow":["GET"]}}],"collection":[{"href":"https:\/\/popcards.nl\/fr\/wp-json\/wp\/v2\/product"}],"about":[{"href":"https:\/\/popcards.nl\/fr\/wp-json\/wp\/v2\/types\/product"}],"replies":[{"embeddable":true,"href":"https:\/\/popcards.nl\/fr\/wp-json\/wp\/v2\/comments?post=294"}],"wp:featuredmedia":[{"embeddable":true,"href":"https:\/\/popcards.nl\/fr\/wp-json\/wp\/v2\/media\/193"}],"wp:attachment":[{"href":"https:\/\/popcards.nl\/fr\/wp-json\/wp\/v2\/media?parent=294"}],"wp:term":[{"taxonomy":"product_brand","embeddable":true,"href":"https:\/\/popcards.nl\/fr\/wp-json\/wp\/v2\/product_brand?post=294"},{"taxonomy":"product_cat","embeddable":true,"href":"https:\/\/popcards.nl\/fr\/wp-json\/wp\/v2\/product_cat?post=294"},{"taxonomy":"product_tag","embeddable":true,"href":"https:\/\/popcards.nl\/fr\/wp-json\/wp\/v2\/product_tag?post=294"}],"curies":[{"name":"wp","href":"https:\/\/api.w.org\/{rel}","templated":true}]}}