{"id":29691,"date":"2021-07-16T22:27:37","date_gmt":"2021-07-16T20:27:37","guid":{"rendered":"https:\/\/popcards.nl\/?post_type=product&#038;p=29691"},"modified":"2026-04-27T17:10:59","modified_gmt":"2026-04-27T15:10:59","slug":"carte-fleur-cape-pensee-dans-panier-osier","status":"publish","type":"product","link":"https:\/\/popcards.nl\/fr\/product\/bloemenkaart-kaaps-viooltje-in-rieten-mand\/","title":{"rendered":"Carte fleur Cape Violet dans panier en osier"},"content":{"rendered":"<p>Carte de fleurs Cape Violet. Un panier en osier plein de violettes du Cap violet fonc\u00e9 en fleurs. Dans le coin de la carte une subtile illustration qui embellit encore plus la carte. Il y a suffisamment d&#039;espace autour pour votre texte personnel. Le devant violet fonc\u00e9 contient une illustration d\u00e9coup\u00e9e au laser qui donne un effet sp\u00e9cial.<\/p>\n<p>Il y a quelque chose d&#039;attachant dans les violettes. Dans le symbolisme des fleurs, ils repr\u00e9sentent l&#039;humilit\u00e9, la modestie. Mais avec leurs \u00ab\u00a0visages\u00a0\u00bb en forme de c\u0153ur aussi pour la tentation. Leur signification n&#039;est donc pas tout \u00e0 fait innocente. Tout le monde connaissait ce langage des fleurs. Les violettes \u00e9taient donc souvent port\u00e9es comme des corsages r\u00e9v\u00e9lateurs.<\/p>\n<p>Dites-le avec des fleurs! <a href=\"https:\/\/popcards.nl\/fr\/categorie\/fleurs-cartes-de-voeux\/\">Nous avons beaucoup plus de cartes pop-up de fleurs.<\/a><\/p>\n<p>Taille de la carte 30 \u00d7 15 cm, pli\u00e9e en 15 \u00d7 15 cm.<br \/>\nY compris enveloppe assortie, emball\u00e9e dans un sac de cellophane.<\/p>","protected":false},"excerpt":{"rendered":"<p>Bloemenkaart Kaaps Viooltje. Een rieten mandje vol bloeiende dieppaarse Kaapse viooltjes. In de hoek van de kaart een subtiele illustratie die de kaart extra verfraait. Daar omheen voldoende ruimte voor uw persoonlijke tekst. De dieppaarse voorkant bevat een laser uitgesneden illustratie wat een bijzonder effect geeft. Viooltjes hebben iets vertederends. Ze staan in de bloemensymboliek [&hellip;]<\/p>\n","protected":false},"featured_media":59178,"comment_status":"open","ping_status":"closed","template":"","meta":{"_iconic_wsb_product_page_order_bump_ids":[],"_sku":["8785253683201"],"_iconic_wsb_product_page_bump_modal_ids":[]},"product_brand":[],"product_cat":[47,78],"product_tag":[253,48],"class_list":{"0":"post-29691","1":"product","2":"type-product","3":"status-publish","4":"has-post-thumbnail","6":"product_cat-bloemen-bloemenkaarten-wenskaarten","7":"product_cat-beterschapskaarten-troostkaarten-condoleancekaarten","8":"product_tag-beterschap","9":"product_tag-bloemen","10":"pa_brand-popcards","12":"first","13":"instock","14":"taxable","15":"shipping-taxable","16":"purchasable","17":"product-type-simple"},"gallery_images":[],"_links":{"self":[{"href":"https:\/\/popcards.nl\/fr\/wp-json\/wp\/v2\/product\/29691","targetHints":{"allow":["GET"]}}],"collection":[{"href":"https:\/\/popcards.nl\/fr\/wp-json\/wp\/v2\/product"}],"about":[{"href":"https:\/\/popcards.nl\/fr\/wp-json\/wp\/v2\/types\/product"}],"replies":[{"embeddable":true,"href":"https:\/\/popcards.nl\/fr\/wp-json\/wp\/v2\/comments?post=29691"}],"wp:featuredmedia":[{"embeddable":true,"href":"https:\/\/popcards.nl\/fr\/wp-json\/wp\/v2\/media\/59178"}],"wp:attachment":[{"href":"https:\/\/popcards.nl\/fr\/wp-json\/wp\/v2\/media?parent=29691"}],"wp:term":[{"taxonomy":"product_brand","embeddable":true,"href":"https:\/\/popcards.nl\/fr\/wp-json\/wp\/v2\/product_brand?post=29691"},{"taxonomy":"product_cat","embeddable":true,"href":"https:\/\/popcards.nl\/fr\/wp-json\/wp\/v2\/product_cat?post=29691"},{"taxonomy":"product_tag","embeddable":true,"href":"https:\/\/popcards.nl\/fr\/wp-json\/wp\/v2\/product_tag?post=29691"}],"curies":[{"name":"wp","href":"https:\/\/api.w.org\/{rel}","templated":true}]}}