{"id":297,"date":"2018-07-16T18:15:32","date_gmt":"2018-07-16T16:15:32","guid":{"rendered":"https:\/\/popcards.nl\/?post_type=product&#038;p=297"},"modified":"2026-05-05T07:26:57","modified_gmt":"2026-05-05T05:26:57","slug":"guitare-noir-avant","status":"publish","type":"product","link":"https:\/\/popcards.nl\/fr\/product\/akoestische-gitaar-live-music-pop-up-wenskaart\/","title":{"rendered":"Guitare acoustique Musique live Carte de voeux 3D pop-up"},"content":{"rendered":"<p>Cette guitare acoustique a fi\u00e8re allure sur cette carte de voeux pop-up. Et tr\u00e8s bien si le destinataire joue aussi de la guitare ou aime la guitare.<\/p>\n<p>Taille de la carte 26 \u00d7 15,5 cm, pli\u00e9e en 13 \u00d7 15,5 cm.<br \/>\nY compris enveloppe vierge assortie, emball\u00e9e dans un sac en cellophane.<\/p>","protected":false},"excerpt":{"rendered":"<p>Cette guitare acoustique est magnifique sur cette carte de v\u0153ux pop-up. Et c&#039;est encore plus amusant si le destinataire joue aussi de la guitare ou en est un passionn\u00e9. Format de la carte\u00a0: 26\u00a0\u00d7\u00a015,5\u00a0cm, pli\u00e9e en 13\u00a0\u00d7\u00a015,5\u00a0cm. Enveloppe vierge assortie incluse, emball\u00e9e dans un sachet cellophane.<\/p>","protected":false},"featured_media":187,"comment_status":"open","ping_status":"closed","template":"","meta":{"_iconic_wsb_product_page_order_bump_ids":[[]],"_sku":["8945004309327"],"_iconic_wsb_product_page_bump_modal_ids":[[]]},"product_brand":[],"product_cat":[58,78,27,57],"product_tag":[134],"class_list":{"0":"post-297","1":"product","2":"type-product","3":"status-publish","4":"has-post-thumbnail","6":"product_cat-muziek-muziekinstrumenten-wenskaarten","7":"product_cat-beterschapskaarten-troostkaarten-condoleancekaarten","8":"product_cat-liefde-liefdeskaarten-valentijnskaarten","9":"product_cat-uitnodigingen-uitnodigingskaarten-verjaardag-jubileum","10":"product_tag-muziek","11":"pa_brand-popcards","13":"first","14":"instock","15":"taxable","16":"shipping-taxable","17":"purchasable","18":"product-type-simple"},"gallery_images":[71080],"_links":{"self":[{"href":"https:\/\/popcards.nl\/fr\/wp-json\/wp\/v2\/product\/297","targetHints":{"allow":["GET"]}}],"collection":[{"href":"https:\/\/popcards.nl\/fr\/wp-json\/wp\/v2\/product"}],"about":[{"href":"https:\/\/popcards.nl\/fr\/wp-json\/wp\/v2\/types\/product"}],"replies":[{"embeddable":true,"href":"https:\/\/popcards.nl\/fr\/wp-json\/wp\/v2\/comments?post=297"}],"wp:featuredmedia":[{"embeddable":true,"href":"https:\/\/popcards.nl\/fr\/wp-json\/wp\/v2\/media\/187"}],"wp:attachment":[{"href":"https:\/\/popcards.nl\/fr\/wp-json\/wp\/v2\/media?parent=297"}],"wp:term":[{"taxonomy":"product_brand","embeddable":true,"href":"https:\/\/popcards.nl\/fr\/wp-json\/wp\/v2\/product_brand?post=297"},{"taxonomy":"product_cat","embeddable":true,"href":"https:\/\/popcards.nl\/fr\/wp-json\/wp\/v2\/product_cat?post=297"},{"taxonomy":"product_tag","embeddable":true,"href":"https:\/\/popcards.nl\/fr\/wp-json\/wp\/v2\/product_tag?post=297"}],"curies":[{"name":"wp","href":"https:\/\/api.w.org\/{rel}","templated":true}]}}