{"id":299,"date":"2018-07-16T18:48:39","date_gmt":"2018-07-16T16:48:39","guid":{"rendered":"https:\/\/popcards.nl\/?post_type=product&#038;p=299"},"modified":"2026-04-14T09:09:18","modified_gmt":"2026-04-14T07:09:18","slug":"avion-classique-avec-helice","status":"publish","type":"product","link":"https:\/\/popcards.nl\/fr\/product\/vliegtuig-met-propellor-dubbeldekker-wenskaart\/","title":{"rendered":"Carte de voeux pop up biplan h\u00e9lice d&#039;avion"},"content":{"rendered":"<p>Cet avion classique est tr\u00e8s beau. Avec cette carte de voeux pop-up, vous ferez une grande faveur \u00e0 tous les passionn\u00e9s d&#039;avions! En plus de cet avion classique, nous avons \u00e9galement <a href=\"https:\/\/popcards.nl\/fr\/product\/avion-moderne\/\">un avion moderne<\/a> dans notre gamme.<\/p>\n<p>Taille de la carte 26 \u00d7 15 cm, pli\u00e9e \u00e0 13 \u00d7 15 cm.<br \/>\nY compris enveloppe vierge assortie, emball\u00e9e dans un sac en cellophane.<\/p>","protected":false},"excerpt":{"rendered":"<p>Cet avion classique est tr\u00e8s beau. Avec cette carte de v\u0153ux pop-up, vous ferez une grande faveur \u00e0 tous les amateurs d&#039;avion ! En plus de cet avion classique, nous avons \u00e9galement dans notre gamme un avion moderne. Format carte 26\u00d715 cm, pli\u00e9e \u00e0 13\u00d715 cm. Comprend une enveloppe vierge assortie, emball\u00e9e dans un sac en cellophane.<\/p>","protected":false},"featured_media":246,"comment_status":"open","ping_status":"closed","template":"","meta":{"_iconic_wsb_product_page_order_bump_ids":[[]],"_sku":["8945004309297"],"_iconic_wsb_product_page_bump_modal_ids":[[]]},"product_brand":[],"product_cat":[17],"product_tag":[133],"class_list":{"0":"post-299","1":"product","2":"type-product","3":"status-publish","4":"has-post-thumbnail","6":"product_cat-voertuigen-schip-trein-vliegtuig-auto-fiets","7":"product_tag-vliegtuig","8":"pa_brand-popcards","10":"first","11":"instock","12":"taxable","13":"shipping-taxable","14":"purchasable","15":"product-type-simple"},"gallery_images":[71099],"_links":{"self":[{"href":"https:\/\/popcards.nl\/fr\/wp-json\/wp\/v2\/product\/299","targetHints":{"allow":["GET"]}}],"collection":[{"href":"https:\/\/popcards.nl\/fr\/wp-json\/wp\/v2\/product"}],"about":[{"href":"https:\/\/popcards.nl\/fr\/wp-json\/wp\/v2\/types\/product"}],"replies":[{"embeddable":true,"href":"https:\/\/popcards.nl\/fr\/wp-json\/wp\/v2\/comments?post=299"}],"wp:featuredmedia":[{"embeddable":true,"href":"https:\/\/popcards.nl\/fr\/wp-json\/wp\/v2\/media\/246"}],"wp:attachment":[{"href":"https:\/\/popcards.nl\/fr\/wp-json\/wp\/v2\/media?parent=299"}],"wp:term":[{"taxonomy":"product_brand","embeddable":true,"href":"https:\/\/popcards.nl\/fr\/wp-json\/wp\/v2\/product_brand?post=299"},{"taxonomy":"product_cat","embeddable":true,"href":"https:\/\/popcards.nl\/fr\/wp-json\/wp\/v2\/product_cat?post=299"},{"taxonomy":"product_tag","embeddable":true,"href":"https:\/\/popcards.nl\/fr\/wp-json\/wp\/v2\/product_tag?post=299"}],"curies":[{"name":"wp","href":"https:\/\/api.w.org\/{rel}","templated":true}]}}