{"id":32721,"date":"2021-10-17T13:32:10","date_gmt":"2021-10-17T11:32:10","guid":{"rendered":"https:\/\/popcards.nl\/?post_type=product&#038;p=32721"},"modified":"2026-04-16T10:45:09","modified_gmt":"2026-04-16T08:45:09","slug":"carte-pop-up-panier-bouquet-clematite-fleur","status":"publish","type":"product","link":"https:\/\/popcards.nl\/fr\/product\/bloemenmand-boeket-clematis-pop-up-kaart\/","title":{"rendered":"Panier de fleurs bouquet m\u00e9lang\u00e9 Carte pop-up Cl\u00e9matite"},"content":{"rendered":"<p>Carte de fleurs Bouquet mixte. Un panier en osier plein de fleurs aux couleurs douces et aux formes diff\u00e9rentes. Dans le coin de la carte une petite illustration Cl\u00e9matite. Le devant rouge pourpre contient \u00e9galement un si beau bouquet. Ce bouquet est imprim\u00e9 s\u00e9par\u00e9ment, finement d\u00e9coup\u00e9 au laser et coll\u00e9 sur le devant, ce qui donne un effet sp\u00e9cial. Vous \u00eates heureux d&#039;envoyer un tel bouquet m\u00e9lang\u00e9 \u00e0 un anniversaire ou \u00e0 une personne sympathique. Mais cette carte peut \u00e9galement \u00eatre utilis\u00e9e pour le r\u00e9tablissement, le r\u00e9confort ou les condol\u00e9ances gr\u00e2ce aux couleurs distingu\u00e9es appliqu\u00e9es. Dites-le avec des fleurs ! Nous avons beaucoup plus de cartes pop-up de fleurs.<\/p>\n<p>Taille de la carte 30 \u00d7 15 cm, pli\u00e9e en 15 \u00d7 15 cm.<br \/>\nY compris enveloppe assortie, emball\u00e9e dans un sac de cellophane.<\/p>","protected":false},"excerpt":{"rendered":"<p>Bloemenkaart Gemengd boeket. Een rieten mandje vol bloemen in zachte kleuren en verschillende vormen. In de hoek van de kaart een kleine Clematis illustratie. De paars-rode voorkant bevat ook al zo\u2019n fraai boeket. Dit boeket is apart gedrukt, met de laser fijn uitgesneden en op de voorkant geplakt, wat een bijzonder effect geeft. Zo\u2019n gemengd [&hellip;]<\/p>\n","protected":false},"featured_media":32714,"comment_status":"open","ping_status":"closed","template":"","meta":{"_iconic_wsb_product_page_order_bump_ids":[[]],"_sku":["8785253683805"],"_iconic_wsb_product_page_bump_modal_ids":[[]]},"product_brand":[],"product_cat":[47,78],"product_tag":[253,48,252],"class_list":{"0":"post-32721","1":"product","2":"type-product","3":"status-publish","4":"has-post-thumbnail","6":"product_cat-bloemen-bloemenkaarten-wenskaarten","7":"product_cat-beterschapskaarten-troostkaarten-condoleancekaarten","8":"product_tag-beterschap","9":"product_tag-bloemen","10":"product_tag-troost","11":"pa_brand-popcards","13":"first","14":"instock","15":"taxable","16":"shipping-taxable","17":"purchasable","18":"product-type-simple"},"gallery_images":[77331],"_links":{"self":[{"href":"https:\/\/popcards.nl\/fr\/wp-json\/wp\/v2\/product\/32721","targetHints":{"allow":["GET"]}}],"collection":[{"href":"https:\/\/popcards.nl\/fr\/wp-json\/wp\/v2\/product"}],"about":[{"href":"https:\/\/popcards.nl\/fr\/wp-json\/wp\/v2\/types\/product"}],"replies":[{"embeddable":true,"href":"https:\/\/popcards.nl\/fr\/wp-json\/wp\/v2\/comments?post=32721"}],"wp:featuredmedia":[{"embeddable":true,"href":"https:\/\/popcards.nl\/fr\/wp-json\/wp\/v2\/media\/32714"}],"wp:attachment":[{"href":"https:\/\/popcards.nl\/fr\/wp-json\/wp\/v2\/media?parent=32721"}],"wp:term":[{"taxonomy":"product_brand","embeddable":true,"href":"https:\/\/popcards.nl\/fr\/wp-json\/wp\/v2\/product_brand?post=32721"},{"taxonomy":"product_cat","embeddable":true,"href":"https:\/\/popcards.nl\/fr\/wp-json\/wp\/v2\/product_cat?post=32721"},{"taxonomy":"product_tag","embeddable":true,"href":"https:\/\/popcards.nl\/fr\/wp-json\/wp\/v2\/product_tag?post=32721"}],"curies":[{"name":"wp","href":"https:\/\/api.w.org\/{rel}","templated":true}]}}