{"id":32900,"date":"2021-10-20T22:24:38","date_gmt":"2021-10-20T20:24:38","guid":{"rendered":"https:\/\/popcards.nl\/?post_type=product&#038;p=32900"},"modified":"2025-12-24T18:27:23","modified_gmt":"2025-12-24T17:27:23","slug":"joyeux-santa-cadeau-pop-up-carte-de-noel","status":"publish","type":"product","link":"https:\/\/popcards.nl\/fr\/product\/vrolijke-kerstman-cadeau-pop-up-kerstkaart\/","title":{"rendered":"Carte de No\u00ebl Joyeux P\u00e8re No\u00ebl avec carte pop-up cadeaux"},"content":{"rendered":"<p>Carte de No\u00ebl Pop-up 3D du P\u00e8re No\u00ebl avec des cadeaux. Quelle joyeuse carte de No\u00ebl ! Le P\u00e8re No\u00ebl saute de l&#039;un des cadeaux joliment emball\u00e9s avec un sourire lorsque vous ouvrez la carte. Cela promet quelque chose sous le sapin de No\u00ebl. Le devant a un beau souhait de No\u00ebl d\u00e9coup\u00e9.<\/p>\n<p>Existe aussi en grand tirage. <a href=\"https:\/\/popcards.nl\/fr\/categorie\/les-10-plus-belles-cartes-de-noel\/\">Popcards a beaucoup plus de cartes de No\u00ebl pop-up amusantes.<\/a><\/p>\n<p>Format carte 30 \u00d7 15 cm, pli\u00e9e en 15 \u00d7 15 cm.<br \/>\nY compris enveloppe assortie, emball\u00e9e dans un sac de cellophane.<\/p>","protected":false},"excerpt":{"rendered":"<p>3D Pop-up Kerstkaart van Kerstman met cadeaus. Wat een vrolijke kerstkaart! De kerstman springt lachend uit een van de mooi ingepakte cadeautjes als je de kaart opent. Dat belooft wat voor onder de kerstboom. De voorkant heeft een mooie uitgesneden kerstwens. Ook in grote oplage verkrijgbaar. Popcards heeft nog veel meer leuke pop-up kerstkaarten. Kaartformaat [&hellip;]<\/p>\n","protected":false},"featured_media":32906,"comment_status":"open","ping_status":"closed","template":"","meta":{"_iconic_wsb_product_page_order_bump_ids":[[]],"_sku":["8785253683010"],"_iconic_wsb_product_page_bump_modal_ids":[[]]},"product_brand":[],"product_cat":[79],"product_tag":[131],"class_list":{"0":"post-32900","1":"product","2":"type-product","3":"status-publish","4":"has-post-thumbnail","6":"product_cat-de-top-10-mooiste-kerstkaarten","7":"product_tag-kerst","8":"pa_brand-popcards","10":"first","11":"instock","12":"taxable","13":"shipping-taxable","14":"purchasable","15":"product-type-simple"},"gallery_images":[76025],"_links":{"self":[{"href":"https:\/\/popcards.nl\/fr\/wp-json\/wp\/v2\/product\/32900","targetHints":{"allow":["GET"]}}],"collection":[{"href":"https:\/\/popcards.nl\/fr\/wp-json\/wp\/v2\/product"}],"about":[{"href":"https:\/\/popcards.nl\/fr\/wp-json\/wp\/v2\/types\/product"}],"replies":[{"embeddable":true,"href":"https:\/\/popcards.nl\/fr\/wp-json\/wp\/v2\/comments?post=32900"}],"wp:featuredmedia":[{"embeddable":true,"href":"https:\/\/popcards.nl\/fr\/wp-json\/wp\/v2\/media\/32906"}],"wp:attachment":[{"href":"https:\/\/popcards.nl\/fr\/wp-json\/wp\/v2\/media?parent=32900"}],"wp:term":[{"taxonomy":"product_brand","embeddable":true,"href":"https:\/\/popcards.nl\/fr\/wp-json\/wp\/v2\/product_brand?post=32900"},{"taxonomy":"product_cat","embeddable":true,"href":"https:\/\/popcards.nl\/fr\/wp-json\/wp\/v2\/product_cat?post=32900"},{"taxonomy":"product_tag","embeddable":true,"href":"https:\/\/popcards.nl\/fr\/wp-json\/wp\/v2\/product_tag?post=32900"}],"curies":[{"name":"wp","href":"https:\/\/api.w.org\/{rel}","templated":true}]}}