{"id":33588,"date":"2021-11-08T10:31:57","date_gmt":"2021-11-08T09:31:57","guid":{"rendered":"https:\/\/popcards.nl\/?post_type=product&#038;p=33588"},"modified":"2026-05-04T19:39:03","modified_gmt":"2026-05-04T17:39:03","slug":"velociraptor-carte-pop-up-dinosaure-raptor","status":"publish","type":"product","link":"https:\/\/popcards.nl\/fr\/product\/velociraptor-pop-up-kaart-dinosaurus-raptor\/","title":{"rendered":"Velociraptor Pop Up Card Dinosaure Raptor 3D Carte de voeux"},"content":{"rendered":"<p>Le Velociraptor est tr\u00e8s intelligent, le saviez-vous ? Fais attention! Une carte de voeux pop-up passionnante pour tous les amoureux de la pr\u00e9histoire. <a href=\"https:\/\/popcards.nl\/fr\/balise-product\/parc-jurassique\/\">Nous avons encore plus de cartes de visite pour les dinosaures.<\/a><\/p>\n<p>Format carte 17 \u00d7 24 cm, pli\u00e9 en 17 \u00d7 12 cm.<br \/>\nY compris enveloppe vierge assortie, emball\u00e9e dans un sac en cellophane.<\/p>\n<div class=\"only_mobile\"><strong>Offrir<\/strong>: Au total, il y a 5 Popcards de dinosaures diff\u00e9rentes \u00e0 commander. Commandez les 5 et vous recevrez GRATUITEMENT une 6\u00e8me Popcard dinosaure exclusive ! De plus, la promotion 4+1 gratuite s&#039;applique \u00e9galement, c&#039;est donc (au moins) 2 Popcards en cadeau. <a href=\"https:\/\/popcards.nl\/fr\/panier\/?fill_cart=33588,17070,14387,14384,1143\">Cliquez ici pour commander ce pack de r\u00e9duction.<\/a><\/div>\n<h4>V\u00e9lociraptor (Raptor)<\/h4>\n<p>Velociraptor est un genre de dinosaures th\u00e9ropodes carnivores qui vivaient dans la r\u00e9gion de la Mongolie actuelle \u00e0 la fin du Cr\u00e9tac\u00e9, il y a environ 75 millions d&#039;ann\u00e9es. Son nom signifie &quot;voleur rapide&quot;. Douze sp\u00e9cimens de Velociraptor ont \u00e9t\u00e9 fouill\u00e9s, dont certains assez complets, afin que les scientifiques puissent se faire une bonne id\u00e9e de l&#039;apparence de l&#039;animal.<\/p>\n<p>Sur son pied, il portait une griffe \u00e9largie en forme de faucille, avec laquelle il pouvait infliger une piq\u00fbre mortelle \u00e0 des proies plus lourdes que lui, telles que <a href=\"https:\/\/en.wikipedia.org\/wiki\/Protoceratops\" target=\"_blank\" rel=\"noopener\">Protoc\u00e9ratops<\/a>. L&#039;un des fossiles les plus c\u00e9l\u00e8bres au monde se compose d&#039;un Velociraptor et d&#039;un Protoceratops qui ont \u00e9t\u00e9 enterr\u00e9s dans le sable et fossilis\u00e9s lors des combats.<\/p>","protected":false},"excerpt":{"rendered":"<p>De Velociraptor is reuzeslim, wist je dat? Kijk maar uit! Een spannende pop-up wenskaart voor alle liefhebbers van de prehistorie. We hebben nog meer dinosaurus popcards. Kaartformaat 17\u00d724 cm, gevouwen tot 17\u00d712 cm. Inclusief bijpassende blanco envelop, verpakt in cellofaan zakje. Aanbieding: Totaal zijn er 5 verschillende dinosaurus Popcards te bestellen. Bestel ze alle 5 [&hellip;]<\/p>\n","protected":false},"featured_media":34251,"comment_status":"open","ping_status":"closed","template":"","meta":{"_iconic_wsb_product_page_order_bump_ids":[[]],"_sku":["8785253684994"],"_iconic_wsb_product_page_bump_modal_ids":[[]]},"product_brand":[],"product_cat":[21],"product_tag":[115],"class_list":{"0":"post-33588","1":"product","2":"type-product","3":"status-publish","4":"has-post-thumbnail","6":"product_cat-dieren-dierenkaarten-wenskaarten","7":"product_tag-jurassic-park","8":"pa_brand-popcards","10":"first","11":"instock","12":"sale","13":"taxable","14":"shipping-taxable","15":"purchasable","16":"product-type-simple"},"gallery_images":[34250,76001],"_links":{"self":[{"href":"https:\/\/popcards.nl\/fr\/wp-json\/wp\/v2\/product\/33588","targetHints":{"allow":["GET"]}}],"collection":[{"href":"https:\/\/popcards.nl\/fr\/wp-json\/wp\/v2\/product"}],"about":[{"href":"https:\/\/popcards.nl\/fr\/wp-json\/wp\/v2\/types\/product"}],"replies":[{"embeddable":true,"href":"https:\/\/popcards.nl\/fr\/wp-json\/wp\/v2\/comments?post=33588"}],"wp:featuredmedia":[{"embeddable":true,"href":"https:\/\/popcards.nl\/fr\/wp-json\/wp\/v2\/media\/34251"}],"wp:attachment":[{"href":"https:\/\/popcards.nl\/fr\/wp-json\/wp\/v2\/media?parent=33588"}],"wp:term":[{"taxonomy":"product_brand","embeddable":true,"href":"https:\/\/popcards.nl\/fr\/wp-json\/wp\/v2\/product_brand?post=33588"},{"taxonomy":"product_cat","embeddable":true,"href":"https:\/\/popcards.nl\/fr\/wp-json\/wp\/v2\/product_cat?post=33588"},{"taxonomy":"product_tag","embeddable":true,"href":"https:\/\/popcards.nl\/fr\/wp-json\/wp\/v2\/product_tag?post=33588"}],"curies":[{"name":"wp","href":"https:\/\/api.w.org\/{rel}","templated":true}]}}