{"id":34545,"date":"2021-11-28T13:24:40","date_gmt":"2021-11-28T12:24:40","guid":{"rendered":"https:\/\/popcards.nl\/?post_type=product&#038;p=34545"},"modified":"2026-05-01T19:42:43","modified_gmt":"2026-05-01T17:42:43","slug":"cadeau-anniversaire-joyeux-anniversaire-boite-pop-up","status":"publish","type":"product","link":"https:\/\/popcards.nl\/fr\/product\/verjaardagscadeau-happy-birthday-pop-up-box\/","title":{"rendered":"Cadeau d&#039;anniversaire : Bo\u00eete surprise \u00ab Joyeux anniversaire \u00bb"},"content":{"rendered":"<p>Carte d&#039;anniversaire tr\u00e8s sp\u00e9ciale, cette joyeuse bo\u00eete pop-up avec un souhait d&#039;anniversaire. En fait un cadeau d&#039;anniversaire ! Tout sort de la bo\u00eete : un g\u00e2teau, des ballons, des glaces. Un ensemble joyeux, qui fait le bonheur du destinataire. Il ne s&#039;agit pas d&#039;une double carte pop-up, mais d&#039;une v\u00e9ritable bo\u00eete d\u00e9pliante. Simplement facile \u00e0 envoyer \u00e0 plat par la poste aux lettres.<\/p>\n<p>Le devant assorti avec un n\u0153ud dor\u00e9\/rouge s\u00e9par\u00e9 promet d\u00e9j\u00e0 beaucoup de plaisir sur le contenu. Mais une telle fen\u00eatre contextuelle surprend \u00e0 chaque fois lorsqu&#039;elle est ouverte. <a href=\"https:\/\/popcards.nl\/fr\/categorie\/cartes-de-felicitations-et-danniversaire\/\">Popcards a beaucoup plus de belles cartes de f\u00e9licitations pop-up.<\/a><\/p>\n<p>Format carte pli\u00e9e \u00e0 plat 15 \u00d7 15 cm.<br \/>\nY compris enveloppe assortie, emball\u00e9e dans un sac de cellophane.<\/p>","protected":false},"excerpt":{"rendered":"<p>Heel aparte verjaardagskaart, dit vrolijke pop-up doosje met verjaardagswens. Eigenlijk een verjaardagscadeau! Er komt van alles uit het doosje omhoog poppen: een taart, ballonnen, ijsjes. Een vrolijk geheel, daar wordt de ontvanger blij van. Dit is geen pop-up dubbele kaart, maar een echt uitklap doosje.\u00a0 Gewoon makkelijk plat te versturen met briefpost. De bijpassende voorkant [&hellip;]<\/p>\n","protected":false},"featured_media":34256,"comment_status":"open","ping_status":"closed","template":"","meta":{"_iconic_wsb_product_page_order_bump_ids":[[]],"_sku":["8785253685236"],"_iconic_wsb_product_page_bump_modal_ids":[[]]},"product_brand":[],"product_cat":[34],"product_tag":[137],"class_list":{"0":"post-34545","1":"product","2":"type-product","3":"status-publish","4":"has-post-thumbnail","6":"product_cat-felicitatie-verjaardag-verjaardagskaarten","7":"product_tag-verjaardag","8":"pa_brand-popcards","10":"first","11":"instock","12":"taxable","13":"shipping-taxable","14":"purchasable","15":"product-type-simple"},"gallery_images":[34255,70228],"_links":{"self":[{"href":"https:\/\/popcards.nl\/fr\/wp-json\/wp\/v2\/product\/34545","targetHints":{"allow":["GET"]}}],"collection":[{"href":"https:\/\/popcards.nl\/fr\/wp-json\/wp\/v2\/product"}],"about":[{"href":"https:\/\/popcards.nl\/fr\/wp-json\/wp\/v2\/types\/product"}],"replies":[{"embeddable":true,"href":"https:\/\/popcards.nl\/fr\/wp-json\/wp\/v2\/comments?post=34545"}],"wp:featuredmedia":[{"embeddable":true,"href":"https:\/\/popcards.nl\/fr\/wp-json\/wp\/v2\/media\/34256"}],"wp:attachment":[{"href":"https:\/\/popcards.nl\/fr\/wp-json\/wp\/v2\/media?parent=34545"}],"wp:term":[{"taxonomy":"product_brand","embeddable":true,"href":"https:\/\/popcards.nl\/fr\/wp-json\/wp\/v2\/product_brand?post=34545"},{"taxonomy":"product_cat","embeddable":true,"href":"https:\/\/popcards.nl\/fr\/wp-json\/wp\/v2\/product_cat?post=34545"},{"taxonomy":"product_tag","embeddable":true,"href":"https:\/\/popcards.nl\/fr\/wp-json\/wp\/v2\/product_tag?post=34545"}],"curies":[{"name":"wp","href":"https:\/\/api.w.org\/{rel}","templated":true}]}}