{"id":34591,"date":"2021-11-28T18:54:39","date_gmt":"2021-11-28T17:54:39","guid":{"rendered":"https:\/\/popcards.nl\/?post_type=product&#038;p=34591"},"modified":"2026-04-23T11:54:53","modified_gmt":"2026-04-23T09:54:53","slug":"bouquet-marguerites-panier-osier-carte-de-voeux","status":"publish","type":"product","link":"https:\/\/popcards.nl\/fr\/product\/boeket-margrieten-rieten-mandje-wenskaart\/","title":{"rendered":"Beau bouquet de marguerites color\u00e9es dans un panier en osier"},"content":{"rendered":"<p>Carte florale avec un bouquet de belles marguerites aux couleurs chaudes. Les fleurs sont gaies dans un panier en osier. Belles illustrations de Marguerite dans les coins de la carte. Un si beau bouquet sur le devant jaune dor\u00e9. Ce bouquet est imprim\u00e9 s\u00e9par\u00e9ment, finement d\u00e9coup\u00e9 au laser et coll\u00e9 sur le devant, ce qui donne un effet sp\u00e9cial. Vous \u00eates heureux d&#039;envoyer un tel bouquet m\u00e9lang\u00e9 \u00e0 un anniversaire ou \u00e0 une personne sympathique. Mais cette carte peut aussi \u00eatre utilis\u00e9e pour la r\u00e9cup\u00e9ration et le confort en raison des couleurs chaudes appliqu\u00e9es. Dites-le avec des fleurs ! <a href=\"https:\/\/popcards.nl\/fr\/categorie\/fleurs-cartes-de-voeux\/\">Nous avons beaucoup plus de cartes pop-up de fleurs.<\/a><\/p>\n<p>Taille de la carte 30 \u00d7 15 cm, pli\u00e9e en 15 \u00d7 15 cm.<br \/>\nY compris enveloppe assortie, emball\u00e9e dans un sac de cellophane.<\/p>","protected":false},"excerpt":{"rendered":"<p>Bloemenkaart met een boeket schitterende Margrieten in warme kleuren. De bloemen staan vrolijk in een rieten mandje. In de hoeken van de kaart een fraaie Margrieten illustraties. Op de goudgele voorkant ook al zo\u2019n fraai boeket. Dit boeket is apart gedrukt, met de laser fijn uitgesneden en op de voorkant geplakt, wat een bijzonder effect [&hellip;]<\/p>\n","protected":false},"featured_media":34584,"comment_status":"open","ping_status":"closed","template":"","meta":{"_iconic_wsb_product_page_order_bump_ids":[],"_sku":["8785253683706"],"_iconic_wsb_product_page_bump_modal_ids":[]},"product_brand":[],"product_cat":[47],"product_tag":[48],"class_list":{"0":"post-34591","1":"product","2":"type-product","3":"status-publish","4":"has-post-thumbnail","6":"product_cat-bloemen-bloemenkaarten-wenskaarten","7":"product_tag-bloemen","8":"pa_brand-popcards","10":"first","11":"instock","12":"taxable","13":"shipping-taxable","14":"purchasable","15":"product-type-simple"},"gallery_images":[],"_links":{"self":[{"href":"https:\/\/popcards.nl\/fr\/wp-json\/wp\/v2\/product\/34591","targetHints":{"allow":["GET"]}}],"collection":[{"href":"https:\/\/popcards.nl\/fr\/wp-json\/wp\/v2\/product"}],"about":[{"href":"https:\/\/popcards.nl\/fr\/wp-json\/wp\/v2\/types\/product"}],"replies":[{"embeddable":true,"href":"https:\/\/popcards.nl\/fr\/wp-json\/wp\/v2\/comments?post=34591"}],"wp:featuredmedia":[{"embeddable":true,"href":"https:\/\/popcards.nl\/fr\/wp-json\/wp\/v2\/media\/34584"}],"wp:attachment":[{"href":"https:\/\/popcards.nl\/fr\/wp-json\/wp\/v2\/media?parent=34591"}],"wp:term":[{"taxonomy":"product_brand","embeddable":true,"href":"https:\/\/popcards.nl\/fr\/wp-json\/wp\/v2\/product_brand?post=34591"},{"taxonomy":"product_cat","embeddable":true,"href":"https:\/\/popcards.nl\/fr\/wp-json\/wp\/v2\/product_cat?post=34591"},{"taxonomy":"product_tag","embeddable":true,"href":"https:\/\/popcards.nl\/fr\/wp-json\/wp\/v2\/product_tag?post=34591"}],"curies":[{"name":"wp","href":"https:\/\/api.w.org\/{rel}","templated":true}]}}