{"id":38897,"date":"2022-02-17T11:11:41","date_gmt":"2022-02-17T10:11:41","guid":{"rendered":"https:\/\/popcards.nl\/?post_type=product&#038;p=38897"},"modified":"2025-06-06T16:42:46","modified_gmt":"2025-06-06T14:42:46","slug":"carte-de-voeux-surprise-gratuite-avec-votre-commande-2","status":"publish","type":"product","link":"https:\/\/popcards.nl\/fr\/product\/gratis-verrassings-pop-up-wenskaart-voor-kinderen\/","title":{"rendered":"Carte-cadeau gratuite pour les enfants"},"content":{"rendered":"<p>Exclusivement pour les lecteurs de la newsletter. Avec votre commande, vous recevrez GRATUITEMENT une carte pop-up suppl\u00e9mentaire, sp\u00e9cialement destin\u00e9e aux enfants. Lequel est encore une surprise ! :-)<\/p>\n<p>Y compris enveloppe vierge assortie, emball\u00e9e dans un sac en cellophane.<\/p>","protected":false},"excerpt":{"rendered":"<p>Exclusief voor nieuwsbrieflezers. Je krijgt bij je bestelling GRATIS een extra pop-up kaart cadeau, speciaal voor kinderen. Welke dat is, dat is nog een verrassing! :-) Inclusief bijpassende blanco envelop, verpakt in cellofaan zakje.<\/p>","protected":false},"featured_media":38945,"comment_status":"closed","ping_status":"closed","template":"","meta":{"_iconic_wsb_product_page_order_bump_ids":[],"_sku":[],"_iconic_wsb_product_page_bump_modal_ids":[]},"product_brand":[],"product_cat":[16],"product_tag":[],"class_list":{"0":"post-38897","1":"product","2":"type-product","3":"status-publish","4":"has-post-thumbnail","6":"product_cat-geen-categorie","7":"pa_brand-popcards","9":"first","10":"instock","11":"sold-individually","12":"taxable","13":"shipping-taxable","14":"purchasable","15":"product-type-simple"},"gallery_images":[],"_links":{"self":[{"href":"https:\/\/popcards.nl\/fr\/wp-json\/wp\/v2\/product\/38897","targetHints":{"allow":["GET"]}}],"collection":[{"href":"https:\/\/popcards.nl\/fr\/wp-json\/wp\/v2\/product"}],"about":[{"href":"https:\/\/popcards.nl\/fr\/wp-json\/wp\/v2\/types\/product"}],"replies":[{"embeddable":true,"href":"https:\/\/popcards.nl\/fr\/wp-json\/wp\/v2\/comments?post=38897"}],"wp:featuredmedia":[{"embeddable":true,"href":"https:\/\/popcards.nl\/fr\/wp-json\/wp\/v2\/media\/38945"}],"wp:attachment":[{"href":"https:\/\/popcards.nl\/fr\/wp-json\/wp\/v2\/media?parent=38897"}],"wp:term":[{"taxonomy":"product_brand","embeddable":true,"href":"https:\/\/popcards.nl\/fr\/wp-json\/wp\/v2\/product_brand?post=38897"},{"taxonomy":"product_cat","embeddable":true,"href":"https:\/\/popcards.nl\/fr\/wp-json\/wp\/v2\/product_cat?post=38897"},{"taxonomy":"product_tag","embeddable":true,"href":"https:\/\/popcards.nl\/fr\/wp-json\/wp\/v2\/product_tag?post=38897"}],"curies":[{"name":"wp","href":"https:\/\/api.w.org\/{rel}","templated":true}]}}