{"id":41432,"date":"2022-05-02T22:06:38","date_gmt":"2022-05-02T20:06:38","guid":{"rendered":"https:\/\/popcards.nl\/?post_type=product&#038;p=41432"},"modified":"2025-10-08T12:19:30","modified_gmt":"2025-10-08T10:19:30","slug":"carte-de-mariage-carte-de-mariage-carte-pop-up","status":"publish","type":"product","link":"https:\/\/popcards.nl\/fr\/product\/trouwkaart-huwelijkskaart-pop-up-kaart\/","title":{"rendered":"Invitation de mariage color\u00e9e Carte de mariage pop-up"},"content":{"rendered":"<p>Carte romantique dans laquelle un homme et une femme montrent leur amour l&#039;un pour l&#039;autre. Ils se tiennent sous un \u00ab arbre de vie \u00bb color\u00e9 en forme de c\u0153ur, chaque couleur symbolisant un (futur) \u00e9v\u00e9nement de leur vie. La vie est pleine de surprises qu&#039;ils vivront ensemble. Le devant est argent\u00e9 chic et pr\u00e9sente une illustration de couleur cr\u00e8me joliment d\u00e9coup\u00e9e d&#039;un homme et d&#039;une femme parmi des fleurs de lupin. Vous pouvez utiliser cette Popcard comme faire-part pour votre mariage ou votre cohabitation. La carte de mariage peut \u00e9galement \u00eatre offerte au couple qui se marie ou emm\u00e9nage ensemble. Il y a une carte correspondante s\u00e9par\u00e9e sur laquelle vous pouvez \u00e9crire votre faire-part ou vos f\u00e9licitations.<\/p>\n<p><strong>\u00c9galement dans une \u00e9dition plus grande \u00e0 utiliser comme faire-part de mariage\/cohabitation.<\/strong><\/p>\n<p><a href=\"https:\/\/popcards.nl\/fr\/carte-de-voeux-2\/carte-de-mariage-pop-up-carte-de-mariage-argent\/\">Cette Popcard est \u00e9galement disponible dans une version plus classique, avec un couple de mari\u00e9s en robe\/costume de mari\u00e9e blanche et un devant argent\u00e9.<\/a> <a href=\"https:\/\/popcards.nl\/fr\/categorie\/se-marier-et-vivre-ensemble-et-invitations-de-mariage\/\">Nous avons \u00e9galement plus de cartes de mariage.<\/a><\/p>\n<p>Taille de la carte 30\u00d715 cm, pli\u00e9e \u00e0 15\u00d715 cm. Y compris une carte s\u00e9par\u00e9e 8 x 10,5 cm et une enveloppe assortie, emball\u00e9es dans un sac en cellophane.<\/p>","protected":false},"excerpt":{"rendered":"<p>Romantische kaart waarin een man en vrouw hun liefde voor elkaar tonen. Ze staan onder een kleurrijke \u201clevensboom\u201d in hartvorm waarvan elke kleur symbool staat voor een (toekomstige) gebeurtenis in hun leven. Het leven zit vol verrassingen, die ze samen gaan beleven. De voorkant is chique zilver en heeft een sfeervol uitgesneden cr\u00e8mekleurige illustratie van [&hellip;]<\/p>\n","protected":false},"featured_media":72933,"comment_status":"open","ping_status":"closed","template":"","meta":{"_iconic_wsb_product_page_order_bump_ids":[[]],"_sku":["8785253684987"],"_iconic_wsb_product_page_bump_modal_ids":[[]]},"product_brand":[],"product_cat":[28,27],"product_tag":[94],"class_list":{"0":"post-41432","1":"product","2":"type-product","3":"status-publish","4":"has-post-thumbnail","6":"product_cat-trouwen-samenwonen-trouwkaarten","7":"product_cat-liefde-liefdeskaarten-valentijnskaarten","8":"product_tag-huwelijk","9":"pa_brand-popcards","11":"first","12":"outofstock","13":"taxable","14":"shipping-taxable","15":"purchasable","16":"product-type-simple"},"gallery_images":[41437],"_links":{"self":[{"href":"https:\/\/popcards.nl\/fr\/wp-json\/wp\/v2\/product\/41432","targetHints":{"allow":["GET"]}}],"collection":[{"href":"https:\/\/popcards.nl\/fr\/wp-json\/wp\/v2\/product"}],"about":[{"href":"https:\/\/popcards.nl\/fr\/wp-json\/wp\/v2\/types\/product"}],"replies":[{"embeddable":true,"href":"https:\/\/popcards.nl\/fr\/wp-json\/wp\/v2\/comments?post=41432"}],"wp:featuredmedia":[{"embeddable":true,"href":"https:\/\/popcards.nl\/fr\/wp-json\/wp\/v2\/media\/72933"}],"wp:attachment":[{"href":"https:\/\/popcards.nl\/fr\/wp-json\/wp\/v2\/media?parent=41432"}],"wp:term":[{"taxonomy":"product_brand","embeddable":true,"href":"https:\/\/popcards.nl\/fr\/wp-json\/wp\/v2\/product_brand?post=41432"},{"taxonomy":"product_cat","embeddable":true,"href":"https:\/\/popcards.nl\/fr\/wp-json\/wp\/v2\/product_cat?post=41432"},{"taxonomy":"product_tag","embeddable":true,"href":"https:\/\/popcards.nl\/fr\/wp-json\/wp\/v2\/product_tag?post=41432"}],"curies":[{"name":"wp","href":"https:\/\/api.w.org\/{rel}","templated":true}]}}