{"id":44351,"date":"2022-07-27T13:41:19","date_gmt":"2022-07-27T11:41:19","guid":{"rendered":"https:\/\/popcards.nl\/?post_type=product&#038;p=44351"},"modified":"2026-03-18T10:40:52","modified_gmt":"2026-03-18T09:40:52","slug":"anniversaire-21-ans-joyeux-anniversaire-felicitations-pop-up-carte-de-voeux-2","status":"publish","type":"product","link":"https:\/\/popcards.nl\/fr\/product\/21-jaar-happy-birthday-pop-up-verjaardagskaart\/","title":{"rendered":"Anniversaire 21 ans Joyeux anniversaire F\u00e9licitation Pop Up Carte de v\u0153ux"},"content":{"rendered":"<p><strong>Joyeux 21\u00e8me anniversaire! Carte de 21 ans avec de gros chiffres. <\/strong>Hourra, anniversaire\u00a0! Alors cette belle Popcard color\u00e9e est un cadeau sp\u00e9cial et surprenant. Apr\u00e8s tout, vous n&#039;avez pas une seconde chance de f\u00eater vos 21 ans. <a href=\"https:\/\/popcards.nl\/fr\/product\/carte-de-voeux-anniversaire-40-ans-pop-up\/\">Nous avons \u00e9galement une Popcard de 40 ans<\/a>. <a href=\"https:\/\/popcards.nl\/fr\/product\/anniversaire-anniversaire-50-ans-carte-de-voeux-pop-up\/\">Nous avons \u00e9galement une Popcard de 50 ans<\/a>.\u00a0<a href=\"https:\/\/popcards.nl\/fr\/product\/anniversaire-anniversaire-60-ans-carte-de-voeux-pop-up\/\">Aussi une Popcard de 60 ans<\/a>.\u00a0<a href=\"https:\/\/popcards.nl\/fr\/categorie\/cartes-de-felicitations-et-danniversaire\/\">Et bien d&#039;autres cartes de f\u00e9licitations et d&#039;anniversaire!<\/a><\/p>\n<p>Taille de la carte 24 x 17 cm, pli\u00e9e en 12 x 17 cm.<\/p>\n<p>Y compris enveloppe vierge assortie, emball\u00e9e dans un sac en cellophane.<\/p>","protected":false},"excerpt":{"rendered":"<p>Happy 21th birthday!\u00a0 21 jaar kaart met grote cijfers. Hoera, jarig! Dan is deze mooie kleurrijke Popcard een bijzonder en verrassend cadeautje. Je krijgt tenslotte geen tweede kans om 21 jaar te vieren. We hebben ook een 40 jaar Popcard. We hebben ook een 50 jaar Popcard.\u00a0Tevens een 60 jaar Popcard.\u00a0En nog veel meer felicitatiekaarten [&hellip;]<\/p>\n","protected":false},"featured_media":44260,"comment_status":"open","ping_status":"closed","template":"","meta":{"_iconic_wsb_product_page_order_bump_ids":[[]],"_sku":["8785253683843"],"_iconic_wsb_product_page_bump_modal_ids":[[]]},"product_brand":[],"product_cat":[34],"product_tag":[242,137],"class_list":{"0":"post-44351","1":"product","2":"type-product","3":"status-publish","4":"has-post-thumbnail","6":"product_cat-felicitatie-verjaardag-verjaardagskaarten","7":"product_tag-jubileum","8":"product_tag-verjaardag","9":"pa_brand-popcards","11":"first","12":"outofstock","13":"taxable","14":"shipping-taxable","15":"purchasable","16":"product-type-simple"},"gallery_images":[86378],"_links":{"self":[{"href":"https:\/\/popcards.nl\/fr\/wp-json\/wp\/v2\/product\/44351","targetHints":{"allow":["GET"]}}],"collection":[{"href":"https:\/\/popcards.nl\/fr\/wp-json\/wp\/v2\/product"}],"about":[{"href":"https:\/\/popcards.nl\/fr\/wp-json\/wp\/v2\/types\/product"}],"replies":[{"embeddable":true,"href":"https:\/\/popcards.nl\/fr\/wp-json\/wp\/v2\/comments?post=44351"}],"wp:featuredmedia":[{"embeddable":true,"href":"https:\/\/popcards.nl\/fr\/wp-json\/wp\/v2\/media\/44260"}],"wp:attachment":[{"href":"https:\/\/popcards.nl\/fr\/wp-json\/wp\/v2\/media?parent=44351"}],"wp:term":[{"taxonomy":"product_brand","embeddable":true,"href":"https:\/\/popcards.nl\/fr\/wp-json\/wp\/v2\/product_brand?post=44351"},{"taxonomy":"product_cat","embeddable":true,"href":"https:\/\/popcards.nl\/fr\/wp-json\/wp\/v2\/product_cat?post=44351"},{"taxonomy":"product_tag","embeddable":true,"href":"https:\/\/popcards.nl\/fr\/wp-json\/wp\/v2\/product_tag?post=44351"}],"curies":[{"name":"wp","href":"https:\/\/api.w.org\/{rel}","templated":true}]}}